{"id":246022,"date":"2026-01-19T11:01:31","date_gmt":"2026-01-19T11:01:31","guid":{"rendered":"https:\/\/cyprusconferences.org\/aamas2026\/?page_id=246022"},"modified":"2026-03-16T16:46:33","modified_gmt":"2026-03-16T16:46:33","slug":"senior-pc","status":"publish","type":"page","link":"https:\/\/cyprusconferences.org\/aamas2026\/senior-pc\/","title":{"rendered":"Senior Programme Committee"},"content":{"rendered":"<p>[et_pb_section fb_built=&#8221;1&#8243; _builder_version=&#8221;4.27.4&#8243; _module_preset=&#8221;default&#8221; background_color=&#8221;rgba(0,0,0,0.43)&#8221; background_image=&#8221;https:\/\/cyprusconferences.org\/aamas2026\/wp-content\/uploads\/2023\/01\/pfo_aphrodites_rock_1112_02_ps_.jpg&#8221; background_size=&#8221;stretch&#8221; background_position=&#8221;bottom_left&#8221; background_blend=&#8221;overlay&#8221; min_height=&#8221;290px&#8221; custom_margin=&#8221;||-2px|||&#8221; custom_padding=&#8221;98px||0px|||&#8221; bottom_divider_style=&#8221;curve2&#8243; bottom_divider_color=&#8221;#FFFFFF&#8221; bottom_divider_height=&#8221;80px&#8221; bottom_divider_repeat=&#8221;1x&#8221; da_disable_devices=&#8221;off|off|off&#8221; box_shadow_style=&#8221;preset6&#8243; global_colors_info=&#8221;{}&#8221; da_is_popup=&#8221;off&#8221; da_exit_intent=&#8221;off&#8221; da_has_close=&#8221;on&#8221; da_alt_close=&#8221;off&#8221; da_dark_close=&#8221;off&#8221; da_not_modal=&#8221;on&#8221; da_is_singular=&#8221;off&#8221; da_with_loader=&#8221;off&#8221; da_has_shadow=&#8221;on&#8221;][et_pb_row _builder_version=&#8221;4.19.4&#8243; _module_preset=&#8221;default&#8221; background_enable_color=&#8221;off&#8221; custom_margin=&#8221;-30px|auto||auto||&#8221; custom_padding=&#8221;0px|||||&#8221; global_colors_info=&#8221;{}&#8221;][et_pb_column type=&#8221;4_4&#8243; _builder_version=&#8221;4.19.4&#8243; _module_preset=&#8221;default&#8221; global_colors_info=&#8221;{}&#8221;][dsm_text_divider header=&#8221;SENIOR PROGRAMME COMMITTEE&#8221; color=&#8221;#FFFFFF&#8221; _builder_version=&#8221;4.27.4&#8243; _module_preset=&#8221;default&#8221; header_level=&#8221;h1&#8243; header_text_color=&#8221;#FFFFFF&#8221; header_font_size=&#8221;40px&#8221; background_enable_color=&#8221;off&#8221; global_colors_info=&#8221;{}&#8221;][\/dsm_text_divider][\/et_pb_column][\/et_pb_row][\/et_pb_section][et_pb_section fb_built=&#8221;1&#8243; _builder_version=&#8221;4.27.4&#8243; _module_preset=&#8221;default&#8221; da_disable_devices=&#8221;off|off|off&#8221; global_colors_info=&#8221;{}&#8221; da_is_popup=&#8221;off&#8221; da_exit_intent=&#8221;off&#8221; da_has_close=&#8221;on&#8221; da_alt_close=&#8221;off&#8221; da_dark_close=&#8221;off&#8221; da_not_modal=&#8221;on&#8221; da_is_singular=&#8221;off&#8221; da_with_loader=&#8221;off&#8221; da_has_shadow=&#8221;on&#8221;][et_pb_row _builder_version=&#8221;4.27.4&#8243; _module_preset=&#8221;default&#8221; global_colors_info=&#8221;{}&#8221;][et_pb_column type=&#8221;4_4&#8243; _builder_version=&#8221;4.27.4&#8243; _module_preset=&#8221;default&#8221; global_colors_info=&#8221;{}&#8221;][et_pb_text _builder_version=&#8221;4.27.4&#8243; _module_preset=&#8221;default&#8221; global_colors_info=&#8221;{}&#8221;]<\/p>\n<h2>Program Committee<\/h2>\n<ul>\n<li><b>Alberto Quattrini Li<\/b>, Dartmouth College<\/li>\n<li><b>Alborz Geramifard<\/b>, Meta<\/li>\n<li><b>Alessandro Farinelli<\/b>, Universit\u00e0 degli Studi di Verona<\/li>\n<li><b>Alessandro Ricci<\/b>, University of Bologna<\/li>\n<li><b>Alexandre Pauchet<\/b>, Institut National des Sciences Appliqu\u00e9es de Rouen<\/li>\n<li><b>Alexis Drogoul<\/b>, IRD \/ TLU ACROSS International Joint Laboratory<\/li>\n<li><b>AndreA Orlandini<\/b>, CNR-ISTC<\/li>\n<li><b>Aniello Murano<\/b>, University of Naples Federico II<\/li>\n<li><b>Antonio Rago<\/b>, King&#8217;s College London, University of London<\/li>\n<li><b>Atrisha Sarkar<\/b>, University of Western Ontario<\/li>\n<li><b>Ayumi Igarashi<\/b>, The University of Tokyo<\/li>\n<li><b>Baoxiang Wang<\/b>, The Chinese University of Hong Kong, Shenzhen<\/li>\n<li><b>Carles Sierra<\/b>, Artificial Intelligence Research Institute, Spanish National Research Council<\/li>\n<li><b>Carlo Pinciroli<\/b>, Worcester Polytechnic Institute<\/li>\n<li><b>Carlos Eduardo Pantoja<\/b>, CEFET\/RJ<\/li>\n<li><b>Carmine Ventre<\/b>, King&#8217;s College London, University of London<\/li>\n<li><b>Charles Andrye Galvao Madeira<\/b>, Universidade Federal do Rio Grande do Norte<\/li>\n<li><b>Charles Lesire<\/b>, ONERA, University of Toulouse<\/li>\n<li><b>Christian Muise<\/b>, Queens University<\/li>\n<li><b>Daniel Hennes<\/b>, Google DeepMind<\/li>\n<li><b>Davide Grossi<\/b>, University of Amsterdam<\/li>\n<li><b>Dominik Peters<\/b>, CNRS<\/li>\n<li><b>Dor Atzmon<\/b>, Bar-Ilan University<\/li>\n<li><b>Edith Elkind<\/b>, Northwestern University<\/li>\n<li><b>Elsy Kaddoum<\/b>, Universit\u00e9 de Toulouse 2<\/li>\n<li><b>Emiliano Lorini<\/b>, Toulouse University<\/li>\n<li><b>Enrico Scala<\/b>, University of Brescia<\/li>\n<li><b>Erel Segal-Halevi<\/b>, Ariel University Center of Samaria<\/li>\n<li><b>Evangelos Markakis<\/b>, Athens University of Economics and Business (AUEB)<\/li>\n<li><b>Fabien Michel<\/b>, LIRMM<\/li>\n<li><b>Fabio Patrizi<\/b>, University of Roma &#8220;La Sapienza&#8221;<\/li>\n<li><b>Felipe Meneguzzi<\/b>, University of Aberdeen<\/li>\n<li><b>Francesca Rossi<\/b>, International Business Machines<\/li>\n<li><b>Francesco Amigoni<\/b>, Politecnico di Milano<\/li>\n<li><b>Gerardo Simari<\/b>, Universidad Nacional del Sur<\/li>\n<li><b>Gianpiero Monaco<\/b>, University of Chieti-Pescara<\/li>\n<li><b>Giovanni Beltrame<\/b>, Polytechnique Montreal<\/li>\n<li><b>Giovanni Ciatto<\/b>, Alma Mater Studiorum \u2014 Universit\u00e0 di Bologna<\/li>\n<li><b>Giuseppe Perelli<\/b>, University of Roma &#8220;La Sapienza&#8221;<\/li>\n<li><b>Giuseppe Vizzari<\/b>, University of Milan &#8211; Bicocca<\/li>\n<li><b>Guni Sharon<\/b>, Texas A&amp;M<\/li>\n<li><b>Haifeng Chen<\/b>, NEC-Labs<\/li>\n<li><b>Haifeng Zhang<\/b>, Institute of Automation, Chinese Academy of Sciences<\/li>\n<li><b>Hau Chan<\/b>, University of Nebraska, Lincoln<\/li>\n<li><b>Jiaoyang Li<\/b>, Carnegie Mellon University<\/li>\n<li><b>Jiuchuan Jiang<\/b>, Nanjing University of Finance and Economics<\/li>\n<li><b>Joana Campos<\/b>, Instituto Superior T\u00e9cnico<\/li>\n<li><b>Jomi Fred Hubner<\/b>, Universidade Federal de Santa Catarina<\/li>\n<li><b>Juan Antonio Rodriguez Aguilar<\/b>, Spanish National Research Council<\/li>\n<li><b>Julian Padget<\/b>, University of Bath<\/li>\n<li><b>Junchi Yan<\/b>, Shanghai Jiao Tong University<\/li>\n<li><b>K. Brent Venable<\/b>, University of West Florida<\/li>\n<li><b>Laura M. Hiatt<\/b>, US Naval Research Lab<\/li>\n<li><b>Laurent Perrussel<\/b>, Universit\u00e9 Toulouse Capitole<\/li>\n<li><b>Lirong Xia<\/b>, Rutgers University<\/li>\n<li><b>Lo\u00efs Vanh\u00e9e<\/b>, Umea University<\/li>\n<li><b>Luis Antunes<\/b>, Faculdade de Ci\u00eancias da Universidade de Lisboa<\/li>\n<li><b>Luis Gustavo Nardin<\/b>, \u00c9cole Nationale Sup\u00e9rieure des Mines de Saint-\u00c9tienne<\/li>\n<li><b>Manuela Veloso<\/b>, Carnegie Mellon University<\/li>\n<li><b>Marc Lanctot<\/b>, Google DeepMind<\/li>\n<li><b>Marco Maratea<\/b>, University of Calabria<\/li>\n<li><b>Martin Bullinger<\/b>, University of Bristol<\/li>\n<li><b>Mauro Vallati<\/b>, University of Huddersfield<\/li>\n<li><b>Meng Fang<\/b>, University of Liverpool<\/li>\n<li><b>Michael Winikoff<\/b>, Victoria University of Wellington<\/li>\n<li><b>Nadia Abchiche-Mimouni<\/b>, Universit\u00e9 C\u00f4te d&#8217;Azur<\/li>\n<li><b>Natasha Alechina<\/b>, Open University of the Netherlands<\/li>\n<li><b>Neil Yorke-Smith<\/b>, Delft University of Technology<\/li>\n<li><b>Trong Nghia Hoang<\/b>, Washington State University<\/li>\n<li><b>Nicholas Mattei<\/b>, Tulane University<\/li>\n<li><b>Nick Gravin<\/b>, Shanghai University of Finance and Economics<\/li>\n<li><b>Nicolas Maudet<\/b>, Sorbonne Universit\u00e9 &#8211; Facult\u00e9 des Sciences (Paris VI)<\/li>\n<li><b>Nimrod Talmon<\/b>, Ben Gurion University of the Negev<\/li>\n<li><b>Paolo Turrini<\/b>, University of Warwick<\/li>\n<li><b>Pascal Lenzner<\/b>, University of Augsburg<\/li>\n<li><b>Pascal Bercher<\/b>, Australian National University<\/li>\n<li><b>Paul Weng<\/b>, Duke Kunshan University<\/li>\n<li><b>Pinar Yolum<\/b>, Utrecht University<\/li>\n<li><b>Pradeep K. Murukannaiah<\/b>, Delft University of Technology<\/li>\n<li><b>Qi Qi<\/b>, Renmin University of China<\/li>\n<li><b>Cheems Wang<\/b>, Tsinghua University<\/li>\n<li><b>Rafael C. Cardoso<\/b>, University of Aberdeen<\/li>\n<li><b>Rafik Hadfi<\/b>, Kyoto University<\/li>\n<li><b>Rakshit Trivedi<\/b>, Massachusetts Institute of Technology<\/li>\n<li><b>Reshef Meir<\/b>, Technion<\/li>\n<li><b>Robert Bredereck<\/b>, Technische Universit\u00e4t Clausthal<\/li>\n<li><b>Runzhong Wang<\/b>, Massachusetts Institute of Technology<\/li>\n<li><b>Sarath Sreedharan<\/b>, Colorado State University<\/li>\n<li><b>Sebastian Rodriguez<\/b>, Royal Melbourne Institute of Technology<\/li>\n<li><b>Seth Frey<\/b>, University of California, Davis<\/li>\n<li><b>Shahaf S. Shperberg<\/b>, Ben-Gurion University of the Negev<\/li>\n<li><b>Shiwali Mohan<\/b>, Toyota Research Institute<\/li>\n<li><b>Shuyue Hu<\/b>, Shanghai Artificial Intelligence Laboratory<\/li>\n<li><b>Surangika Ranathunga<\/b>, Massey University<\/li>\n<li><b>Tal Kachman<\/b>, Radboud University Nijmegen<\/li>\n<li><b>Tapomayukh Bhattacharjee<\/b>, Cornell University<\/li>\n<li><b>Terry R. Payne<\/b>, University of Liverpool<\/li>\n<li><b>Thanh Nguyen-Tang<\/b>, New Jersey Institute of Technology<\/li>\n<li><b>Thieu Vo<\/b>, National University of Singapore<\/li>\n<li><b>Thommen George Karimpanal<\/b>, Deakin University<\/li>\n<li><b>Ulle Endriss<\/b>, University of Amsterdam<\/li>\n<li><b>Vadim Malvone<\/b>, T\u00e9l\u00e9com Paris<\/li>\n<li><b>Victor Sanchez-Anguix<\/b>, Universidad Polit\u00e9cnica de Valencia<\/li>\n<li><b>Wei Wei<\/b>, Shanxi University<\/li>\n<li><b>Weihua Li<\/b>, Auckland University of Technology<\/li>\n<li><b>William Yeoh<\/b>, Washington University, Saint Louis<\/li>\n<li><b>Xiaowei Wu<\/b>, University of Macau<\/li>\n<li><b>Ying Wen<\/b>, Shanghai Jiao Tong University<\/li>\n<li><b>Yuanheng Zhu<\/b>, Institute of Automation, Chinese Academy of Sciences<\/li>\n<li><b>Zhi Wang<\/b>, Nanjing University<\/li>\n<li><b>Zinovi Rabinovich<\/b>, Carleton University<\/li>\n<li><b>Zoi Terzopoulou<\/b>, Universit\u00e9 Jean Monnet<\/li>\n<li><b>Qichao Zhang<\/b>, Institute of Automation, Chinese Academy of Sciences<\/li>\n<\/ul>\n<p>[\/et_pb_text][\/et_pb_column][\/et_pb_row][\/et_pb_section]<\/p>\n","protected":false},"excerpt":{"rendered":"<p><div class=\"et_pb_module dsm_text_divider dsm_text_divider_0\">\n\t\t\t\t\n\t\t\t\t\n\t\t\t\t\n\t\t\t\t\n\t\t\t\t\n\t\t\t\t\n\t\t\t\t<div class=\"et_pb_module_inner\">\n\t\t\t\t\t<div class=\"dsm-text-divider-wrapper dsm-text-divider-align-center et_pb_bg_layout_light\">\n\t\t\t\t\n\t\t\t\t\n\t\t\t\t<div class=\"dsm-text-divider-before dsm-divider\"><\/div>\n\t\t\t\t<h1 class=\"dsm-text-divider-header et_pb_module_header\"><span>SENIOR PROGRAMME COMMITTEE<\/span><\/h1>\n\t\t\t\t<div class=\"dsm-text-divider-after dsm-divider\"><\/div>\n\t\t\t<\/div>\n\t\t\t\t<\/div>\n\t\t\t<\/div>Program Committee Alberto Quattrini Li, Dartmouth College Alborz Geramifard, Meta Alessandro Farinelli, Universit\u00e0 degli Studi di Verona Alessandro Ricci, University of Bologna Alexandre Pauchet, Institut National des Sciences Appliqu\u00e9es de Rouen Alexis Drogoul, IRD \/ TLU ACROSS International Joint Laboratory AndreA Orlandini, CNR-ISTC Aniello Murano, University of Naples Federico II Antonio Rago, King&#8217;s College London, University of London Atrisha Sarkar, University of Western Ontario Ayumi Igarashi, The University of Tokyo Baoxiang Wang, The Chinese University of Hong Kong, Shenzhen Carles Sierra, Artificial Intelligence Research Institute, Spanish National Research Council Carlo Pinciroli, Worcester Polytechnic Institute Carlos Eduardo Pantoja, CEFET\/RJ Carmine Ventre, King&#8217;s College London, University of London Charles Andrye Galvao Madeira, Universidade Federal do Rio Grande do Norte Charles Lesire, ONERA, University of Toulouse Christian Muise, Queens University Daniel Hennes, Google DeepMind Davide Grossi, University of Amsterdam Dominik Peters, CNRS Dor Atzmon, Bar-Ilan University Edith Elkind, Northwestern University Elsy Kaddoum, Universit\u00e9 de Toulouse 2 Emiliano Lorini, Toulouse University Enrico Scala, University of Brescia Erel Segal-Halevi, Ariel University Center of Samaria Evangelos Markakis, Athens University of Economics and Business (AUEB) Fabien Michel, LIRMM Fabio Patrizi, University of Roma &#8220;La Sapienza&#8221; Felipe [&hellip;]<\/p>\n","protected":false},"author":9,"featured_media":0,"parent":0,"menu_order":0,"comment_status":"closed","ping_status":"closed","template":"","meta":{"_et_pb_use_builder":"on","_et_pb_old_content":"","_et_gb_content_width":"","footnotes":""},"class_list":["post-246022","page","type-page","status-publish","hentry"],"_links":{"self":[{"href":"https:\/\/cyprusconferences.org\/aamas2026\/wp-json\/wp\/v2\/pages\/246022","targetHints":{"allow":["GET"]}}],"collection":[{"href":"https:\/\/cyprusconferences.org\/aamas2026\/wp-json\/wp\/v2\/pages"}],"about":[{"href":"https:\/\/cyprusconferences.org\/aamas2026\/wp-json\/wp\/v2\/types\/page"}],"author":[{"embeddable":true,"href":"https:\/\/cyprusconferences.org\/aamas2026\/wp-json\/wp\/v2\/users\/9"}],"replies":[{"embeddable":true,"href":"https:\/\/cyprusconferences.org\/aamas2026\/wp-json\/wp\/v2\/comments?post=246022"}],"version-history":[{"count":4,"href":"https:\/\/cyprusconferences.org\/aamas2026\/wp-json\/wp\/v2\/pages\/246022\/revisions"}],"predecessor-version":[{"id":246188,"href":"https:\/\/cyprusconferences.org\/aamas2026\/wp-json\/wp\/v2\/pages\/246022\/revisions\/246188"}],"wp:attachment":[{"href":"https:\/\/cyprusconferences.org\/aamas2026\/wp-json\/wp\/v2\/media?parent=246022"}],"curies":[{"name":"wp","href":"https:\/\/api.w.org\/{rel}","templated":true}]}}