{"id":246270,"date":"2026-04-16T09:49:08","date_gmt":"2026-04-16T09:49:08","guid":{"rendered":"https:\/\/cyprusconferences.org\/aamas2026\/?page_id=246270"},"modified":"2026-04-16T09:49:38","modified_gmt":"2026-04-16T09:49:38","slug":"aaai-accepted","status":"publish","type":"page","link":"https:\/\/cyprusconferences.org\/aamas2026\/aaai-accepted\/","title":{"rendered":"AAAI Accepted"},"content":{"rendered":"<p>[et_pb_section fb_built=&#8221;1&#8243; _builder_version=&#8221;4.27.4&#8243; _module_preset=&#8221;default&#8221; background_color=&#8221;rgba(0,0,0,0.43)&#8221; background_image=&#8221;https:\/\/cyprusconferences.org\/aamas2026\/wp-content\/uploads\/2023\/01\/pfo_aphrodites_rock_1112_02_ps_.jpg&#8221; background_size=&#8221;stretch&#8221; background_position=&#8221;bottom_left&#8221; background_blend=&#8221;overlay&#8221; min_height=&#8221;290px&#8221; custom_margin=&#8221;||22px|||&#8221; custom_padding=&#8221;98px||0px|||&#8221; bottom_divider_style=&#8221;curve2&#8243; bottom_divider_color=&#8221;#FFFFFF&#8221; bottom_divider_height=&#8221;80px&#8221; bottom_divider_repeat=&#8221;1x&#8221; da_disable_devices=&#8221;off|off|off&#8221; box_shadow_style=&#8221;preset6&#8243; global_colors_info=&#8221;{}&#8221; da_is_popup=&#8221;off&#8221; da_exit_intent=&#8221;off&#8221; da_has_close=&#8221;on&#8221; da_alt_close=&#8221;off&#8221; da_dark_close=&#8221;off&#8221; da_not_modal=&#8221;on&#8221; da_is_singular=&#8221;off&#8221; da_with_loader=&#8221;off&#8221; da_has_shadow=&#8221;on&#8221;][et_pb_row _builder_version=&#8221;4.19.4&#8243; _module_preset=&#8221;default&#8221; background_enable_color=&#8221;off&#8221; custom_margin=&#8221;-30px|auto||auto||&#8221; custom_padding=&#8221;0px|||||&#8221; global_colors_info=&#8221;{}&#8221;][et_pb_column type=&#8221;4_4&#8243; _builder_version=&#8221;4.19.4&#8243; _module_preset=&#8221;default&#8221; global_colors_info=&#8221;{}&#8221;][dsm_text_divider header=&#8221;ACCEPTED PAPERS &#8211; AAAI&#8221; color=&#8221;#FFFFFF&#8221; _builder_version=&#8221;4.27.4&#8243; _module_preset=&#8221;default&#8221; header_level=&#8221;h1&#8243; header_text_color=&#8221;#FFFFFF&#8221; header_font_size=&#8221;40px&#8221; background_enable_color=&#8221;off&#8221; hover_enabled=&#8221;0&#8243; global_colors_info=&#8221;{}&#8221; sticky_enabled=&#8221;0&#8243;][\/dsm_text_divider][\/et_pb_column][\/et_pb_row][\/et_pb_section][et_pb_section fb_built=&#8221;1&#8243; _builder_version=&#8221;4.16&#8243; custom_padding=&#8221;0px|||||&#8221; da_disable_devices=&#8221;off|off|off&#8221; global_colors_info=&#8221;{}&#8221; da_is_popup=&#8221;off&#8221; da_exit_intent=&#8221;off&#8221; da_has_close=&#8221;on&#8221; da_alt_close=&#8221;off&#8221; da_dark_close=&#8221;off&#8221; da_not_modal=&#8221;on&#8221; da_is_singular=&#8221;off&#8221; da_with_loader=&#8221;off&#8221; da_has_shadow=&#8221;on&#8221;][et_pb_row _builder_version=&#8221;4.16&#8243; global_colors_info=&#8221;{}&#8221;][et_pb_column type=&#8221;4_4&#8243; _builder_version=&#8221;4.16&#8243; global_colors_info=&#8221;{}&#8221;][et_pb_text disabled_on=&#8221;off|off|off&#8221; _builder_version=&#8221;4.27.4&#8243; header_3_text_color=&#8221;#6c6866&#8243; hover_enabled=&#8221;0&#8243; global_colors_info=&#8221;{}&#8221; sticky_enabled=&#8221;0&#8243;]<\/p>\n<h2 style=\"text-align: center;\">Accepted as Paper<\/h2>\n\n<table id=\"tablepress-14\" class=\"tablepress tablepress-id-14\">\n<thead>\n<tr class=\"row-1\">\n\t<th class=\"column-1\">Title<\/th><th class=\"column-2\">Author<\/th>\n<\/tr>\n<\/thead>\n<tbody class=\"row-striping row-hover\">\n<tr class=\"row-2\">\n\t<td class=\"column-1\">Structured Agent Distillation for Large Language Model Agents<\/td><td class=\"column-2\">Liu Jun, Kong Zhenglun, Dong Peiyan, Yang Changdi, Li Tianqin, Xie Yanyue, Gong Yifan, Shen Xuan, Zhao Pu, Tang Hao, Yuan Geng, Niu Wei, Zhang Wenbin, Lin Xue, Huang Dong, Wang Yanzhi<\/td>\n<\/tr>\n<tr class=\"row-3\">\n\t<td class=\"column-1\">Modelling Multi-Agent Pathfinding Problems by Integrating Connectivity and No-Collision Constraints<\/td><td class=\"column-2\">\u0160vancara Ji\u0159\u00ed, Bart\u00e1k Roman, Miguel Ian, Espasa Arxer Joan<\/td>\n<\/tr>\n<tr class=\"row-4\">\n\t<td class=\"column-1\">RUMAD: Reinforcement-Unifying Multi-Agent Debate<\/td><td class=\"column-2\">Wang Chao, Lin Han, Tang Huaze, Lin Huijing, Ding Wenbo<\/td>\n<\/tr>\n<tr class=\"row-5\">\n\t<td class=\"column-1\">Diverse Committees with Incomplete or Inaccurate Approval Ballots<\/td><td class=\"column-2\">Lindeboom Feline, Brehm Martijn, Grossi Davide, Murukannaiah Pradeep<\/td>\n<\/tr>\n<tr class=\"row-6\">\n\t<td class=\"column-1\">Maximin Share Guarantees via Limited Cost-Sensitive Sharing<\/td><td class=\"column-2\">Salavcova Hana, \u010cern\u00fd Martin, Biswas Arpita<\/td>\n<\/tr>\n<tr class=\"row-7\">\n\t<td class=\"column-1\">Offline Learning of Nash Stable Coalition Structures with Possibly Overlapping Coalitions<\/td><td class=\"column-2\">Cohen Saar<\/td>\n<\/tr>\n<tr class=\"row-8\">\n\t<td class=\"column-1\">Multi-Agent Trust Region Policy Optimisation: A Joint Constraint Approach<\/td><td class=\"column-2\">Shek Chak Lam, Shi Guangyao, Tokekar Pratap<\/td>\n<\/tr>\n<tr class=\"row-9\">\n\t<td class=\"column-1\">Strategic Communication under Threat: Learning Information Trade-offs in Pursuit-Evasion Games<\/td><td class=\"column-2\">La Gatta Valerio, Mutzari Dolev, Kraus Sarit, Subrahmanian V.S.<\/td>\n<\/tr>\n<tr class=\"row-10\">\n\t<td class=\"column-1\">LumiMAS: A Comprehensive Framework for Real-Time Monitoring and Enhanced Observability in Multi-Agent Systems<\/td><td class=\"column-2\">Solomon Ron, Yerushalmi Levi Yarin, Waknin Lior, Aizikovich Eran, Baras Amit, Ohana Etai, Giloni Amit, Bose Shamik, Picardi Chiara, Elovici Yuval, Shabtai Asaf<\/td>\n<\/tr>\n<tr class=\"row-11\">\n\t<td class=\"column-1\">Verification of Robust Multi-Agent Systems<\/td><td class=\"column-2\">Berthon Rapha\u00ebl, Katoen Joost-Pieter, Mittelmann Munyque, Murano Aniello<\/td>\n<\/tr>\n<tr class=\"row-12\">\n\t<td class=\"column-1\">OM\u00b2P: Offline Multi-Agent Mean-Flow Policy<\/td><td class=\"column-2\">Li Zhuoran, Wang Xun, Zhong Hai, Xia Qingxin, Zhang Lihua, Huang Longbo<\/td>\n<\/tr>\n<tr class=\"row-13\">\n\t<td class=\"column-1\">GRAIL: Goal Recognition Alignment through Imitation Learning<\/td><td class=\"column-2\">Elhadad Osher, Meneguzzi Felipe, Mirsky Reuth<\/td>\n<\/tr>\n<tr class=\"row-14\">\n\t<td class=\"column-1\">Conservative Equilibrium Discovery in Offline Game-Theoretic Multiagent Reinforcement Learning<\/td><td class=\"column-2\">Nguyen Austin, Wellman Michael<\/td>\n<\/tr>\n<tr class=\"row-15\">\n\t<td class=\"column-1\">Stability in Distance Preservation Games on Graphs<\/td><td class=\"column-2\">Deligkas Argyrios, Eiben Eduard, Goldsmith Tiger-Lily, Knop Du\u0161an, Schierreich \u0160imon<\/td>\n<\/tr>\n<tr class=\"row-16\">\n\t<td class=\"column-1\">Fair Orientations: Proportionality and Equitability<\/td><td class=\"column-2\">Sun Ankang, Wang Ruijie, Li Bo<\/td>\n<\/tr>\n<tr class=\"row-17\">\n\t<td class=\"column-1\">Resilient Strategies for Stochastic Systems: How Much Does it Take to Break a Winning Strategy?<\/td><td class=\"column-2\">Grover Kush, Zubia Markel, Chakraborty Debraj, Azeem Muqsit, Jansen Nils, Kretinsky Jan<\/td>\n<\/tr>\n<tr class=\"row-18\">\n\t<td class=\"column-1\">Strengthening Proportionality in Temporal Voting<\/td><td class=\"column-2\">Phillips Bradley, Elkind Edith, Teh Nicholas, W\u0105s Tomasz<\/td>\n<\/tr>\n<tr class=\"row-19\">\n\t<td class=\"column-1\">The Observer\u2013Situation Lattice: A Unified Formal Basis for Perspective-Aware Cognition<\/td><td class=\"column-2\">Alqithami Saad<\/td>\n<\/tr>\n<tr class=\"row-20\">\n\t<td class=\"column-1\">MARL-GPT: Foundation Model for Multi-Agent Reinforcement Learning<\/td><td class=\"column-2\">Nesterova Maria, Kolosov Mikhail, Andreychuk Anton, Cherepanov Egor, Bulichev Oleg, Kovalev Alexey, Yakovlev Konstantin, Panov Aleksandr I., Skrynnik Alexey<\/td>\n<\/tr>\n<\/tbody>\n<\/table>\n<!-- #tablepress-14 from cache -->\n<p>[\/et_pb_text][\/et_pb_column][\/et_pb_row][\/et_pb_section]<\/p>\n","protected":false},"excerpt":{"rendered":"<p><div class=\"et_pb_module dsm_text_divider dsm_text_divider_0\">\n\t\t\t\t\n\t\t\t\t\n\t\t\t\t\n\t\t\t\t\n\t\t\t\t\n\t\t\t\t\n\t\t\t\t<div class=\"et_pb_module_inner\">\n\t\t\t\t\t<div class=\"dsm-text-divider-wrapper dsm-text-divider-align-center et_pb_bg_layout_light\">\n\t\t\t\t\n\t\t\t\t\n\t\t\t\t<div class=\"dsm-text-divider-before dsm-divider\"><\/div>\n\t\t\t\t<h1 class=\"dsm-text-divider-header et_pb_module_header\"><span>ACCEPTED PAPERS - AAAI<\/span><\/h1>\n\t\t\t\t<div class=\"dsm-text-divider-after dsm-divider\"><\/div>\n\t\t\t<\/div>\n\t\t\t\t<\/div>\n\t\t\t<\/div>Accepted as Paper \n<table id=\"tablepress-14-no-2\" class=\"tablepress tablepress-id-14\">\n<thead>\n<tr class=\"row-1\">\n\t<th class=\"column-1\">Title<\/th><th class=\"column-2\">Author<\/th>\n<\/tr>\n<\/thead>\n<tbody class=\"row-striping row-hover\">\n<tr class=\"row-2\">\n\t<td class=\"column-1\">Structured Agent Distillation for Large Language Model Agents<\/td><td class=\"column-2\">Liu Jun, Kong Zhenglun, Dong Peiyan, Yang Changdi, Li Tianqin, Xie Yanyue, Gong Yifan, Shen Xuan, Zhao Pu, Tang Hao, Yuan Geng, Niu Wei, Zhang Wenbin, Lin Xue, Huang Dong, Wang Yanzhi<\/td>\n<\/tr>\n<tr class=\"row-3\">\n\t<td class=\"column-1\">Modelling Multi-Agent Pathfinding Problems by Integrating Connectivity and No-Collision Constraints<\/td><td class=\"column-2\">\u0160vancara Ji\u0159\u00ed, Bart\u00e1k Roman, Miguel Ian, Espasa Arxer Joan<\/td>\n<\/tr>\n<tr class=\"row-4\">\n\t<td class=\"column-1\">RUMAD: Reinforcement-Unifying Multi-Agent Debate<\/td><td class=\"column-2\">Wang Chao, Lin Han, Tang Huaze, Lin Huijing, Ding Wenbo<\/td>\n<\/tr>\n<tr class=\"row-5\">\n\t<td class=\"column-1\">Diverse Committees with Incomplete or Inaccurate Approval Ballots<\/td><td class=\"column-2\">Lindeboom Feline, Brehm Martijn, Grossi Davide, Murukannaiah Pradeep<\/td>\n<\/tr>\n<tr class=\"row-6\">\n\t<td class=\"column-1\">Maximin Share Guarantees via Limited Cost-Sensitive Sharing<\/td><td class=\"column-2\">Salavcova Hana, \u010cern\u00fd Martin, Biswas Arpita<\/td>\n<\/tr>\n<tr class=\"row-7\">\n\t<td class=\"column-1\">Offline Learning of Nash Stable Coalition Structures with Possibly Overlapping Coalitions<\/td><td class=\"column-2\">Cohen Saar<\/td>\n<\/tr>\n<tr class=\"row-8\">\n\t<td class=\"column-1\">Multi-Agent Trust Region Policy Optimisation: A Joint Constraint Approach<\/td><td class=\"column-2\">Shek Chak Lam, Shi Guangyao, Tokekar Pratap<\/td>\n<\/tr>\n<tr class=\"row-9\">\n\t<td class=\"column-1\">Strategic Communication under Threat: Learning Information Trade-offs in Pursuit-Evasion Games<\/td><td class=\"column-2\">La Gatta Valerio, Mutzari Dolev, Kraus Sarit, Subrahmanian V.S.<\/td>\n<\/tr>\n<tr class=\"row-10\">\n\t<td class=\"column-1\">LumiMAS: A Comprehensive Framework for Real-Time Monitoring and Enhanced Observability in Multi-Agent Systems<\/td><td class=\"column-2\">Solomon Ron, Yerushalmi Levi Yarin, Waknin Lior, Aizikovich Eran, Baras Amit, Ohana Etai, Giloni Amit, Bose Shamik, Picardi Chiara, Elovici Yuval, Shabtai Asaf<\/td>\n<\/tr>\n<tr class=\"row-11\">\n\t<td class=\"column-1\">Verification of Robust Multi-Agent Systems<\/td><td class=\"column-2\">Berthon Rapha\u00ebl, Katoen Joost-Pieter, Mittelmann Munyque, Murano Aniello<\/td>\n<\/tr>\n<tr class=\"row-12\">\n\t<td class=\"column-1\">OM\u00b2P: Offline Multi-Agent Mean-Flow Policy<\/td><td class=\"column-2\">Li Zhuoran, Wang Xun, Zhong Hai, Xia Qingxin, Zhang Lihua, Huang Longbo<\/td>\n<\/tr>\n<tr class=\"row-13\">\n\t<td class=\"column-1\">GRAIL: Goal Recognition Alignment through Imitation Learning<\/td><td class=\"column-2\">Elhadad Osher, Meneguzzi Felipe, Mirsky Reuth<\/td>\n<\/tr>\n<tr class=\"row-14\">\n\t<td class=\"column-1\">Conservative Equilibrium Discovery in Offline Game-Theoretic Multiagent Reinforcement Learning<\/td><td class=\"column-2\">Nguyen Austin, Wellman Michael<\/td>\n<\/tr>\n<tr class=\"row-15\">\n\t<td class=\"column-1\">Stability in Distance Preservation Games on Graphs<\/td><td class=\"column-2\">Deligkas Argyrios, Eiben Eduard, Goldsmith Tiger-Lily, Knop Du\u0161an, Schierreich \u0160imon<\/td>\n<\/tr>\n<tr class=\"row-16\">\n\t<td class=\"column-1\">Fair Orientations: Proportionality and Equitability<\/td><td class=\"column-2\">Sun Ankang, Wang Ruijie, Li Bo<\/td>\n<\/tr>\n<tr class=\"row-17\">\n\t<td class=\"column-1\">Resilient Strategies for Stochastic Systems: How Much Does it Take to Break a Winning Strategy?<\/td><td class=\"column-2\">Grover Kush, Zubia Markel, Chakraborty Debraj, Azeem Muqsit, Jansen Nils, Kretinsky Jan<\/td>\n<\/tr>\n<tr class=\"row-18\">\n\t<td class=\"column-1\">Strengthening Proportionality in Temporal Voting<\/td><td class=\"column-2\">Phillips Bradley, Elkind Edith, Teh Nicholas, W\u0105s Tomasz<\/td>\n<\/tr>\n<tr class=\"row-19\">\n\t<td class=\"column-1\">The Observer\u2013Situation Lattice: A Unified Formal Basis for Perspective-Aware Cognition<\/td><td class=\"column-2\">Alqithami Saad<\/td>\n<\/tr>\n<tr class=\"row-20\">\n\t<td class=\"column-1\">MARL-GPT: Foundation Model for Multi-Agent Reinforcement Learning<\/td><td class=\"column-2\">Nesterova Maria, Kolosov Mikhail, Andreychuk Anton, Cherepanov Egor, Bulichev Oleg, Kovalev Alexey, Yakovlev Konstantin, Panov Aleksandr I., Skrynnik Alexey<\/td>\n<\/tr>\n<\/tbody>\n<\/table>\n<\/p>\n","protected":false},"author":9,"featured_media":245977,"parent":0,"menu_order":0,"comment_status":"closed","ping_status":"closed","template":"","meta":{"_et_pb_use_builder":"on","_et_pb_old_content":"","_et_gb_content_width":"","footnotes":""},"class_list":["post-246270","page","type-page","status-publish","has-post-thumbnail","hentry"],"_links":{"self":[{"href":"https:\/\/cyprusconferences.org\/aamas2026\/wp-json\/wp\/v2\/pages\/246270","targetHints":{"allow":["GET"]}}],"collection":[{"href":"https:\/\/cyprusconferences.org\/aamas2026\/wp-json\/wp\/v2\/pages"}],"about":[{"href":"https:\/\/cyprusconferences.org\/aamas2026\/wp-json\/wp\/v2\/types\/page"}],"author":[{"embeddable":true,"href":"https:\/\/cyprusconferences.org\/aamas2026\/wp-json\/wp\/v2\/users\/9"}],"replies":[{"embeddable":true,"href":"https:\/\/cyprusconferences.org\/aamas2026\/wp-json\/wp\/v2\/comments?post=246270"}],"version-history":[{"count":3,"href":"https:\/\/cyprusconferences.org\/aamas2026\/wp-json\/wp\/v2\/pages\/246270\/revisions"}],"predecessor-version":[{"id":246273,"href":"https:\/\/cyprusconferences.org\/aamas2026\/wp-json\/wp\/v2\/pages\/246270\/revisions\/246273"}],"wp:featuredmedia":[{"embeddable":true,"href":"https:\/\/cyprusconferences.org\/aamas2026\/wp-json\/wp\/v2\/media\/245977"}],"wp:attachment":[{"href":"https:\/\/cyprusconferences.org\/aamas2026\/wp-json\/wp\/v2\/media?parent=246270"}],"curies":[{"name":"wp","href":"https:\/\/api.w.org\/{rel}","templated":true}]}}