{"id":16,"date":"2019-11-25T09:14:00","date_gmt":"2019-11-25T09:14:00","guid":{"rendered":"http:\/\/cyprusconferences.org\/caip2021\/?page_id=16"},"modified":"2021-09-17T11:32:09","modified_gmt":"2021-09-17T11:32:09","slug":"keynote-speakers","status":"publish","type":"page","link":"https:\/\/cyprusconferences.org\/caip2021\/keynote-speakers\/","title":{"rendered":"Keynote Speakers"},"content":{"rendered":"<p>[et_pb_section fb_built=&#8221;1&#8243; _builder_version=&#8221;3.29.3&#8243; fb_built=&#8221;1&#8243; _i=&#8221;0&#8243; _address=&#8221;0&#8243;][et_pb_row _builder_version=&#8221;3.29.3&#8243; _i=&#8221;0&#8243; _address=&#8221;0.0&#8243;][et_pb_column type=&#8221;4_4&#8243; _builder_version=&#8221;3.29.3&#8243; _i=&#8221;0&#8243; _address=&#8221;0.0.0&#8243;][et_pb_text _builder_version=&#8221;3.29.3&#8243; _i=&#8221;0&#8243; _address=&#8221;0.0.0.0&#8243;]<\/p>\n<h1 style=\"text-align: center;\">Keynote Speakers<\/h1>\n<p>[\/et_pb_text][et_pb_divider color=&#8221;#e09900&#8243; _builder_version=&#8221;3.29.3&#8243; _i=&#8221;1&#8243; _address=&#8221;0.0.0.1&#8243;][\/et_pb_divider][\/et_pb_column][\/et_pb_row][et_pb_row column_structure=&#8221;1_2,1_2&#8243; use_custom_gutter=&#8221;on&#8221; gutter_width=&#8221;1&#8243; make_equal=&#8221;on&#8221; _builder_version=&#8221;4.0.11&#8243; _i=&#8221;1&#8243; _address=&#8221;0.1&#8243;][et_pb_column type=&#8221;1_2&#8243; _builder_version=&#8221;4.0.6&#8243; background_color=&#8221;#dddddd&#8221; animation_style=&#8221;zoom&#8221; _i=&#8221;0&#8243; _address=&#8221;0.1.0&#8243;][et_pb_image src=&#8221;http:\/\/cyprusconferences.org\/caip2021\/wp-content\/uploads\/2021\/08\/joao.tif&#8221; _builder_version=&#8221;3.29.3&#8243; _i=&#8221;0&#8243; _address=&#8221;0.1.0.0&#8243;][\/et_pb_image][et_pb_image src=&#8221;http:\/\/cyprusconferences.org\/caip2021\/wp-content\/uploads\/2021\/08\/joao.png.jpg&#8221; align=&#8221;center&#8221; _builder_version=&#8221;3.29.3&#8243; min_height=&#8221;339px&#8221; _i=&#8221;1&#8243; _address=&#8221;0.1.0.1&#8243;][\/et_pb_image][et_pb_text _builder_version=&#8221;4.0.11&#8243; custom_padding=&#8221;10px||10px||false|false&#8221; _i=&#8221;2&#8243; _address=&#8221;0.1.0.2&#8243;]<\/p>\n<h2 style=\"text-align: center;\">Jo\u00e3o Manuel R. S. Tavares<\/h2>\n<p style=\"text-align: center;\"><span style=\"font-size: 14px; text-align: left;\">Faculdade de Engenharia da Universidade do Porto, Portugal<\/span><\/p>\n<p>[\/et_pb_text][\/et_pb_column][et_pb_column type=&#8221;1_2&#8243; _builder_version=&#8221;4.0.11&#8243; background_color=&#8221;#efefef&#8221; animation_style=&#8221;zoom&#8221; _i=&#8221;1&#8243; _address=&#8221;0.1.1&#8243;][et_pb_text _builder_version=&#8221;4.0.11&#8243; header_4_font=&#8221;|600|||||||&#8221; custom_padding=&#8221;20px|10px|10px|10px|false|false&#8221; _i=&#8221;0&#8243; _address=&#8221;0.1.1.0&#8243;]<\/p>\n<h4 style=\"text-align: center;\">Biomedical Imaging Segmentation: from thresholding to deep learning based methods<\/h4>\n<hr \/>\n<p>[\/et_pb_text][et_pb_text _builder_version=&#8221;4.0.11&#8243; custom_padding=&#8221;|10px|10px|10px|false|false&#8221; _i=&#8221;1&#8243; _address=&#8221;0.1.1.1&#8243;]<\/p>\n<p style=\"text-align: justify;\">Bio:\u00a0<\/p>\n<p>Jo\u00e3o Manuel R. S. Tavares graduated in Mechanical Engineering at the Universidade do Porto, Portugal in 1992. He also earned his M.Sc. degree and Ph.D. degree in Electrical and Computer Engineering from the Universidade do Porto in 1995 and 2001, and attained his Habilitation in Mechanical Engineering in 2015. He is a senior researcher at the Instituto de Ci\u00eancia e Inova\u00e7\u00e3o em Engenharia Mec\u00e2nica e Engenharia Industrial (INEGI) and Full Professor at the Department of Mechanical Engineering (DEMec) of the Faculdade de Engenharia da Universidade do Porto (FEUP).        <div class=\"rmwr-wrapper\" \n             data-id=\"rmwr-69f53ecb51300\"\n             data-mode=\"normal\"\n             data-animation=\"fade\"\n             data-duration=\"300\"\n             data-smooth-scroll=\"true\"\n             data-scroll-offset=\"0\">\n            <button \n                type=\"button\"\n                class=\"read-link\" \n                id=\"readlinkrmwr-69f53ecb51300\"\n                data-open-text=\"Read More\"\n                data-close-text=\"Read Less\"\n                aria-expanded=\"false\"\n                aria-controls=\"readrmwr-69f53ecb51300\"\n                aria-label=\"Read More\"\n            >\n                <span class=\"rmwr-text\">Read More<\/span>\n            <\/button>\n            <div \n                class=\"read_div\" \n                id=\"readrmwr-69f53ecb51300\"\n                aria-hidden=\"true\"\n                data-animation=\"fade\"\n                data-duration=\"300\"\n                style=\"display: none;\"\n            >\n                <\/p>\n<p>Jo\u00e3o Tavares is co-editor of more than 60 books, co-author of more than 50 book chapters, 650 articles in international and national journals and conferences, and 3 international and 3 national patents. He has been a committee member of several international and national journals and conferences, is co-founder and co-editor of the book series \u201cLecture Notes in Computational Vision and Biomechanics\u201d published by Springer, founder and Editor-in-Chief of the journal \u201cComputer Methods in Biomechanics and Biomedical Engineering: Imaging &amp; Visualization\u201d published by Taylor &amp; Francis, Editor-in-Chief of the journal \u201cComputer Methods in Biomechanics and Biomedical Engineering\u201d published by Taylor &amp; Francis, and co-founder and co-chair of the international conference series: CompIMAGE, ECCOMAS VipIMAGE, ICCEBS and BioDental. Additionally, he has been (co-)supervisor of several MSc and PhD thesis and supervisor of several post-doc projects, and has participated in many scientific projects both as researcher and as scientific coordinator.<\/p>\n<p>His main research areas include computational vision, medical imaging, computational mechanics, scientific visualization, human-computer interaction and new product development.\u00a0 <br \/> (More information can be found at: <span><a href=\"http:\/\/www.fe.up.pt\/~tavares\">www.fe.up.pt\/~tavares<\/a><\/span>)            <\/div>\n        <\/div>\n        <\/p>\n<p>&nbsp;<\/p>\n<p>Abstract:<\/p>\n<p>The segmentation of biomedical images by computational methods is very challenging, and it is mostly undertaken using thresholding, deformable models built on statistical, geometrical or physical principles, and\/or machine learning based approaches. Examples of current applications of segmentation methods include the identification of skin lesions, lungs, heart, prostate, liver, blood vessels, brain, ear, and related structures, just to name a few. In this lecture, algorithms that we have developed to segment images acquired using different biomedical imaging modalities will be described and their use in different applications discussed.<\/p>\n<p style=\"text-align: justify;\">\n<p>[\/et_pb_text][\/et_pb_column][\/et_pb_row][et_pb_row column_structure=&#8221;1_2,1_2&#8243; use_custom_gutter=&#8221;on&#8221; gutter_width=&#8221;1&#8243; make_equal=&#8221;on&#8221; _builder_version=&#8221;4.0.11&#8243; _i=&#8221;2&#8243; _address=&#8221;0.2&#8243;][et_pb_column type=&#8221;1_2&#8243; _builder_version=&#8221;4.0.6&#8243; background_color=&#8221;#dddddd&#8221; animation_style=&#8221;zoom&#8221; _i=&#8221;0&#8243; _address=&#8221;0.2.0&#8243;][et_pb_image src=&#8221;http:\/\/cyprusconferences.org\/caip2021\/wp-content\/uploads\/2021\/08\/joao.tif&#8221; _builder_version=&#8221;3.29.3&#8243; _i=&#8221;0&#8243; _address=&#8221;0.2.0.0&#8243;][\/et_pb_image][et_pb_image src=&#8221;http:\/\/cyprusconferences.org\/caip2021\/wp-content\/uploads\/2021\/09\/dovrolis.jpg&#8221; align=&#8221;center&#8221; _builder_version=&#8221;3.29.3&#8243; min_height=&#8221;339px&#8221; _i=&#8221;1&#8243; _address=&#8221;0.2.0.1&#8243;][\/et_pb_image][et_pb_text _builder_version=&#8221;4.0.11&#8243; custom_padding=&#8221;10px||10px||false|false&#8221; _i=&#8221;2&#8243; _address=&#8221;0.2.0.2&#8243;]<\/p>\n<h2 style=\"text-align: center;\">Constantine Dovrolis<\/h2>\n<p style=\"text-align: center;\">Georgia Institute of Technology\u00a0(Georgia Tech)<\/p>\n<p>[\/et_pb_text][\/et_pb_column][et_pb_column type=&#8221;1_2&#8243; _builder_version=&#8221;4.0.11&#8243; background_color=&#8221;#efefef&#8221; animation_style=&#8221;zoom&#8221; _i=&#8221;1&#8243; _address=&#8221;0.2.1&#8243;][et_pb_text _builder_version=&#8221;4.0.11&#8243; header_4_font=&#8221;|600|||||||&#8221; custom_padding=&#8221;20px|10px|10px|10px|false|false&#8221; _i=&#8221;0&#8243; _address=&#8221;0.2.1.0&#8243;]<\/p>\n<h4 style=\"text-align: center;\">If the brain is a very sparse network, why does deep learning use dense neural networks?<\/h4>\n<hr \/>\n<p>[\/et_pb_text][et_pb_text _builder_version=&#8221;4.0.11&#8243; custom_padding=&#8221;|10px|10px|10px|false|false&#8221; _i=&#8221;1&#8243; _address=&#8221;0.2.1.1&#8243;]<\/p>\n<p style=\"text-align: justify;\">Bio:\u00a0<\/p>\n<p>Dr. Constantine Dovrolis is a Professor at the School of Computer Science at the Georgia Institute of Technology (Georgia Tech). He is a graduate of the Technical University of Crete (Engr.Dipl. 1995), University of Rochester (M.S. 1996), and University of Wisconsin-Madison (Ph.D. 2000). His research combines Network Science, Data Mining and Machine Learning with applications in climate science, biology, neuroscience, sociology and machine learning. More recently, his group has been focusing on neuro-inspired architectures for machine learning based on what is currently known about the structure of brain networks.<\/p>\n<p>Abstract:<\/p>\n<p>What we know from neuroscience (\u201cconnectomics\u201d) is that the brain is, overall, a very sparse network with relatively small locally dense clusters of neurons. These topological properties are crucial for the brain\u2019s ability to perform efficiently, robustly, and to process information in a hierarchically modular manner. On the other hand, the artificial neural networks we use today are very dense, or even fully connected, at least between successive layers. Additionally,<br \/>it is well known that deep neural networks are highly over-parameterized: pruning studies have shown that it is often possible to eliminate 90% of the connections (weights) without significant loss in performance. Pruning, however, is typically performed after the dense network has been trained, which only improves the run-time efficiency of the inference process. The previous points suggest that we need methods to design sparse neural networks, without any training, that can perform almost as well as the corresponding dense networks after training. This talk will first provide some background in the pruning literature, either after training or before training. Then, we will present a recently proposed (ICML 2021) method called PHEW (Paths with Higher Edge Weights) which creates sparse neural networks,<br \/>before training, and that can learn fast and generalize well. Additionally, PHEW does not require access to any data as it only depends on the initial weights and the topology of the given network architecture.<\/p>\n<p style=\"text-align: justify;\">\n<p>[\/et_pb_text][\/et_pb_column][\/et_pb_row][\/et_pb_section]<\/p>\n","protected":false},"excerpt":{"rendered":"<p>Keynote SpeakersJo\u00e3o Manuel R. S. Tavares Faculdade de Engenharia da Universidade do Porto, PortugalBiomedical Imaging Segmentation: from thresholding to deep learning based methods Bio:\u00a0 Jo\u00e3o Manuel R. S. Tavares graduated in Mechanical Engineering at the Universidade do Porto, Portugal in 1992. He also earned his M.Sc. degree and Ph.D. degree in Electrical and Computer Engineering [&hellip;]<\/p>\n","protected":false},"author":1,"featured_media":0,"parent":0,"menu_order":0,"comment_status":"closed","ping_status":"closed","template":"","meta":{"_et_pb_use_builder":"on","_et_pb_old_content":"","_et_gb_content_width":""},"_links":{"self":[{"href":"https:\/\/cyprusconferences.org\/caip2021\/wp-json\/wp\/v2\/pages\/16"}],"collection":[{"href":"https:\/\/cyprusconferences.org\/caip2021\/wp-json\/wp\/v2\/pages"}],"about":[{"href":"https:\/\/cyprusconferences.org\/caip2021\/wp-json\/wp\/v2\/types\/page"}],"author":[{"embeddable":true,"href":"https:\/\/cyprusconferences.org\/caip2021\/wp-json\/wp\/v2\/users\/1"}],"replies":[{"embeddable":true,"href":"https:\/\/cyprusconferences.org\/caip2021\/wp-json\/wp\/v2\/comments?post=16"}],"version-history":[{"count":8,"href":"https:\/\/cyprusconferences.org\/caip2021\/wp-json\/wp\/v2\/pages\/16\/revisions"}],"predecessor-version":[{"id":1066,"href":"https:\/\/cyprusconferences.org\/caip2021\/wp-json\/wp\/v2\/pages\/16\/revisions\/1066"}],"wp:attachment":[{"href":"https:\/\/cyprusconferences.org\/caip2021\/wp-json\/wp\/v2\/media?parent=16"}],"curies":[{"name":"wp","href":"https:\/\/api.w.org\/{rel}","templated":true}]}}