{"id":243817,"date":"2023-10-17T06:30:35","date_gmt":"2023-10-17T06:30:35","guid":{"rendered":"https:\/\/cyprusconferences.org\/caise2024\/?page_id=243817"},"modified":"2024-01-18T12:15:15","modified_gmt":"2024-01-18T12:15:15","slug":"program-board","status":"publish","type":"page","link":"https:\/\/cyprusconferences.org\/caise2024\/program-board\/","title":{"rendered":"Program Board"},"content":{"rendered":"<p>[et_pb_section fb_built=&#8221;1&#8243; _builder_version=&#8221;4.16&#8243; global_colors_info=&#8221;{}&#8221;][et_pb_row _builder_version=&#8221;4.16&#8243; global_colors_info=&#8221;{}&#8221;][et_pb_column type=&#8221;4_4&#8243; _builder_version=&#8221;4.16&#8243; global_colors_info=&#8221;{}&#8221;][et_pb_text _builder_version=&#8221;4.22.2&#8243; global_colors_info=&#8221;{}&#8221;]<\/p>\n<h1>Program Board<\/h1>\n<p>[\/et_pb_text][et_pb_divider _builder_version=&#8221;4.16&#8243; custom_margin=&#8221;||-7px|||&#8221; global_colors_info=&#8221;{}&#8221;][\/et_pb_divider][\/et_pb_column][\/et_pb_row][et_pb_row _builder_version=&#8221;4.22.2&#8243; _module_preset=&#8221;default&#8221; global_colors_info=&#8221;{}&#8221;][et_pb_column type=&#8221;4_4&#8243; _builder_version=&#8221;4.22.2&#8243; _module_preset=&#8221;default&#8221; global_colors_info=&#8221;{}&#8221;][et_pb_text _builder_version=&#8221;4.22.2&#8243; _module_preset=&#8221;default&#8221; global_colors_info=&#8221;{}&#8221;]<\/p>\n<h3>Program Board<\/h3>\n<ul>\n<li><strong>Jo\u00e3o Paulo Almeida<\/strong>, Universidade Federal do Esp\u00edrito Santo, Brazil<\/li>\n<li><strong>Sjaak Brinkkemper<\/strong>, Utrecht University, Netherlands<\/li>\n<li><strong>Xavier Franch<\/strong>, Universitat Polit\u00e8cnica de Catalunya, Spain<\/li>\n<li><strong>Renata Guizzardi,<\/strong> University of Twente, Netherlands<\/li>\n<li><strong>Marta Indulska<\/strong>, University of Queensland, Australia<\/li>\n<li><strong>John Krogstie<\/strong>, Norwegian University of Science and Technology, Norway<\/li>\n<li><strong>Wolfgang Maass,<\/strong> Deutsches Forschungszentrum f\u00fcr K\u00fcnstliche Intelligenz, Germany<\/li>\n<li><strong>Marco Montali<\/strong>, KRDB Research Centre, Free University of Bozen-Bolzano, Italy<\/li>\n<li><strong>Oscar Pastor<\/strong>, Universidad Polit\u00e9cnica de Valencia, Spain<\/li>\n<li><strong>Barbara Pernici<\/strong>, Politecnico di Milano, Italy<\/li>\n<li><strong>Geert Poels,<\/strong> Ghent University, Belgium<\/li>\n<li><strong>Henderik Proper<\/strong>, TU Wien, Austria<\/li>\n<li><strong>Jolita Ralyt\u00e9<\/strong>, University of Geneva, Switzerland<\/li>\n<li><strong>Hajo Reijers,<\/strong> Utrecht University, The Netherlands<\/li>\n<li><strong>Iris Reinhartz-Berger<\/strong>, University of Haifa, Israel<\/li>\n<li><strong>Stefanie Rinderle-Ma<\/strong>, Technische Universitat M\u00fcnchen, Germany<\/li>\n<li><strong>Shazia Sadiq<\/strong>, The University of Queensland, Australia<\/li>\n<li><strong>Maribel Santos<\/strong>, University of Minho, Portugal<\/li>\n<li><strong>Monique Snoeck<\/strong>, KU Leuven, Belgium<\/li>\n<li><strong>Barbara Weber<\/strong>, University of St. Gallen, Switzerland<\/li>\n<li><strong>Mathias Weske<\/strong>, HPI, University of Potsdam, Germany<\/li>\n<li><strong>Jelena Zdravkovic<\/strong>, Stockholm University, Sweden<\/li>\n<\/ul>\n<p>[\/et_pb_text][\/et_pb_column][\/et_pb_row][\/et_pb_section]<\/p>\n","protected":false},"excerpt":{"rendered":"<p>Program BoardProgram Board Jo\u00e3o Paulo Almeida, Universidade Federal do Esp\u00edrito Santo, Brazil Sjaak Brinkkemper, Utrecht University, Netherlands Xavier Franch, Universitat Polit\u00e8cnica de Catalunya, Spain Renata Guizzardi, University of Twente, Netherlands Marta Indulska, University of Queensland, Australia John Krogstie, Norwegian University of Science and Technology, Norway Wolfgang Maass, Deutsches Forschungszentrum f\u00fcr K\u00fcnstliche Intelligenz, Germany Marco Montali, KRDB Research Centre, Free University of Bozen-Bolzano, Italy Oscar Pastor, Universidad Polit\u00e9cnica de Valencia, Spain Barbara Pernici, Politecnico di Milano, Italy Geert Poels, Ghent University, Belgium Henderik Proper, TU Wien, Austria Jolita Ralyt\u00e9, University of Geneva, Switzerland Hajo Reijers, Utrecht University, The Netherlands Iris Reinhartz-Berger, University of Haifa, Israel Stefanie Rinderle-Ma, Technische Universitat M\u00fcnchen, Germany Shazia Sadiq, The University of Queensland, Australia Maribel Santos, University of Minho, Portugal Monique Snoeck, KU Leuven, Belgium Barbara Weber, University of St. Gallen, Switzerland Mathias Weske, HPI, University of Potsdam, Germany Jelena Zdravkovic, Stockholm University, Sweden<\/p>\n","protected":false},"author":5,"featured_media":0,"parent":0,"menu_order":0,"comment_status":"closed","ping_status":"closed","template":"","meta":{"_et_pb_use_builder":"on","_et_pb_old_content":"","_et_gb_content_width":"","footnotes":""},"class_list":["post-243817","page","type-page","status-publish","hentry"],"_links":{"self":[{"href":"https:\/\/cyprusconferences.org\/caise2024\/wp-json\/wp\/v2\/pages\/243817","targetHints":{"allow":["GET"]}}],"collection":[{"href":"https:\/\/cyprusconferences.org\/caise2024\/wp-json\/wp\/v2\/pages"}],"about":[{"href":"https:\/\/cyprusconferences.org\/caise2024\/wp-json\/wp\/v2\/types\/page"}],"author":[{"embeddable":true,"href":"https:\/\/cyprusconferences.org\/caise2024\/wp-json\/wp\/v2\/users\/5"}],"replies":[{"embeddable":true,"href":"https:\/\/cyprusconferences.org\/caise2024\/wp-json\/wp\/v2\/comments?post=243817"}],"version-history":[{"count":13,"href":"https:\/\/cyprusconferences.org\/caise2024\/wp-json\/wp\/v2\/pages\/243817\/revisions"}],"predecessor-version":[{"id":243943,"href":"https:\/\/cyprusconferences.org\/caise2024\/wp-json\/wp\/v2\/pages\/243817\/revisions\/243943"}],"wp:attachment":[{"href":"https:\/\/cyprusconferences.org\/caise2024\/wp-json\/wp\/v2\/media?parent=243817"}],"curies":[{"name":"wp","href":"https:\/\/api.w.org\/{rel}","templated":true}]}}