{"id":20,"date":"2019-10-10T11:36:34","date_gmt":"2019-10-10T11:36:34","guid":{"rendered":"http:\/\/cyprusconferences.org\/clc6\/?page_id=20"},"modified":"2019-12-12T08:28:50","modified_gmt":"2019-12-12T08:28:50","slug":"committees","status":"publish","type":"page","link":"https:\/\/cyprusconferences.org\/clc6\/committees\/","title":{"rendered":"Committees"},"content":{"rendered":"<p>[et_pb_section fb_built=&#8221;1&#8243; prev_background_color=&#8221;#ffffff&#8221; _builder_version=&#8221;3.29.3&#8243; background_image=&#8221;http:\/\/cyprusconferences.org\/clc6\/wp-content\/uploads\/2019\/10\/Nicosia_panorama_banner.jpg&#8221; top_divider_style=&#8221;graph4&#8243; fb_built=&#8221;1&#8243; _i=&#8221;0&#8243; _address=&#8221;0&#8243;][et_pb_row _builder_version=&#8221;3.29.3&#8243; _i=&#8221;0&#8243; _address=&#8221;0.0&#8243;][et_pb_column type=&#8221;4_4&#8243; _builder_version=&#8221;3.29.3&#8243; _i=&#8221;0&#8243; _address=&#8221;0.0.0&#8243;][\/et_pb_column][\/et_pb_row][\/et_pb_section][et_pb_section fb_built=&#8221;1&#8243; _builder_version=&#8221;3.29.3&#8243; fb_built=&#8221;1&#8243; _i=&#8221;1&#8243; _address=&#8221;1&#8243;][et_pb_row _builder_version=&#8221;3.29.3&#8243; _i=&#8221;0&#8243; _address=&#8221;1.0&#8243;][et_pb_column type=&#8221;4_4&#8243; _builder_version=&#8221;3.29.3&#8243; _i=&#8221;0&#8243; _address=&#8221;1.0.0&#8243;][et_pb_text _builder_version=&#8221;3.29.3&#8243; _i=&#8221;0&#8243; _address=&#8221;1.0.0.0&#8243;]<\/p>\n<h1><strong>Committees<\/strong><\/h1>\n<hr>\n<p>[\/et_pb_text][\/et_pb_column][\/et_pb_row][et_pb_row _builder_version=&#8221;3.29.3&#8243; _i=&#8221;1&#8243; _address=&#8221;1.1&#8243;][et_pb_column type=&#8221;4_4&#8243; _builder_version=&#8221;3.29.3&#8243; _i=&#8221;0&#8243; _address=&#8221;1.1.0&#8243;][et_pb_text _builder_version=&#8221;3.29.3&#8243; hover_enabled=&#8221;0&#8243; _i=&#8221;0&#8243; _address=&#8221;1.1.0.0&#8243;]<\/p>\n<h3><span style=\"text-decoration: underline;\"><span style=\"color: #008080; text-decoration: underline;\">Scientific Committee<\/span><\/span><\/h3>\n<p><span style=\"text-decoration: underline;\"><\/span><\/p>\n<p>Eleni Agathopoulou, Artistotle University of Thessaloniki<\/p>\n<p>Georges Androulakis, University of Thessaly<\/p>\n<p>Argiris Archakis, University of Patras<\/p>\n<p>Spyros Armostis, European University Cyprus<\/p>\n<p>Spyridoula Bella, University of Athens<\/p>\n<p>Christiane Bongartz, Universit\u00e4t zu K\u00f6ln<\/p>\n<p>Massimo Cerrutti, Universit\u00e0 degli Studi di Torino<\/p>\n<p>Constadina Charalambous,\u00a0European University Cyprus<\/p>\n<p>Pavlina Chatzitheodoulou, Pedagogical Institute of Cyprus<\/p>\n<p>Aspasia Chatzidaki, University of Crete<\/p>\n<p>Anna Chatzipanagiotidi, Frederick University<\/p>\n<p>Valentina Christodoulou, University of Cyprus<\/p>\n<p>Silvia Dal Negro, Libera Universit\u00e0 di Bolzano<\/p>\n<p>D\u00fcriye G\u00f6k\u00e7eba\u011f, University of Cyprus<\/p>\n<p>Christos Govaris, University of Thessaly<\/p>\n<p>Kleanthes Grohmann, University of Cyprus<\/p>\n<p>Christine \u0397\u00e9lot, Universit\u00e9 de Strasbourg<\/p>\n<p>Frans Hinskens, Meertens Instituut &amp; Radboud Universiteit Nijmegen<\/p>\n<p>Elena Ioannidou, University of Cyprus<\/p>\n<p>Petros Karatsareas, University of Westminster<\/p>\n<p>Dimitra Karoulla-Vriki, European University Cyprus<\/p>\n<p>Svetlana Karpava, University of Cyprus<\/p>\n<p>Marilena Karyolemou, University of Cyprus<\/p>\n<p>Angeliki Kiliari, Artistotle University of Thessaloniki<\/p>\n<p>Elisavet Kiourti, European University of Cyprus<\/p>\n<p>Marianna Kondyli, University of Patras<\/p>\n<p>Stavroula Kontovourki, University of Cyprus<\/p>\n<p>Vasilia Kourti-Kazoulli, University of the Aegean<\/p>\n<p>Despo Kyprianou, Cyprus Pedagogical Institute<\/p>\n<p>Nansia Kyriakou, University of Cyprus<\/p>\n<p>Elizabeth Lanza, Universitetet i Oslo<\/p>\n<p>Vally Lytra, University of London<\/p>\n<p>Theo Marinis, Universit\u00e4t Konstanz<\/p>\n<p>Vicky McLeroy, University of London<\/p>\n<p>Soula Mitakidou, Artistotle University of Thessaloniki<\/p>\n<p>Theoni Neokleous, University of Cyprus<\/p>\n<p>Phoevos Panagiotidis, University of Cyprus<\/p>\n<p>Androulla Papakyriakou, University of Nicosia<\/p>\n<p>Maria Papadopoulou, Artistotle University of Thessaloniki<\/p>\n<p>Marilena Paraskeva, University of Cyprus<\/p>\n<p>Kakia Peteinou, Cyprus University of Technology<\/p>\n<p>Unn R\u00f8yneland, Universitetet i Oslo<\/p>\n<p>Eleni Skourtou, University of the Aegean<\/p>\n<p>Andry Sophocleous, University of Nicosia<\/p>\n<p>Anastasia Stamou, Artistotle University of Thessaloniki<\/p>\n<p>Christiana Themistocleous, University of Reading<\/p>\n<p>Villy Tsakona, University of Athens<\/p>\n<p>Dina Tsagari, Oslo Metropolitan University-Oslo Met<\/p>\n<p>Stavroula Tsiplakou, Open University of Cyprus<\/p>\n<p>Roula Tsokalidou, Artistotle University of Thessaloniki<\/p>\n<p>Andrea Young, Universit\u00e9 de Strasbourg<\/p>\n<p>&nbsp;<\/p>\n<p>&nbsp;<\/p>\n<h3><span style=\"text-decoration: underline;\"><span style=\"color: #008080; text-decoration: underline;\">Local Organizing Committee<\/span><\/span><\/h3>\n<p>Spyros Armostis, European University Cyprus<\/p>\n<p>Constadina Charalambous, European University Cyprus<\/p>\n<p>Valentina Christodoulou, University of Cyprus<\/p>\n<p>D\u00fcriye G\u00f6k\u00e7eba\u011f, University of Cyprus<\/p>\n<p>Elena Ioannidou, University of Cyprus<\/p>\n<p>Efi Ioannidou, Ministry of Education and Culture<\/p>\n<p>Elisavet Kiourti, European University of Cyprus<\/p>\n<p>Stavroula Kontovourki, University of Cyprus<\/p>\n<p>Despo Kyprianou, Cyprus Pedagogical Institute<\/p>\n<p>Nansia Kyriakou, University of Cyprus<\/p>\n<p>Theoni Neokleous, University of Cyprus<\/p>\n<p>Marilena Paraskeva, University of Cyprus<\/p>\n<p>Stavroula Tsiplakou, Open University of Cyprus<\/p>\n<p>&nbsp;<\/p>\n<p>[\/et_pb_text][\/et_pb_column][\/et_pb_row][\/et_pb_section][et_pb_section fb_built=&#8221;1&#8243; _builder_version=&#8221;3.29.3&#8243; fb_built=&#8221;1&#8243; _i=&#8221;2&#8243; _address=&#8221;2&#8243;][\/et_pb_section][et_pb_section fb_built=&#8221;1&#8243; _builder_version=&#8221;3.29.3&#8243; bottom_divider_style=&#8221;graph3&#8243; bottom_divider_color=&#8221;#3181bf&#8221; fb_built=&#8221;1&#8243; _i=&#8221;3&#8243; _address=&#8221;3&#8243;][\/et_pb_section]<\/p>\n","protected":false},"excerpt":{"rendered":"<p>CommitteesScientific Committee Eleni Agathopoulou, Artistotle University of Thessaloniki Georges Androulakis, University of Thessaly Argiris Archakis, University of Patras Spyros Armostis, European University Cyprus Spyridoula Bella, University of Athens Christiane Bongartz, Universit\u00e4t zu K\u00f6ln Massimo Cerrutti, Universit\u00e0 degli Studi di Torino Constadina Charalambous,\u00a0European University Cyprus Pavlina Chatzitheodoulou, Pedagogical Institute of Cyprus Aspasia Chatzidaki, University of Crete [&hellip;]<\/p>\n","protected":false},"author":1,"featured_media":0,"parent":0,"menu_order":0,"comment_status":"closed","ping_status":"closed","template":"","meta":{"_et_pb_use_builder":"on","_et_pb_old_content":"<!-- wp:divi\/placeholder \/-->","_et_gb_content_width":""},"_links":{"self":[{"href":"https:\/\/cyprusconferences.org\/clc6\/wp-json\/wp\/v2\/pages\/20"}],"collection":[{"href":"https:\/\/cyprusconferences.org\/clc6\/wp-json\/wp\/v2\/pages"}],"about":[{"href":"https:\/\/cyprusconferences.org\/clc6\/wp-json\/wp\/v2\/types\/page"}],"author":[{"embeddable":true,"href":"https:\/\/cyprusconferences.org\/clc6\/wp-json\/wp\/v2\/users\/1"}],"replies":[{"embeddable":true,"href":"https:\/\/cyprusconferences.org\/clc6\/wp-json\/wp\/v2\/comments?post=20"}],"version-history":[{"count":14,"href":"https:\/\/cyprusconferences.org\/clc6\/wp-json\/wp\/v2\/pages\/20\/revisions"}],"predecessor-version":[{"id":774,"href":"https:\/\/cyprusconferences.org\/clc6\/wp-json\/wp\/v2\/pages\/20\/revisions\/774"}],"wp:attachment":[{"href":"https:\/\/cyprusconferences.org\/clc6\/wp-json\/wp\/v2\/media?parent=20"}],"curies":[{"name":"wp","href":"https:\/\/api.w.org\/{rel}","templated":true}]}}