{"id":341,"date":"2019-11-21T09:15:48","date_gmt":"2019-11-21T09:15:48","guid":{"rendered":"http:\/\/cyprusconferences.org\/clc6\/%ce%b5%cf%80%ce%b9%cf%84%cf%81%ce%bf%cf%80%ce%ae\/"},"modified":"2019-12-11T07:08:57","modified_gmt":"2019-12-11T07:08:57","slug":"%ce%b5%cf%80%ce%b9%cf%84%cf%81%ce%bf%cf%80%ce%ae","status":"publish","type":"page","link":"https:\/\/cyprusconferences.org\/clc6\/%ce%b5%cf%80%ce%b9%cf%84%cf%81%ce%bf%cf%80%ce%ae\/?lang=el","title":{"rendered":"\u0395\u03c0\u03b9\u03c4\u03c1\u03bf\u03c0\u03ae"},"content":{"rendered":"<p>[et_pb_section fb_built=&#8221;1&#8243; prev_background_color=&#8221;#ffffff&#8221; _builder_version=&#8221;3.29.3&#8243; background_image=&#8221;http:\/\/cyprusconferences.org\/clc6\/wp-content\/uploads\/2019\/10\/Nicosia_panorama_banner.jpg&#8221; top_divider_style=&#8221;graph4&#8243; fb_built=&#8221;1&#8243; _i=&#8221;0&#8243; _address=&#8221;0&#8243;][et_pb_row _builder_version=&#8221;3.29.3&#8243; _i=&#8221;0&#8243; _address=&#8221;0.0&#8243;][et_pb_column type=&#8221;4_4&#8243; _builder_version=&#8221;3.29.3&#8243; _i=&#8221;0&#8243; _address=&#8221;0.0.0&#8243;][\/et_pb_column][\/et_pb_row][\/et_pb_section][et_pb_section fb_built=&#8221;1&#8243; _builder_version=&#8221;3.29.3&#8243; fb_built=&#8221;1&#8243; _i=&#8221;1&#8243; _address=&#8221;1&#8243;][et_pb_row _builder_version=&#8221;3.29.3&#8243; _i=&#8221;0&#8243; _address=&#8221;1.0&#8243;][et_pb_column type=&#8221;4_4&#8243; _builder_version=&#8221;3.29.3&#8243; _i=&#8221;0&#8243; _address=&#8221;1.0.0&#8243;][et_pb_text _builder_version=&#8221;3.29.3&#8243; _i=&#8221;0&#8243; _address=&#8221;1.0.0.0&#8243;]<\/p>\n<h1><strong>\u0395\u03c0\u03b9\u03c4\u03c1\u03bf\u03c0\u03ae<\/strong><\/h1>\n<hr \/>\n<p>[\/et_pb_text][\/et_pb_column][\/et_pb_row][et_pb_row _builder_version=&#8221;3.29.3&#8243; _i=&#8221;1&#8243; _address=&#8221;1.1&#8243;][et_pb_column type=&#8221;4_4&#8243; _builder_version=&#8221;3.29.3&#8243; _i=&#8221;0&#8243; _address=&#8221;1.1.0&#8243;][et_pb_text _builder_version=&#8221;3.29.3&#8243; hover_enabled=&#8221;0&#8243; _i=&#8221;0&#8243; _address=&#8221;1.1.0.0&#8243;]<\/p>\n<h3><span style=\"text-decoration: underline;\"><span style=\"color: #008080; text-decoration: underline;\">\u0395\u03c0\u03b9\u03c3\u03c4\u03b7\u03bc\u03bf\u03bd\u03b9\u03ba\u03ae \u0395\u03c0\u03b9\u03c4\u03c1\u03bf\u03c0\u03ae<\/span><\/span><\/h3>\n<p>\u0395\u03bb\u03ad\u03bd\u03b7 \u0391\u03b3\u03b1\u03b8\u03bf\u03c0\u03bf\u03cd\u03bb\u03bf\u03c5, \u0391\u03c1\u03b9\u03c3\u03c4\u03bf\u03c4\u03ad\u03bb\u03b5\u03b9\u03bf \u03a0\u03b1\u03bd\u03b5\u03c0\u03b9\u03c3\u03c4\u03ae\u03bc\u03b9\u03bf \u0398\u03b5\u03c3\u03c3\u03b1\u03bb\u03bf\u03bd\u03af\u03ba\u03b7\u03c2<\/p>\n<p>\u0393\u03b9\u03ce\u03c1\u03b3\u03bf\u03c2 \u0391\u03bd\u03b4\u03c1\u03bf\u03c5\u03bb\u03ac\u03ba\u03b7\u03c2, \u03a0\u03b1\u03bd\u03b5\u03c0\u03b9\u03c3\u03c4\u03ae\u03bc\u03b9\u03bf \u0398\u03b5\u03c3\u03c3\u03b1\u03bb\u03af\u03b1\u03c2<\/p>\n<p>\u0391\u03c1\u03b3\u03cd\u03c1\u03b7\u03c2 \u0391\u03c1\u03c7\u03ac\u03ba\u03b7\u03c2, \u03a0\u03b1\u03bd\u03b5\u03c0\u03b9\u03c3\u03c4\u03ae\u03bc\u03b9\u03bf \u03a0\u03b1\u03c4\u03c1\u03ce\u03bd<\/p>\n<p>Christiane Bongartz, Universit\u00e4t zu K\u00f6ln<\/p>\n<p>Massimo Cerruti, Universit\u00e0 degli Studi di Torino<\/p>\n<p>Silvia Dal Negro, Libera Universit\u00e0 di Bolzano<\/p>\n<p>\u03a7\u03c1\u03ae\u03c3\u03c4\u03bf\u03c2 \u0393\u03ba\u03cc\u03b2\u03b1\u03c1\u03b7\u03c2, \u03a0\u03b1\u03bd\u03b5\u03c0\u03b9\u03c3\u03c4\u03ae\u03bc\u03b9\u03bf \u0398\u03b5\u03c3\u03c3\u03b1\u03bb\u03af\u03b1\u03c2<\/p>\n<p>D\u00fcriye G\u00f6k\u00e7eba\u011f, \u03a0\u03b1\u03bd\u03b5\u03c0\u03b9\u03c3\u03c4\u03ae\u03bc\u03b9\u03bf \u039a\u03cd\u03c0\u03c1\u03bf\u03c5<\/p>\n<p>Kleanthes Grohmann, \u03a0\u03b1\u03bd\u03b5\u03c0\u03b9\u03c3\u03c4\u03ae\u03bc\u03b9\u03bf \u039a\u03cd\u03c0\u03c1\u03bf\u03c5<\/p>\n<p>Christine \u0397\u00e9lot, Universit\u00e9 de Strasbourg<\/p>\n<p>Frans Hinskens, Meertens Instituut &amp; Radboud Universiteit Nijmegen<\/p>\n<p>\u03a7\u03c1\u03b9\u03c3\u03c4\u03b9\u03ac\u03bd\u03b1 \u0398\u03b5\u03bc\u03b9\u03c3\u03c4\u03bf\u03ba\u03bb\u03ad\u03bf\u03c5\u03c2, University of Reading<\/p>\n<p>\u0388\u03bb\u03b5\u03bd\u03b1 \u0399\u03c9\u03b1\u03bd\u03bd\u03af\u03b4\u03bf\u03c5, \u03a0\u03b1\u03bd\u03b5\u03c0\u03b9\u03c3\u03c4\u03ae\u03bc\u03b9\u03bf \u039a\u03cd\u03c0\u03c1\u03bf\u03c5<\/p>\n<p>\u03a0\u03ad\u03c4\u03c1\u03bf\u03c2 \u039a\u03b1\u03c1\u03b1\u03c4\u03c3\u03b1\u03c1\u03ad\u03b1\u03c2, University of Westminster<\/p>\n<p>\u0394\u03ae\u03bc\u03b7\u03c4\u03c1\u03b1 \u039a\u03ac\u03c1\u03bf\u03c5\u03bb\u03bb\u03b1-\u0392\u03c1\u03af\u03ba\u03ba\u03b7, \u0395\u03c5\u03c1\u03c9\u03c0\u03b1\u03ca\u03ba\u03cc \u03a0\u03b1\u03bd\u03b5\u03c0\u03b9\u03c3\u03c4\u03ae\u03bc\u03b9\u03bf \u039a\u03cd\u03c0\u03c1\u03bf\u03c5<\/p>\n<p>Svetlana Karpava, \u03a0\u03b1\u03bd\u03b5\u03c0\u03b9\u03c3\u03c4\u03ae\u03bc\u03b9\u03bf \u039a\u03cd\u03c0\u03c1\u03bf\u03c5<\/p>\n<p>\u039c\u03b1\u03c1\u03b9\u03bb\u03ad\u03bd\u03b1 \u039a\u03b1\u03c1\u03c5\u03bf\u03bb\u03b1\u03af\u03bc\u03bf\u03c5, \u03a0\u03b1\u03bd\u03b5\u03c0\u03b9\u03c3\u03c4\u03ae\u03bc\u03b9\u03bf \u039a\u03cd\u03c0\u03c1\u03bf\u03c5<\/p>\n<p>\u0395\u03bb\u03b9\u03c3\u03ac\u03b2\u03b5\u03c4 \u039a\u03b9\u03bf\u03cd\u03c1\u03c4\u03b7, \u0395\u03c5\u03c1\u03c9\u03c0\u03b1\u03ca\u03ba\u03cc \u03a0\u03b1\u03bd\u03b5\u03c0\u03b9\u03c3\u03c4\u03ae\u03bc\u03b9\u03bf \u039a\u03cd\u03c0\u03c1\u03bf\u03c5<\/p>\n<p>\u039c\u03b1\u03c1\u03b9\u03ac\u03bd\u03bd\u03b1 \u039a\u03bf\u03bd\u03b4\u03cd\u03bb\u03b7, \u03a0\u03b1\u03bd\u03b5\u03c0\u03b9\u03c3\u03c4\u03ae\u03bc\u03b9\u03bf \u03a0\u03b1\u03c4\u03c1\u03ce\u03bd<\/p>\n<p>\u0391\u03b3\u03b3\u03b5\u03bb\u03b9\u03ba\u03ae \u039a\u03bf\u03b9\u03bb\u03b9\u03ac\u03c1\u03b7, \u0391\u03c1\u03b9\u03c3\u03c4\u03bf\u03c4\u03ad\u03bb\u03b5\u03b9\u03bf \u03a0\u03b1\u03bd\u03b5\u03c0\u03b9\u03c3\u03c4\u03ae\u03bc\u03b9\u03bf \u0398\u03b5\u03c3\u03c3\u03b1\u03bb\u03bf\u03bd\u03af\u03ba\u03b7\u03c2<\/p>\n<p>\u03a3\u03c4\u03b1\u03c5\u03c1\u03bf\u03cd\u03bb\u03b1 \u039a\u03bf\u03bd\u03c4\u03bf\u03b2\u03bf\u03cd\u03c1\u03ba\u03b7, \u03a0\u03b1\u03bd\u03b5\u03c0\u03b9\u03c3\u03c4\u03ae\u03bc\u03b9\u03bf \u039a\u03cd\u03c0\u03c1\u03bf\u03c5<\/p>\n<p>\u0392\u03b1\u03c3\u03b9\u03bb\u03b5\u03af\u03b1 \u039a\u03bf\u03cd\u03c1\u03c4\u03b7-\u039a\u03b1\u03b6\u03bf\u03cd\u03bb\u03b7, \u03a0\u03b1\u03bd\u03b5\u03c0\u03b9\u03c3\u03c4\u03ae\u03bc\u03b9\u03bf \u0391\u03b9\u03b3\u03b1\u03af\u03bf\u03c5<\/p>\n<p>\u0394\u03ad\u03c3\u03c0\u03c9 \u039a\u03c5\u03c0\u03c1\u03b9\u03b1\u03bd\u03bf\u03cd, \u03a0\u03b1\u03b9\u03b4\u03b1\u03b3\u03c9\u03b3\u03b9\u03ba\u03cc \u0399\u03bd\u03c3\u03c4\u03b9\u03c4\u03bf\u03cd\u03c4\u03bf \u039a\u03cd\u03c0\u03c1\u03bf\u03c5<\/p>\n<p>\u039d\u03ac\u03bd\u03c3\u03b9\u03b1 \u039a\u03c5\u03c1\u03b9\u03ac\u03ba\u03bf\u03c5, \u03a0\u03b1\u03bd\u03b5\u03c0\u03b9\u03c3\u03c4\u03ae\u03bc\u03b9\u03bf \u039a\u03cd\u03c0\u03c1\u03bf\u03c5<\/p>\n<p>Elizabeth Lanza, Universitetet i Oslo<\/p>\n<p>\u0392\u03ac\u03bb\u03bb\u03b7 \u039b\u03cd\u03c4\u03c1\u03b1, Goldsmiths, University of London<\/p>\n<p>\u0398\u03b5\u03cc\u03b4\u03c9\u03c1\u03bf\u03c2 \u039c\u03b1\u03c1\u03af\u03bd\u03b7\u03c2, Universit\u00e4t Konstanz<\/p>\n<p>Vicky McLeroy, Goldsmiths, \u03a0\u03b1\u03bd\u03b5\u03c0\u03b9\u03c3\u03c4\u03ae\u03bc\u03b9\u03bf \u03c4\u03bf\u03c5 \u039b\u03bf\u03bd\u03b4\u03af\u03bd\u03bf\u03c5<\/p>\n<p>\u03a3\u03bf\u03cd\u03bb\u03b1 \u039c\u03b9\u03c4\u03b1\u03ba\u03af\u03b4\u03bf\u03c5, \u0391\u03c1\u03b9\u03c3\u03c4\u03bf\u03c4\u03ad\u03bb\u03b5\u03b9\u03bf \u03a0\u03b1\u03bd\u03b5\u03c0\u03b9\u03c3\u03c4\u03ae\u03bc\u03b9\u03bf \u0398\u03b5\u03c3\u03c3\u03b1\u03bb\u03bf\u03bd\u03af\u03ba\u03b7\u03c2<\/p>\n<p>\u03a3\u03c0\u03c5\u03c1\u03b9\u03b4\u03bf\u03cd\u03bb\u03b1 \u039c\u03c0\u03ad\u03bb\u03bb\u03b1, \u03a0\u03b1\u03bd\u03b5\u03c0\u03b9\u03c3\u03c4\u03ae\u03bc\u03b9\u03bf \u0391\u03b8\u03b7\u03bd\u03ce\u03bd<\/p>\n<p>\u03a6\u03bf\u03af\u03b2\u03bf\u03c2 \u03a0\u03b1\u03bd\u03b1\u03b3\u03b9\u03c9\u03c4\u03af\u03b4\u03b7\u03c2, \u03a0\u03b1\u03bd\u03b5\u03c0\u03b9\u03c3\u03c4\u03ae\u03bc\u03b9\u03bf \u039a\u03cd\u03c0\u03c1\u03bf\u03c5<\/p>\n<p>\u039c\u03b1\u03c1\u03af\u03b1 \u03a0\u03b1\u03c0\u03b1\u03b4\u03bf\u03c0\u03bf\u03cd\u03bb\u03bf\u03c5, \u0391\u03c1\u03b9\u03c3\u03c4\u03bf\u03c4\u03ad\u03bb\u03b5\u03b9\u03bf \u03a0\u03b1\u03bd\u03b5\u03c0\u03b9\u03c3\u03c4\u03ae\u03bc\u03b9\u03bf \u0398\u03b5\u03c3\u03c3\u03b1\u03bb\u03bf\u03bd\u03af\u03ba\u03b7\u03c2<\/p>\n<p>\u0391\u03bd\u03b4\u03c1\u03bf\u03cd\u03bb\u03b1 \u03a0\u03b1\u03c0\u03b1\u03ba\u03c5\u03c1\u03b9\u03b1\u03ba\u03bf\u03cd, \u03a0\u03b1\u03bd\u03b5\u03c0\u03b9\u03c3\u03c4\u03ae\u03bc\u03b9\u03bf \u039b\u03b5\u03c5\u03ba\u03c9\u03c3\u03af\u03b1\u03c2<\/p>\n<p>\u039c\u03b1\u03c1\u03b9\u03bb\u03ad\u03bd\u03b1 \u03a0\u03b1\u03c1\u03b1\u03c3\u03ba\u03b5\u03c5\u03ac, \u03a0\u03b1\u03bd\u03b5\u03c0\u03b9\u03c3\u03c4\u03ae\u03bc\u03b9\u03bf \u039a\u03cd\u03c0\u03c1\u03bf\u03c5<\/p>\n<p>\u039a\u03ac\u03ba\u03b9\u03b1 \u03a0\u03b5\u03c4\u03b5\u03b9\u03bd\u03bf\u03cd, \u03a4\u03b5\u03c7\u03bd\u03bf\u03bb\u03bf\u03b3\u03b9\u03ba\u03cc \u03a0\u03b1\u03bd\u03b5\u03c0\u03b9\u03c3\u03c4\u03ae\u03bc\u03b9\u03bf \u039a\u03cd\u03c0\u03c1\u03bf\u03c5<\/p>\n<p>Unn Ryneland, Universitetet i Oslo<\/p>\n<p>\u0386\u03bd\u03c4\u03c1\u03b7 \u03a3\u03bf\u03c6\u03bf\u03ba\u03bb\u03ad\u03bf\u03c5\u03c2, \u03a0\u03b1\u03bd\u03b5\u03c0\u03b9\u03c3\u03c4\u03ae\u03bc\u03b9\u03bf \u039b\u03b5\u03c5\u03ba\u03c9\u03c3\u03af\u03b1\u03c2<\/p>\n<p>\u0395\u03bb\u03ad\u03bd\u03b7 \u03a3\u03ba\u03bf\u03cd\u03c1\u03c4\u03bf\u03c5, \u03a0\u03b1\u03bd\u03b5\u03c0\u03b9\u03c3\u03c4\u03ae\u03bc\u03b9\u03bf \u0391\u03b9\u03b3\u03b1\u03af\u03bf\u03c5<\/p>\n<p>\u0391\u03bd\u03b1\u03c3\u03c4\u03b1\u03c3\u03af\u03b1 \u03a3\u03c4\u03ac\u03bc\u03bf\u03c5, \u0391\u03c1\u03b9\u03c3\u03c4\u03bf\u03c4\u03ad\u03bb\u03b5\u03b9\u03bf \u03a0\u03b1\u03bd\u03b5\u03c0\u03b9\u03c3\u03c4\u03ae\u03bc\u03b9\u03bf \u0398\u03b5\u03c3\u03c3\u03b1\u03bb\u03bf\u03bd\u03af\u03ba\u03b7\u03c2<\/p>\n<p>\u039d\u03c4\u03af\u03bd\u03b1 \u03a4\u03c3\u03b1\u03b3\u03b3\u03b1\u03c1\u03ae, Oslo Metropolitan University-Oslo Met<\/p>\n<p>\u0392\u03b1\u03c3\u03b9\u03bb\u03b9\u03ba\u03ae \u03a4\u03c3\u03ac\u03ba\u03c9\u03bd\u03b1, \u03a0\u03b1\u03bd\u03b5\u03c0\u03b9\u03c3\u03c4\u03ae\u03bc\u03b9\u03bf \u0391\u03b8\u03b7\u03bd\u03ce\u03bd<\/p>\n<p>\u03a3\u03c4\u03b1\u03c5\u03c1\u03bf\u03cd\u03bb\u03b1 \u03a4\u03c3\u03b9\u03c0\u03bb\u03ac\u03ba\u03bf\u03c5, \u0391\u03bd\u03bf\u03b9\u03ba\u03c4\u03cc \u03a0\u03b1\u03bd\u03b5\u03c0\u03b9\u03c3\u03c4\u03ae\u03bc\u03b9\u03bf \u039a\u03cd\u03c0\u03c1\u03bf\u03c5<\/p>\n<p>\u03a1\u03bf\u03cd\u03bb\u03b1 \u03a4\u03c3\u03bf\u03ba\u03b1\u03bb\u03af\u03b4\u03bf\u03c5, \u0391\u03c1\u03b9\u03c3\u03c4\u03bf\u03c4\u03ad\u03bb\u03b5\u03b9\u03bf \u03a0\u03b1\u03bd\u03b5\u03c0\u03b9\u03c3\u03c4\u03ae\u03bc\u03b9\u03bf \u0398\u03b5\u03c3\u03c3\u03b1\u03bb\u03bf\u03bd\u03af\u03ba\u03b7\u03c2<\/p>\n<p>\u039a\u03c9\u03bd\u03c3\u03c4\u03b1\u03bd\u03c4\u03af\u03bd\u03b1 \u03a7\u03b1\u03c1\u03b1\u03bb\u03ac\u03bc\u03c0\u03bf\u03c5\u03c2, \u0395\u03c5\u03c1\u03c9\u03c0\u03b1\u03ca\u03ba\u03cc \u03a0\u03b1\u03bd\u03b5\u03c0\u03b9\u03c3\u03c4\u03ae\u03bc\u03b9\u03bf \u039a\u03cd\u03c0\u03c1\u03bf\u03c5<\/p>\n<p>\u0391\u03c3\u03c0\u03b1\u03c3\u03af\u03b1 \u03a7\u03b1\u03c4\u03b6\u03b7\u03b4\u03ac\u03ba\u03b7, \u03a0\u03b1\u03bd\u03b5\u03c0\u03b9\u03c3\u03c4\u03ae\u03bc\u03b9\u03bf \u039a\u03c1\u03ae\u03c4\u03b7\u03c2<\/p>\n<p>\u03a0\u03b1\u03c5\u03bb\u03af\u03bd\u03b1 \u03a7\u03b1\u03c4\u03b6\u03b7\u03b8\u03b5\u03bf\u03b4\u03bf\u03cd\u03bb\u03bf\u03c5, \u03a0\u03b1\u03b9\u03b4\u03b1\u03b3\u03c9\u03b3\u03b9\u03ba\u03cc \u0399\u03bd\u03c3\u03c4\u03b9\u03c4\u03bf\u03cd\u03c4\u03bf \u039a\u03cd\u03c0\u03c1\u03bf\u03c5<\/p>\n<p>\u0386\u03bd\u03bd\u03b1 \u03a7\u03b1\u03c4\u03b6\u03b7\u03c0\u03b1\u03bd\u03b1\u03b3\u03b9\u03c9\u03c4\u03af\u03b4\u03b7, \u03a0\u03b1\u03bd\u03b5\u03c0\u03b9\u03c3\u03c4\u03ae\u03bc\u03b9\u03bf Frederick<\/p>\n<p>\u0392\u03b1\u03bb\u03b5\u03bd\u03c4\u03af\u03bd\u03b1 \u03a7\u03c1\u03b9\u03c3\u03c4\u03bf\u03b4\u03bf\u03cd\u03bb\u03bf\u03c5, \u03a0\u03b1\u03bd\u03b5\u03c0\u03b9\u03c3\u03c4\u03ae\u03bc\u03b9\u03bf \u039a\u03cd\u03c0\u03c1\u03bf\u03c5<\/p>\n<p>Andrea Young, Universit\u00e9 de Strasbourg<\/p>\n<h3><\/h3>\n<p>&nbsp;<\/p>\n<h3><span style=\"text-decoration: underline;\"><span style=\"color: #008080; text-decoration: underline;\">\u039f\u03c1\u03b3\u03b1\u03bd\u03c9\u03c4\u03b9\u03ba\u03ae \u0395\u03c0\u03b9\u03c4\u03c1\u03bf\u03c0\u03ae<\/span><\/span><\/h3>\n<p>\u03a3\u03c0\u03cd\u03c1\u03bf\u03c2 \u0391\u03c1\u03bc\u03bf\u03c3\u03c4\u03ae\u03c2, \u0395\u03c5\u03c1\u03c9\u03c0\u03b1\u03ca\u03ba\u03cc \u03a0\u03b1\u03bd\u03b5\u03c0\u03b9\u03c3\u03c4\u03ae\u03bc\u03b9\u03bf \u039a\u03cd\u03c0\u03c1\u03bf\u03c5<\/p>\n<p>D\u00fcriye G\u00f6k\u00e7eba\u011f, \u03a0\u03b1\u03bd\u03b5\u03c0\u03b9\u03c3\u03c4\u03ae\u03bc\u03b9\u03bf \u039a\u03cd\u03c0\u03c1\u03bf\u03c5<\/p>\n<p>\u0388\u03bb\u03b5\u03bd\u03b1 \u0399\u03c9\u03b1\u03bd\u03bd\u03af\u03b4\u03bf\u03c5, \u03a0\u03b1\u03bd\u03b5\u03c0\u03b9\u03c3\u03c4\u03ae\u03bc\u03b9\u03bf \u039a\u03cd\u03c0\u03c1\u03bf\u03c5<\/p>\n<p>\u0388\u03c6\u03b7 \u0399\u03c9\u03b1\u03bd\u03bd\u03af\u03b4\u03bf\u03c5, \u03a5\u03c0\u03bf\u03c5\u03c1\u03b3\u03b5\u03af\u03bf \u03a0\u03b1\u03b9\u03b4\u03b5\u03af\u03b1\u03c2 \u03ba\u03b1\u03b9 \u03a0\u03bf\u03bb\u03b9\u03c4\u03b9\u03c3\u03bc\u03bf\u03cd<\/p>\n<p>\u0395\u03bb\u03b9\u03c3\u03ac\u03b2\u03b5\u03c4 \u039a\u03b9\u03bf\u03cd\u03c1\u03c4\u03b7, \u0395\u03c5\u03c1\u03c9\u03c0\u03b1\u03ca\u03ba\u03cc \u03a0\u03b1\u03bd\u03b5\u03c0\u03b9\u03c3\u03c4\u03ae\u03bc\u03b9\u03bf \u039a\u03cd\u03c0\u03c1\u03bf\u03c5<\/p>\n<p>\u03a3\u03c4\u03b1\u03c5\u03c1\u03bf\u03cd\u03bb\u03b1 \u039a\u03bf\u03bd\u03c4\u03bf\u03b2\u03bf\u03cd\u03c1\u03ba\u03b7, \u03a0\u03b1\u03bd\u03b5\u03c0\u03b9\u03c3\u03c4\u03ae\u03bc\u03b9\u03bf \u039a\u03cd\u03c0\u03c1\u03bf\u03c5<\/p>\n<p>\u0394\u03ad\u03c3\u03c0\u03c9 \u039a\u03c5\u03c0\u03c1\u03b9\u03b1\u03bd\u03bf\u03cd, \u03a0\u03b1\u03b9\u03b4\u03b1\u03b3\u03c9\u03b3\u03b9\u03ba\u03cc \u0399\u03bd\u03c3\u03c4\u03b9\u03c4\u03bf\u03cd\u03c4\u03bf \u039a\u03cd\u03c0\u03c1\u03bf\u03c5<\/p>\n<p>\u039d\u03ac\u03bd\u03c3\u03b9\u03b1 \u039a\u03c5\u03c1\u03b9\u03ac\u03ba\u03bf\u03c5, \u03a0\u03b1\u03bd\u03b5\u03c0\u03b9\u03c3\u03c4\u03ae\u03bc\u03b9\u03bf \u039a\u03cd\u03c0\u03c1\u03bf\u03c5<\/p>\n<p>\u0398\u03b5\u03ce\u03bd\u03b7 \u039d\u03b5\u03bf\u03ba\u03bb\u03ad\u03bf\u03c5\u03c2, \u03a0\u03b1\u03bd\u03b5\u03c0\u03b9\u03c3\u03c4\u03ae\u03bc\u03b9\u03bf \u039a\u03cd\u03c0\u03c1\u03bf\u03c5<\/p>\n<p>\u039c\u03b1\u03c1\u03b9\u03bb\u03ad\u03bd\u03b1 \u03a0\u03b1\u03c1\u03b1\u03c3\u03ba\u03b5\u03c5\u03ac, \u03a0\u03b1\u03bd\u03b5\u03c0\u03b9\u03c3\u03c4\u03ae\u03bc\u03b9\u03bf \u039a\u03cd\u03c0\u03c1\u03bf\u03c5<\/p>\n<p>\u03a3\u03c4\u03b1\u03c5\u03c1\u03bf\u03cd\u03bb\u03b1 \u03a4\u03c3\u03b9\u03c0\u03bb\u03ac\u03ba\u03bf\u03c5, \u0391\u03bd\u03bf\u03b9\u03ba\u03c4\u03cc \u03a0\u03b1\u03bd\u03b5\u03c0\u03b9\u03c3\u03c4\u03ae\u03bc\u03b9\u03bf \u039a\u03cd\u03c0\u03c1\u03bf\u03c5<\/p>\n<p>\u039a\u03c9\u03bd\u03c3\u03c4\u03b1\u03bd\u03c4\u03af\u03bd\u03b1 \u03a7\u03b1\u03c1\u03b1\u03bb\u03ac\u03bc\u03c0\u03bf\u03c5\u03c2, \u0395\u03c5\u03c1\u03c9\u03c0\u03b1\u03ca\u03ba\u03cc \u03a0\u03b1\u03bd\u03b5\u03c0\u03b9\u03c3\u03c4\u03ae\u03bc\u03b9\u03bf \u039a\u03cd\u03c0\u03c1\u03bf\u03c5<\/p>\n<p>\u0392\u03b1\u03bb\u03b5\u03bd\u03c4\u03af\u03bd\u03b1 \u03a7\u03c1\u03b9\u03c3\u03c4\u03bf\u03b4\u03bf\u03cd\u03bb\u03bf\u03c5, \u03a0\u03b1\u03bd\u03b5\u03c0\u03b9\u03c3\u03c4\u03ae\u03bc\u03b9\u03bf \u039a\u03cd\u03c0\u03c1\u03bf\u03c5<br \/>\n[\/et_pb_text][\/et_pb_column][\/et_pb_row][\/et_pb_section][et_pb_section fb_built=&#8221;1&#8243; _builder_version=&#8221;3.29.3&#8243; fb_built=&#8221;1&#8243; _i=&#8221;2&#8243; _address=&#8221;2&#8243;][\/et_pb_section][et_pb_section fb_built=&#8221;1&#8243; _builder_version=&#8221;3.29.3&#8243; bottom_divider_style=&#8221;graph3&#8243; bottom_divider_color=&#8221;#3181bf&#8221; fb_built=&#8221;1&#8243; _i=&#8221;3&#8243; _address=&#8221;3&#8243;][\/et_pb_section]<\/p>\n","protected":false},"excerpt":{"rendered":"<p>\u0395\u03c0\u03b9\u03c4\u03c1\u03bf\u03c0\u03ae \u0395\u03c0\u03b9\u03c3\u03c4\u03b7\u03bc\u03bf\u03bd\u03b9\u03ba\u03ae \u0395\u03c0\u03b9\u03c4\u03c1\u03bf\u03c0\u03ae \u0395\u03bb\u03ad\u03bd\u03b7 \u0391\u03b3\u03b1\u03b8\u03bf\u03c0\u03bf\u03cd\u03bb\u03bf\u03c5, \u0391\u03c1\u03b9\u03c3\u03c4\u03bf\u03c4\u03ad\u03bb\u03b5\u03b9\u03bf \u03a0\u03b1\u03bd\u03b5\u03c0\u03b9\u03c3\u03c4\u03ae\u03bc\u03b9\u03bf \u0398\u03b5\u03c3\u03c3\u03b1\u03bb\u03bf\u03bd\u03af\u03ba\u03b7\u03c2 \u0393\u03b9\u03ce\u03c1\u03b3\u03bf\u03c2 \u0391\u03bd\u03b4\u03c1\u03bf\u03c5\u03bb\u03ac\u03ba\u03b7\u03c2, \u03a0\u03b1\u03bd\u03b5\u03c0\u03b9\u03c3\u03c4\u03ae\u03bc\u03b9\u03bf \u0398\u03b5\u03c3\u03c3\u03b1\u03bb\u03af\u03b1\u03c2 \u0391\u03c1\u03b3\u03cd\u03c1\u03b7\u03c2 \u0391\u03c1\u03c7\u03ac\u03ba\u03b7\u03c2, \u03a0\u03b1\u03bd\u03b5\u03c0\u03b9\u03c3\u03c4\u03ae\u03bc\u03b9\u03bf \u03a0\u03b1\u03c4\u03c1\u03ce\u03bd Christiane Bongartz, Universit\u00e4t zu K\u00f6ln Massimo Cerruti, Universit\u00e0 degli Studi di Torino Silvia Dal Negro, Libera Universit\u00e0 di Bolzano \u03a7\u03c1\u03ae\u03c3\u03c4\u03bf\u03c2 \u0393\u03ba\u03cc\u03b2\u03b1\u03c1\u03b7\u03c2, \u03a0\u03b1\u03bd\u03b5\u03c0\u03b9\u03c3\u03c4\u03ae\u03bc\u03b9\u03bf \u0398\u03b5\u03c3\u03c3\u03b1\u03bb\u03af\u03b1\u03c2 D\u00fcriye G\u00f6k\u00e7eba\u011f, \u03a0\u03b1\u03bd\u03b5\u03c0\u03b9\u03c3\u03c4\u03ae\u03bc\u03b9\u03bf \u039a\u03cd\u03c0\u03c1\u03bf\u03c5 Kleanthes Grohmann, \u03a0\u03b1\u03bd\u03b5\u03c0\u03b9\u03c3\u03c4\u03ae\u03bc\u03b9\u03bf \u039a\u03cd\u03c0\u03c1\u03bf\u03c5 Christine \u0397\u00e9lot, Universit\u00e9 de Strasbourg Frans Hinskens, Meertens [&hellip;]<\/p>\n","protected":false},"author":1,"featured_media":0,"parent":0,"menu_order":0,"comment_status":"closed","ping_status":"closed","template":"","meta":{"_et_pb_use_builder":"on","_et_pb_old_content":"<!-- wp:divi\/placeholder \/-->","_et_gb_content_width":""},"_links":{"self":[{"href":"https:\/\/cyprusconferences.org\/clc6\/wp-json\/wp\/v2\/pages\/341"}],"collection":[{"href":"https:\/\/cyprusconferences.org\/clc6\/wp-json\/wp\/v2\/pages"}],"about":[{"href":"https:\/\/cyprusconferences.org\/clc6\/wp-json\/wp\/v2\/types\/page"}],"author":[{"embeddable":true,"href":"https:\/\/cyprusconferences.org\/clc6\/wp-json\/wp\/v2\/users\/1"}],"replies":[{"embeddable":true,"href":"https:\/\/cyprusconferences.org\/clc6\/wp-json\/wp\/v2\/comments?post=341"}],"version-history":[{"count":21,"href":"https:\/\/cyprusconferences.org\/clc6\/wp-json\/wp\/v2\/pages\/341\/revisions"}],"predecessor-version":[{"id":769,"href":"https:\/\/cyprusconferences.org\/clc6\/wp-json\/wp\/v2\/pages\/341\/revisions\/769"}],"wp:attachment":[{"href":"https:\/\/cyprusconferences.org\/clc6\/wp-json\/wp\/v2\/media?parent=341"}],"curies":[{"name":"wp","href":"https:\/\/api.w.org\/{rel}","templated":true}]}}