{"id":277,"date":"2018-04-24T12:19:30","date_gmt":"2018-04-24T12:19:30","guid":{"rendered":"http:\/\/cyprusconferences.org\/cloudcom2018\/?page_id=277"},"modified":"2018-07-20T08:04:38","modified_gmt":"2018-07-20T08:04:38","slug":"technical-program-committee","status":"publish","type":"page","link":"https:\/\/cyprusconferences.org\/cloudcom2018\/technical-program-committee\/","title":{"rendered":"Technical Program Committee"},"content":{"rendered":"<section class=\"wpb-content-wrapper\"><p>[vc_row 0=&#8221;&#8221;][vc_column width=&#8221;1\/2&#8243;][vc_column_text 0=&#8221;&#8221;]<strong>Track 1: Architecture, Storage and Virtualization<\/strong><\/p>\n<p><strong>Chairs:\u00a0<\/strong><\/p>\n<ul>\n<li>Luiz F. Bittencourt, University of Campinas (UNICAMP), Brazil<\/li>\n<li>Ivona Brandic, TU-Wien, Austria<\/li>\n<\/ul>\n<p><strong>PC Members:<\/strong><\/p>\n<ul>\n<li>Achim Streit, KIT Germany<\/li>\n<li>Ali Shoker, HASLab, INESC TEC &amp; University of Minho, Portugal<\/li>\n<li>Alvaro Lopez Garcia, IFCA (CSIC-UC), Spain<\/li>\n<li>Andreas Kassler, Karlstad University, Sweden<\/li>\n<li>Anthony Ventresque, University College Dubin, Ireland<\/li>\n<li>Ashiq Anjum, University of Derby, United Kingdom<\/li>\n<li>Bahman Javadi, Western Sydney University, Australia<\/li>\n<li>Bruno Schulze, LNCC, Brazil<\/li>\n<li>Chao-Tung Yang, Tunghai University, Taiwan<\/li>\n<li>Chathura Sarathchandra Magurawalage, University of Essex, InterDigital Europe, United Kingdom<\/li>\n<li>Che-Rung Lee, National Tsing Hua University, Taiwan<\/li>\n<li>Ekasit Kijsipongse, NECTEC, Thailand<\/li>\n<li>Felix Freitag, UPC, Spain<\/li>\n<li>Francesco Palmieri, University of Salerno, Italy<\/li>\n<li>Gabor Kecskemeti, Liverpool John Moores University, United Kingdom<\/li>\n<li>Georges da Costa, IRIT, France<\/li>\n<li>Huashan Yu, Peking University, China<\/li>\n<li>Jens Jensen, Science and Technology Facilities Council, United Kingdom<\/li>\n<li>Jing Gong, KTH, Sweden<\/li>\n<li>Jinho Hwang, IBM, USA<\/li>\n<li>Johan Lilius, Abo Academy, Finland<\/li>\n<li>Jorge G. Barbosa, Universidade do Porto, Portugal<\/li>\n<li>Kirill Kogan, IMDEA Networks, Spain<\/li>\n<li>Kurt Tutschku, Blekinge Institute of Technology (BTH), Sweden<\/li>\n<li>Kyle Hale, Illinois Institute of Technology, USA<\/li>\n<li>Lucas Nussbaum, LORIA &#8211; ALGORILLE, France<\/li>\n<li>Lu\u00eds Veiga, Instituto Superior T\u00e9cnico, Portugal<\/li>\n<li>Lutz Schubert, OMI, University of Ulm, Germany<\/li>\n<li>Pero Subasic, DOCOMO Innovations, USA<\/li>\n<li>Pietro Michiardi, Eurecom, France<\/li>\n<li>Rafael Mayo, CIEMAT, Spain<\/li>\n<li>Rafael Tolosana-Calasanz, Universidad de Zaragoza, Spain<\/li>\n<li>Roberto Canonico, Universita di Napoli Federico II, Italy<\/li>\n<li>Rodrigo N. Calheiros, Western Sydney University, Australia<\/li>\n<li>Silvio Pardi, INFN, Italy<\/li>\n<li>Tamas Lukovszki, E\u00f6tv\u00f6s Lor\u00e1nd University, Hungary<\/li>\n<li>Thomas Bauschert, TU Chemnitz, Germany<\/li>\n<li>Upendra Sharma, IBM T. J. Watson Research Center, USA<\/li>\n<li>Valentin Plugaru, University of Luxembourg, Luxembourg<\/li>\n<li>Vincent Emeakaroha, Cork Institute of Technology, Ireland<\/li>\n<li>Xianghan Zheng, FuZhou University, China<\/li>\n<li>Xingwei Wang, Northeastern University, China<\/li>\n<li>Yuri Demchenko, University of Amsterdam, Netherlands<\/li>\n<li>Zolt\u00e1n Mann, Univ. Duisburg-Essen, Germany<\/li>\n<\/ul>\n<p>[\/vc_column_text][\/vc_column][vc_column width=&#8221;1\/2&#8243;][vc_column_text 0=&#8221;&#8221;]<strong>Track 2:\u00a0Cloud Services and Applications\u00a0 <\/strong><\/p>\n<p><strong>Chairs:<\/strong><\/p>\n<ul>\n<li>Laura Ricci, University of Pisa, Italy<\/li>\n<li>Beniamino Di Martino, Seconda Universita\u2019 di Napoli, Italy<\/li>\n<\/ul>\n<p><strong>PC Members:<\/strong><\/p>\n<ul>\n<li>Fung Po Tso, Loughborough University<\/li>\n<li>Marco L. Della Vedova, Universit\u00e0 Cattolica del Sacro Cuore<\/li>\n<li>Matteo Dell&#8217;Amico, Symantec Research Labs<\/li>\n<li>Oleg Seredin, Tula State University<\/li>\n<li>Suzanne McIntosh, NYU Courant Institute, and Cloudera Inc.<\/li>\n<li>Shajulin Benedict, Indian Institute of Information Technology Kottayam<\/li>\n<li>Nuno Laranjeiro, University of Coimbra<\/li>\n<li>Claus Pahl, Dublin City University<\/li>\n<li>Carson Leung, University of Manitoba<\/li>\n<li>Laura Ricci, University of Pisa<\/li>\n<li>Aniello Castiglione, Department of Computer Science, University of Salerno<\/li>\n<li>Wes Lloyd, University of Washington<\/li>\n<li>Juan J. Durillo, Leibniz Supercomputing Center (LRZ), Munich<\/li>\n<li>Valentin Plugaru, University of Luxembourg<\/li>\n<li>Maria Carla Calzarossa, Universita di Pavia<\/li>\n<li>Fernando Ramos, Universidade de Lisboa<\/li>\n<li>Amr Alasaad, The University of British Columbia<\/li>\n<li>Lu\u00eds Veiga, Universidade de Lisboa<\/li>\n<li>Alessandro Lulli, DIBRIS, University of Genova.<\/li>\n<li>Emanuele Carlini, ISTI-CNR<\/li>\n<li>Shangguang Wang, Beijing University of Posts and Telecommunications<\/li>\n<li>Fabrizio Marozzo, DIMES, University of Calabria<\/li>\n<li>Bahman Javadi, Western Sydney University<\/li>\n<li>Marcelo Fantinato, University of S\u00e3o Paulo<\/li>\n<li>Ana-Maria Oprescu, University of Amsterdam<\/li>\n<li>Cihan Tunc, University of Arizona<\/li>\n<li>Gail-Joon Ahn, Arizona State University<\/li>\n<li>Hong-Linh Truong, Vienna University of Technology<\/li>\n<li>Claudio Ardagna, Universita&#8217; degli Studi di Milano &#8211; Dipartimento di Informatica<\/li>\n<li>Yun-Fu Liu, National Taiwan University<\/li>\n<li>Pieter Simoens, Ghent University<\/li>\n<li>Pan Hui, HKUST &amp; University of Helsinki<\/li>\n<li>Naghmeh Ivaki, University of Coimbra<\/li>\n<li>F\u00e9lix Cuadrado, Queen Mary University of London<\/li>\n<li>Anastasios Gounaris, Aristotle University of Thessaloniki<\/li>\n<li>Fabrizio Baiardi, dipartimento di informatica<\/li>\n<li>Andrey Kopylov, Tula State University<\/li>\n<li>Sergio Fortes, University of M\u00e1laga<\/li>\n<li>Dimitrios Pezaros, University of Glasgow<\/li>\n<li>Florin Pop, University Politehnica of Bucharest, Romania<\/li>\n<li>Daniele Tessera, Universita Cattolica del Sacro Cuore<\/li>\n<li>Filipe Araujo, Univ. of Coimbra<\/li>\n<li>Rodrigo N. Calheiros, Western Sydney University<\/li>\n<li>Jorge Roa, UTN-FRSF-CONICET<\/li>\n<li>Haralambos Mouratidis, University of Brighton<\/li>\n<li>Radu Prodan, University of Innsbruck<\/li>\n<li>Pedro Furtado, Univ. Coimbra \/ CISUC<\/li>\n<li>Jukka K. Nurminen, VTT Technical Research Centre of Finland<\/li>\n<li>Chao-Tung Yang, Department of Computer Science, Tunghai University<\/li>\n<li>Schahram Dustdar, Vienna University of Technology<\/li>\n<li>Zahir Tari, RMIT University<\/li>\n<li>Richard Sinnott, The University of Melbourne<\/li>\n<li>Carlo Mastroianni, ICAR-CNR<\/li>\n<li>Daniel Grosu, Wayne State University<\/li>\n<li>Martin Maier, INRS<\/li>\n<li>Bo-Hao Chen, Yuan Ze University<\/li>\n<li>Luca Oneto, University of Genoa<\/li>\n<li>Hong Xu, City University of Hong Kong<\/li>\n<li>Athanasios Vasilakos, NTUA<\/li>\n<li>Alberto Montresor, University of Trento<\/li>\n<li>Dusit Niyato, Nanyang Technological University<\/li>\n<li>Chang Hong Lin, National Taiwan University<\/li>\n<li>Laurence T. Yang, St Francis Xavier University<\/li>\n<li>Pedro Garcia Lopez, Universitat Rovira i Virgili<\/li>\n<li>Rafael Mayo, CIEMAT<\/li>\n<li>Jun Huang, Chongqing University of Posts and Telecomm<\/li>\n<li>Antonio Esposito, University of Campania &#8220;Luigi Vanvitelli&#8221;<\/li>\n<li>Salvatore Maisto, University of Campania &#8220;Luigi Vanvitelli&#8221;<\/li>\n<li>Stefania Nacchia, University of Campania &#8220;Luigi Vanvitelli&#8221;<\/li>\n<li>Salvatore D&#8217; Angelo, University of Campania &#8220;Luigi Vanvitelli&#8221;<\/li>\n<li>Michele Mastroianni, University of Campania &#8220;Luigi Vanvitelli&#8221;<\/li>\n<li>Rocco Aversa, University of Campania &#8220;Luigi Vanvitelli&#8221;<\/li>\n<li>Salvatore Venticinque, University of Campania &#8220;Luigi Vanvitelli&#8221;<\/li>\n<li>Massimo Ficco, University of Campania &#8220;Luigi Vanvitelli&#8221;<\/li>\n<li>Massimiliano Rak, University of Campania &#8220;Luigi Vanvitelli&#8221;<\/li>\n<li>Pasquale Cantiello, University of Campania &#8220;Luigi Vanvitelli&#8221;<\/li>\n<li>Barbara Guidi, University of Pisa<\/li>\n<li>Andrea De Salve, University of Pisa<\/li>\n<li>Paolo Mori, IIT, CNR, Pisa<\/li>\n<li>Damiano Di Francesco Maesa, IIT, CNR, Pisa<\/li>\n<li>Pietro Michiardi , EURECOM, France<\/li>\n<\/ul>\n<p>[\/vc_column_text][\/vc_column][\/vc_row][vc_row 0=&#8221;&#8221;][vc_column width=&#8221;1\/2&#8243;][vc_column_text 0=&#8221;&#8221;]<strong>Track 3: Security, Privacy and Trust\u00a0<\/strong><\/p>\n<p><strong>Chairs:\u00a0<\/strong><\/p>\n<ul>\n<li>Martin Gilje Jaatun, University of Stavanger, Norway<\/li>\n<li>Barbara Carminati, Insubria, Italy<\/li>\n<\/ul>\n<p><strong>PC Members:<\/strong><\/p>\n<ul>\n<li>Anirban Basu, KDDI Research, Inc.<\/li>\n<li>Rakesh B. Bobba, Oregon State University<\/li>\n<li>Bogdan Carbunar, Motorola Labs<\/li>\n<li>David Chadwick, University of Kent<\/li>\n<li>Roberto Di Pietro, Hamad Bin Khalifa University &#8211; College of Science and Engineering<\/li>\n<li>Xuhua Ding, SMU<\/li>\n<li>Carmen Fern\u00e1ndez-Gago, University of Malaga<\/li>\n<li>Radhika Garg, Syracuse University, USA<\/li>\n<li>Dieter Gollmann, Hamburg University of Technology<\/li>\n<li>Yu Hua, Huazhong University of Science and Technology<\/li>\n<li>Xinyi Huang, Fujian Normal University, China<\/li>\n<li>Karthick Jayaraman, Microsoft<\/li>\n<li>Albert Levi, Sabanci University<\/li>\n<li>Zhen Liu, Shanghai Jiao Tong University<\/li>\n<li>Haibing Lu, Santa Clara University<\/li>\n<li>Nuno Neves, DI FC UL<\/li>\n<li>Siaw-Lynn Ng, Royal Holloway, University of London<\/li>\n<li>Javier Parra-Arnau, Department of Telematics Engineering, Technical University of Catalonia (UPC)<\/li>\n<li>Alexander Pretschner, Technical University of Munich<\/li>\n<li>Elizabeth Quaglia, Royal Holloway, University of London<\/li>\n<li>Philipp Reinecke, Cardiff University<\/li>\n<li>Raphael M. Reischuk,<\/li>\n<li>Jean-Louis Roch, Univ. Grenoble-Alpes<\/li>\n<li>Anderson Santana De Oliveira, SAP<\/li>\n<li>Yuqiong Sun, Symantec Research Labs<\/li>\n<li>Hung-Min Sun, National Tsing Hua University<\/li>\n<li>Qiang Tang, Luxembourg Institute of Science and Technology<\/li>\n<li>Lingyu Wang, Concordia University<\/li>\n<li>Jian Weng, Jinan University<\/li>\n<li>Yanjiang Yang, Shield Lab, Huawei<\/li>\n<li>Yinqian Zhang, The Ohio State University<\/li>\n<\/ul>\n<p>[\/vc_column_text][\/vc_column][vc_column width=&#8221;1\/2&#8243;][vc_column_text 0=&#8221;&#8221;]<strong>Track 4: Edge Computing and Distributed Cloud\u00a0<\/strong><\/p>\n<p><strong>Chairs:<\/strong><\/p>\n<ul>\n<li>Antonio Fernandez Anta, IMDEA, Spain<\/li>\n<li>Sarunas Girdzijauskas, KTH, Sweden<\/li>\n<\/ul>\n<p><strong>PC Members:<\/strong><\/p>\n<ul>\n<li>Amr Alasaad, The University of British Columbia<\/li>\n<li>Ahmad Al-Shishtawy, Swedish Institute of Computer Science (SICS)<\/li>\n<li>Marcos Assuncao, Inria, LIP, ENS Lyon<\/li>\n<li>Yan Bai, University of Washington<\/li>\n<li>Luiz Fernando Bittencourt, University of Campinas<\/li>\n<li>Gregory Chockler, Royal Holloway, University of London<\/li>\n<li>Alexandru Costan, INRIA<\/li>\n<li>Thierry Coupaye, Orange Labs<\/li>\n<li>Frederic Desprez, INRIA<\/li>\n<li>Renato Figueiredo, University of Florida<\/li>\n<li>Sergio Fortes, University of M\u00e1laga<\/li>\n<li>Felix Freitag, Universitat Polit\u00e8cnica de Catalunya<\/li>\n<li>Helen Karatza, Aristotle University of Thessaloniki<\/li>\n<li>Adrien L\u00e8bre, Inria \/ Ecole des Mines<\/li>\n<li>Raquel Lopes, Universidade Federal de Campina Grande<\/li>\n<li>Xiaoqiang Ma, Huazhong University of Science and Technology<\/li>\n<li>Rafael Mayo, CIEMAT<\/li>\n<li>Enzo Mingozzi, University of Pisa<\/li>\n<li>Jedrzej Musial, Poznan University of Technology<\/li>\n<li>Klara Nahrstedt, University of Illinois at Urbana-Champaign<\/li>\n<li>Qixiang Pang, BigData Technologies<\/li>\n<li>Nikos Parlavantzas, INSA Rennes<\/li>\n<li>Dana Petcu, West University of Timisoara<\/li>\n<li>Guillaume Pierre, IRISA \/ Universit\u00e9 de Rennes 1<\/li>\n<li>Omer Rana, Cardiff University<\/li>\n<li>Lutz Schubert, OMI, University of Ulm<\/li>\n<li>Kaveh Shafiee, Huawei Technologies Canada<\/li>\n<li>Ali Shoker, HASLab, INESC TEC &amp; University of Minho<\/li>\n<li>Pieter Simoens, Ghent University<\/li>\n<li>Georgios L. Stavrinides, Aristotle University of Thessaloniki<\/li>\n<li>Mario S\u00fcdholt, IMT Atlantique (Nantes)<\/li>\n<li>Javid Taheri, Karlstad University<\/li>\n<li>Zahir Tari, RMIT University<\/li>\n<li>Andrei Tchernykh, CICESE Research Center<\/li>\n<li>Haiyang Wang, University of Minnesota duluth<\/li>\n<li>Yongwei Wu, Tsinghua University<\/li>\n<li>Laurence T. Yang, St Francis Xavier University<\/li>\n<\/ul>\n<p>[\/vc_column_text][\/vc_column][\/vc_row][vc_row 0=&#8221;&#8221;][vc_column width=&#8221;1\/2&#8243;][vc_column_text 0=&#8221;&#8221;]<strong>Short Papers, Posters, and Demo Track<\/strong><\/p>\n<p><strong>Chair:\u00a0<\/strong><\/p>\n<ul>\n<li>Ioannis Konstantinou, NTUA, Greece<\/li>\n<\/ul>\n<p><strong>PC Members:<\/strong><\/p>\n<ul>\n<li>Matthias Weidlich, Humboldt-Universit\u00e4t zu Berlin<\/li>\n<li>Ashvin Agrawal, Microsoft US<\/li>\n<li>Vana Kalogeraki, Athens University of Economics and Business<\/li>\n<li>Laurent Lefevre, INRIA<\/li>\n<li>Upendra Sharma, IBM<\/li>\n<li>Rizos Sakellariou, The University of Manchester<\/li>\n<li>Nikolaos Tziritas, Chinese Academy of Sciences<\/li>\n<li>Katerina Doka, National Technical University of Athens<\/li>\n<li>Juan J. Durillo, Leibniz Supercomputing Center (LRZ), Munich<\/li>\n<li>Hong-Linh Truong, Vienna University of Technology<\/li>\n<li>Lutz Schubert OMI, University of Ulm<\/li>\n<li>Thanasis Loukopoulos, Dept. of Computer Science and Biomedical Informatics, University of Thessaly<\/li>\n<li>Nectarios Koziris, National Technical University of Athens<\/li>\n<li>Kathryn Seigfried-Spellar, Purdue University<\/li>\n<\/ul>\n<p>[\/vc_column_text][\/vc_column][\/vc_row]<\/p>\n<\/section>","protected":false},"excerpt":{"rendered":"<p>[vc_row 0=&#8221;&#8221;][vc_column width=&#8221;1\/2&#8243;][vc_column_text 0=&#8221;&#8221;]Track 1: Architecture, Storage and Virtualization Chairs:\u00a0 Luiz F. Bittencourt, University of Campinas (UNICAMP), Brazil Ivona Brandic, TU-Wien, Austria PC Members: Achim Streit,<span class=\"excerpt-hellip\"> [\u2026]<\/span><\/p>\n","protected":false},"author":1,"featured_media":0,"parent":0,"menu_order":0,"comment_status":"closed","ping_status":"closed","template":"","meta":[],"_links":{"self":[{"href":"https:\/\/cyprusconferences.org\/cloudcom2018\/wp-json\/wp\/v2\/pages\/277"}],"collection":[{"href":"https:\/\/cyprusconferences.org\/cloudcom2018\/wp-json\/wp\/v2\/pages"}],"about":[{"href":"https:\/\/cyprusconferences.org\/cloudcom2018\/wp-json\/wp\/v2\/types\/page"}],"author":[{"embeddable":true,"href":"https:\/\/cyprusconferences.org\/cloudcom2018\/wp-json\/wp\/v2\/users\/1"}],"replies":[{"embeddable":true,"href":"https:\/\/cyprusconferences.org\/cloudcom2018\/wp-json\/wp\/v2\/comments?post=277"}],"version-history":[{"count":18,"href":"https:\/\/cyprusconferences.org\/cloudcom2018\/wp-json\/wp\/v2\/pages\/277\/revisions"}],"predecessor-version":[{"id":326,"href":"https:\/\/cyprusconferences.org\/cloudcom2018\/wp-json\/wp\/v2\/pages\/277\/revisions\/326"}],"wp:attachment":[{"href":"https:\/\/cyprusconferences.org\/cloudcom2018\/wp-json\/wp\/v2\/media?parent=277"}],"curies":[{"name":"wp","href":"https:\/\/api.w.org\/{rel}","templated":true}]}}