{"id":14,"date":"2020-09-03T11:19:11","date_gmt":"2020-09-03T11:19:11","guid":{"rendered":"http:\/\/2021.aea-europe.net\/\/?page_id=14"},"modified":"2024-08-28T08:51:55","modified_gmt":"2024-08-28T08:51:55","slug":"committees","status":"publish","type":"page","link":"https:\/\/cyprusconferences.org\/ecaade2024\/committees\/","title":{"rendered":"Committees"},"content":{"rendered":"<p>[et_pb_section fb_built=&#8221;1&#8243; next_background_color=&#8221;rgba(255,255,255,0.85)&#8221; _builder_version=&#8221;4.23.1&#8243; _module_preset=&#8221;default&#8221; background_image=&#8221;https:\/\/cyprusconferences.org\/ecaade2024\/wp-content\/uploads\/2023\/11\/Committees-scaled.jpg&#8221; background_position=&#8221;top_center&#8221; background_vertical_offset=&#8221;40%&#8221; custom_margin=&#8221;0px||||false|false&#8221; custom_padding=&#8221;82px||82px||true|&#8221; bottom_divider_style=&#8221;arrow3&#8243; da_disable_devices=&#8221;off|off|off&#8221; global_colors_info=&#8221;{}&#8221; da_is_popup=&#8221;off&#8221; da_exit_intent=&#8221;off&#8221; da_has_close=&#8221;on&#8221; da_alt_close=&#8221;off&#8221; da_dark_close=&#8221;off&#8221; da_not_modal=&#8221;on&#8221; da_is_singular=&#8221;off&#8221; da_with_loader=&#8221;off&#8221; da_has_shadow=&#8221;on&#8221;][et_pb_row _builder_version=&#8221;4.16&#8243; _module_preset=&#8221;default&#8221; global_colors_info=&#8221;{}&#8221;][et_pb_column type=&#8221;4_4&#8243; _builder_version=&#8221;4.16&#8243; _module_preset=&#8221;default&#8221; global_colors_info=&#8221;{}&#8221;][et_pb_text _builder_version=&#8221;4.16&#8243; _module_preset=&#8221;default&#8221; header_font_size=&#8221;52px&#8221; custom_margin=&#8221;1px||49px|||&#8221; global_colors_info=&#8221;{}&#8221;]<\/p>\n<h1 style=\"text-align: center;\"><span style=\"color: #ffffff;\"><strong><\/strong><\/span><\/h1>\n<h1 style=\"text-align: left;\"><span style=\"color: #ffffff;\"><strong>Committees<\/strong><\/span><\/h1>\n<p>[\/et_pb_text][\/et_pb_column][\/et_pb_row][\/et_pb_section][et_pb_section fb_built=&#8221;1&#8243; _builder_version=&#8221;4.23.1&#8243; _module_preset=&#8221;default&#8221; background_color=&#8221;rgba(255,255,255,0.85)&#8221; background_image=&#8221;https:\/\/cyprusconferences.org\/ecaade2024\/wp-content\/uploads\/2023\/11\/eCAADe2024_Nicosia_02-scaled.jpg&#8221; background_blend=&#8221;overlay&#8221; da_disable_devices=&#8221;off|off|off&#8221; global_colors_info=&#8221;{}&#8221; da_is_popup=&#8221;off&#8221; da_exit_intent=&#8221;off&#8221; da_has_close=&#8221;on&#8221; da_alt_close=&#8221;off&#8221; da_dark_close=&#8221;off&#8221; da_not_modal=&#8221;on&#8221; da_is_singular=&#8221;off&#8221; da_with_loader=&#8221;off&#8221; da_has_shadow=&#8221;on&#8221;][et_pb_row _builder_version=&#8221;4.16&#8243; _module_preset=&#8221;default&#8221; global_colors_info=&#8221;{}&#8221;][et_pb_column type=&#8221;4_4&#8243; _builder_version=&#8221;4.16&#8243; _module_preset=&#8221;default&#8221; global_colors_info=&#8221;{}&#8221;][et_pb_text _builder_version=&#8221;4.27.0&#8243; _module_preset=&#8221;default&#8221; global_colors_info=&#8221;{}&#8221;]<\/p>\n<h3><span style=\"color: #fc5000;\"><strong>Conference Chairs<\/strong><\/span><\/h3>\n<p><strong>Dr. Odysseas Kontovourkis<\/strong>, Associate Professor, Department of Architecture, University of Cyprus<br \/><strong> Dr. Marios C. Phocas<\/strong>, Professor, Department of Architecture, University of Cyprus<\/p>\n<p><b><\/b><\/p>\n<h3><span style=\"color: #fc5000;\"><strong>Conference Team<\/strong><\/span><\/h3>\n<p><strong>Dr. Stefanos Gkatzogiannis<\/strong>, Post-doctoral Researcher, Department of Architecture, University of Cyprus<br \/><strong>Mr. Panayiotis N. Panayiotou<\/strong>, PhD Student, Department of Architecture, University of Cyprus<br \/><strong>Mr. Savvas Dimitriou<\/strong>, PhD Student, Department of Architecture, University of Cyprus<br \/><strong>Mr. Christos Georgiou<\/strong>, PhD Student, Department of Architecture, University of Cyprus<br \/><span><strong>Mr. Pantelis Hadjigeorgiou<\/strong>, <\/span>M.Arch<span>, Department of Architecture, University of Cyprus<\/span><\/p>\n<p><b><\/b><\/p>\n<h3><strong>Scientific Review Committee<\/strong><b><\/b><\/h3>\n<p><span><strong>Henri Achten<\/strong>, Czech Technical University in Prague, Czechia<\/span><br \/><span><strong>Amin Adelzadeh<\/strong>, Augsburg Technical University of Applied Sciences, Germany<\/span><br \/><span><strong>Asli Agirbas<\/strong>, Ozyegin University, Turkey<\/span><br \/><span><strong>Asterios Agkathidis<\/strong>, University of Liverpool, United Kingdom<\/span><br \/><span><strong>Yenal Akg\u00fcn<\/strong>, Dokuz Eyl\u00fcl University, Turkey<\/span><br \/><span><strong>Kristis Alexandrou<\/strong>, The Cyprus Institute, Cyprus<\/span><br \/><span><strong>Peiman Amini Behbahani<\/strong>, Czech Technical University in Prague, Czechia<\/span><br \/><span><strong>Georgios Artopoulos<\/strong>, The Cyprus Institute, Cyprus<\/span><br \/><span><strong>Pedro Azambuja Varela<\/strong>, DFL, CEAU, FAUP, Portugal<\/span><br \/><span><strong>G\u00fcnter Barczik<\/strong>, Erfurt University of Applied Sciences, Germany<\/span><br \/><span><strong>Peter Bauer<\/strong>, TU Wien, Austria<\/span><br \/><span><strong>Mirco Becker<\/strong>, Leibniz University Hannover, Germany<\/span><br \/><span><strong>Marcelo Bernal<\/strong>, Perkins&amp;Will, United States<\/span><br \/><span><strong>Anand Bhatt<\/strong>, Architexturez Imprints, India<\/span><br \/><span><strong>Veronika Bolshakova<\/strong>, Centre de Recherche en Architecture et Ing\u00e9nierie MAP CRAI, France<\/span><br \/><span><strong>Vassilis Bourdakis<\/strong>, University of Thessaly, Greece<\/span><br \/><span><strong>Frederico Braida<\/strong>, Federal University of Juiz de Fora, Brazil<\/span><br \/><span><strong>Johannes Braumann<\/strong>, Robots in Architecture \/ Creative Robotics, Austria<\/span><br \/><span><strong>Peter Bu\u0161<\/strong>, Tsinghua Shenzhen International Graduate School, China<\/span><br \/><span><strong>Gulen Cagdas<\/strong>, Istanbul Technical University, Turkey<\/span><br \/><span><strong>Timo Carl<\/strong>, Frankfurt University of Applied Sciences, Germany<\/span><br \/><span><strong>Andressa Carmo Pena Martinez<\/strong>, Judson University, United States<\/span><br \/><span><strong>Sheng-Fen Chien<\/strong>, National Cheng Kung University, Taiwan<\/span><br \/><span><strong>Birgul Colako\u011flu<\/strong>, Istanbul Technical University, Turkey<\/span><br \/><span><strong>Ugo Coraglia<\/strong>, University of Bologna, Italy<\/span><br \/><span><strong>Francesco De Luca<\/strong>, Tallinn University of Technology, Estonia<\/span><br \/><span><strong>Fabian Dembski<\/strong>, Tallinn University of Technology, Estonia<\/span><br \/><span><strong>Danilo Di Mascio<\/strong>, The University of Huddersfield, United Kingdom<\/span><br \/><span><strong>Wolfgang Dokonal<\/strong>, Graz University of Technology, Austria<\/span><br \/><span><strong>Leonor Domingos<\/strong>, ISCTE &#8211; University Institute of Lisbon, Portugal<\/span><br \/><span><strong>Jonathan Dortheimer<\/strong>, Ariel University, Israel<\/span><br \/><span><strong>Theodoros Dounas<\/strong>, University of Antwerp, Belgium<\/span><br \/><span><strong>Eftihis Efthimiou<\/strong>, Decode Fab Lab\/ AUTh\/ UIbk\/ Unic, Greece<\/span><br \/><span><strong>Sara Eloy<\/strong>, University of Antwerp, Belgium<\/span><br \/><span><strong>Halil Erhan<\/strong>, Simon Fraser University, Canada<\/span><br \/><span><strong>Sarvin Eshaghi<\/strong>, University of Illinois at Urbana-Champaign, United States<\/span><br \/><span><strong>Pavlos Fereos<\/strong>, University of Innsbruck, Austria<\/span><br \/><span><strong>Antonio Fioravanti<\/strong>, Sapienza University of Rome, Italy<\/span><br \/><span><strong>Wilson Florio<\/strong>, University of Campinas, Brazil<\/span><br \/><span><strong>Tomohiro Fukuda<\/strong>, Osaka University, Japan<\/span><br \/><span><strong>Rodrigo Garcia<\/strong>, Universidad del B\u00edo-B\u00edo, Chile<\/span><br \/><span><strong>Odysseas Georgiou<\/strong>, University of Nicosia \/ SEAMLEXITY, Cyprus<\/span><br \/><span><strong>Mona Ghandi<\/strong>, University of Washington, United States<\/span><br \/><span><strong>Stefanos Gkatzogiannis<\/strong>, University of Cyprus, Cyprus<\/span><br \/><span><strong>Anastasia Globa<\/strong>, The University of Sydney, Australia<\/span><br \/><span><strong>Alexander Grasser-Parger<\/strong>, Graz University of Technology, Austria<\/span><br \/><span><strong>Benay G\u00fcrsoy<\/strong>, Penn State University, United States<\/span><br \/><span><strong>Orkan Zeynel G\u00fczelci<\/strong>, Istanbul Technical University, Turkey<\/span><br \/><span><strong>Adonis Haidar<\/strong>, University of Liverpool, United Kingdom<\/span><br \/><span><strong>Gilles Halin<\/strong>, Universit\u00e9 de Lorraine &#8211; UMR MAP, France<\/span><br \/><span><strong>Jeremy Ham<\/strong>, SurfCoast Architecture, Australia<\/span><br \/><span><strong>Malgorzata Hanzl<\/strong>, Lodz University of Technology, Poland<\/span><br \/><span><strong>Marco Hemmerling<\/strong>, Cologne University of Applied Sciences, Germany<\/span><br \/><span><strong>Diogo Henriques<\/strong>, YECREA, Young Scholars Network of the European Communication Research and Education Association, Portugal<\/span><br \/><span><strong>Aulikki Herneoja<\/strong>, University of Oulu, Finland<\/span><br \/><span><strong>Pablo C Herrera<\/strong>, Universidad Peruana de Ciencias Aplicadas, Peru<\/span><br \/><span><strong>Urs Hirschberg<\/strong>, Graz University of Technology, Austria<\/span><br \/><span><strong>Elodie Hochscheid<\/strong>, School of Architecture of Nancy, France<\/span><br \/><span><strong>Markus Hudert<\/strong>, Aarhus University, Denmark<\/span><br \/><span><strong>Micha\u0142 Jarzyna<\/strong>, Lodz University o Technology, Poland<\/span><br \/><span><strong>Iestyn Jowers<\/strong>, The Open University, United Kingdom<\/span><br \/><span><strong>Anja Jutraz<\/strong>, National Institute of Public Health, Slovenia<\/span><br \/><span><strong>Loukas Kalisperis<\/strong>, Penn State University, United States<\/span><br \/><span><strong>Anetta Kepczynska-Walczak<\/strong>, Lodz University of Technology, Poland<\/span><br \/><span><strong>Sumbul Khan<\/strong>, Singapore University of Technology and Design, Singapore<\/span><br \/><span><strong>Chavanont Khosakitchalert<\/strong>, Chulalongkorn University, Thailand<\/span><br \/><span><strong>Joachim Kieferle<\/strong>, Hochschule RheinMain, Germany<\/span><br \/><span><strong>Axel Kilian<\/strong>, Independent Researcher, United States<\/span><br \/><span><strong>Lora Kim<\/strong>, Wentworth Institute of Technology, United States<\/span><br \/><span><strong>Robert Klinc<\/strong>, University of Ljubljana, Slovenia<\/span><br \/><span><strong>Reinhard Koenig<\/strong>, Bauhaus-University Weimar, Germany<\/span><br \/><span><strong>Branko Kolarevic<\/strong>, New Jersey Institute of Technology, United States<\/span><br \/><span><strong>Odysseas Kontovourkis<\/strong>, University of Cyprus, Cyprus<\/span><br \/><span><strong>Andreas K\u00f6rner<\/strong>, University of Innsbruck, Austria<\/span><br \/><span><strong>Anette Kreutzberg<\/strong>, Royal Danish Academy, Denmark<\/span><br \/><span><strong>Igor Lacroix<\/strong>, University of S\u00e3o Paulo, Brazil<\/span><br \/><span><strong>Yunqin Li<\/strong>, Nanchang University, China<\/span><br \/><span><strong>Katherine Liapi<\/strong>, University of Patras, Greece<\/span><br \/><span><strong>Heather Ligler<\/strong>, Florida Atlantic University, United States<\/span><br \/><span><strong>Fernando Lima<\/strong>, Belmont University, United States<\/span><br \/><span><strong>Sky Lo<\/strong>, The Hong Kong Polytechnic University, Hong Kong<\/span><br \/><span><strong>Davide Lombardi<\/strong>, Xi&#8217;an Jiaotong &#8211; Liverpool University, China<\/span><br \/><span><strong>Thorsten Lomker<\/strong>, Zayed University, United Arab Emirates<\/span><br \/><span><strong>Wolfgang Lorenz<\/strong>, TU Wien, Austria<\/span><br \/><span><strong>Adam Marcus<\/strong>, Tulane University, United States<\/span><br \/><span><strong>Bob Martens<\/strong>, TU Wien, Austria<\/span><br \/><span><strong>Peter Massin<\/strong>, University of Innsbruck, Austria<\/span><br \/><span><strong>Maria Matheou<\/strong>, University of Stuttgart, Germany<\/span><br \/><span><strong>Ingrid Mayrhofer-Hufnagl<\/strong>, University of Innsbruck, Austria<\/span><br \/><span><strong>Fernando Meneses Carlos<\/strong>, Escuela Radical, Mexico<\/span><br \/><span><strong>Ant\u00f3nio Menezes Leit\u00e3o<\/strong>, Instituto Superior T\u00e9cnico\/Universidade de Lisboa, Portugal<\/span><br \/><span><strong>Thomas Mrokon<\/strong>, University of Applied Science in Mainz, Germany<\/span><br \/><span><strong>Michael Mullins<\/strong>, Aalborg University, Denmark<\/span><br \/><span><strong>Andrei Nejur<\/strong>, University of Montreal, Canada<\/span><br \/><span><strong>Burak Pak<\/strong>, European Spatial Research and Design Accelerator, Belgium<\/span><br \/><span><strong>Panagiotis Parthenios<\/strong>, Technical University of Crete, Greece<\/span><br \/><span><strong>Giuseppe Pellitteri<\/strong>, University of Palermo, Italy<\/span><br \/><span><strong>Frank Petzold<\/strong>, Technical University of Munich, Germany<\/span><br \/><span><strong>Sven Pfeiffer<\/strong>, Hochschule Bochum, Germany<\/span><br \/><span><strong>Marios C. Phocas<\/strong>, University of Cyprus, Cyprus<\/span><br \/><span><strong>Jos\u00e9 Pinto Duarte<\/strong>, Penn State, United States<\/span><br \/><span><strong>Anja Pratschke<\/strong>, University of S\u00e3o Paulo, Brazil<\/span><br \/><span><strong>Filipe Quaresma<\/strong>, Universidade Lus\u00f3fona, Portugal<\/span><br \/><span><strong>Ahmad Rafi<\/strong>, Multimedia University, Malaysia<\/span><br \/><span><strong>Christopher Robeller<\/strong>, Technische Hochschule Augsburg, Germany<\/span><br \/><span><strong>Lu\u00eds Rom\u00e3o<\/strong>, Universidade de Lisboa, Portugal<\/span><br \/><span><strong>Peter Russell<\/strong>, Tsinghua University, China<\/span><br \/><span><strong>Shahryar Sarabi<\/strong>, Eindhoven University of Technology, Netherlands<\/span><br \/><span><strong>Gerhard Schmitt<\/strong>, ETH Z\u00fcrich, Switzerland<\/span><br \/><span><strong>Marc Aurel Schnabel<\/strong>, XJTLU, China<\/span><br \/><span><strong>Gerhard Schubert<\/strong>, Technical University of Munich, Germany<\/span><br \/><span><strong>Vitor Silveira Breder Rocha<\/strong>, KU Leuven, Belgium<\/span><br \/><span><strong>Davide Simeone<\/strong>, University of Brescia, Italy<\/span><br \/><span><strong>Yang Song<\/strong>, University of Liverpool, United Kingdom<\/span><br \/><span><strong>Hadas Sopher<\/strong>, Ariel University, Israel<\/span><br \/><span><strong>Jose Pedro Sousa<\/strong>, University of Porto, Portugal<\/span><br \/><span><strong>Pedro Soza<\/strong>, University of Chile, Chile<\/span><br \/><span><strong> Benjamin Spaeth<\/strong>, Technical University of Applied Sciences L\u00fcbeck, Germany<\/span><br \/><span><strong>Milena Stavric<\/strong>, Graz University of Technology, Austria<\/span><br \/><span><strong>Stefania Stellacci<\/strong>, Information Sciences, Technologies and Architecture Research Center, Portugal<\/span><br \/><span><strong>Vesna Stojakovic<\/strong>, University of Novi Sad, Serbia<\/span><br \/><span><strong>Rudi Stouffs<\/strong>, National University of Singapore, Singapore<\/span><br \/><span><strong>Georg Suter<\/strong>, TU Wien, Austria<\/span><br \/><span><strong>Ioanna Symeonidou<\/strong>, University of Thessaly, Greece<\/span><br \/><span><strong>Kate\u0159ina S\u00fdsov\u00e1<\/strong>, Czech Technical University in Prague, Czechia<\/span><br \/><span><strong>Szende Szentesi-Nejur<\/strong>, Universit\u00e9 Laval, Canada<\/span><br \/><span><strong>Lavinia Chiara Tagliabue<\/strong>, University of Turin, Italy<\/span><br \/><span><strong>Sule Tasli Pektas<\/strong>, OSTIM Technical University, Turkey<\/span><br \/><span><strong>Armando Trento<\/strong>, Sapienza University of Rome, Italy<\/span><br \/><span><strong>George Tryfonos<\/strong>, University of Cyprus, Cyprus<\/span><br \/><span><strong>Bige Tuncer<\/strong>, Eindhoven University of Technology, Netherlands<\/span><br \/><span><strong>Theresa Uitz<\/strong>, University of Innsbruck, Austria<\/span><br \/><span><strong>Can Uzun<\/strong>, Alt\u0131nba\u015f University, Turkey<\/span><br \/><span><strong>Sepehr Vaez Afshar<\/strong>, University of Illinois at Urbana-Champaign,\u00a0United States<\/span><br \/><span><strong>Gonzalo Vaillo<\/strong>, University of Innsbruck, Austria<\/span><br \/><span><strong>Pedro Veloso<\/strong>, University of Arkansas, United States<\/span><br \/><span><strong>Joshua Vermillion<\/strong>, University of Nevada Las Vegas, United States<\/span><br \/><span><strong>Ilija Vukorep<\/strong>, Brandenburg University of Technology Cottbus, Germany<\/span><br \/><span><strong>Likai Wang<\/strong>, Xi&#8217;an Jiaotong &#8211; Liverpool University, China<\/span><br \/><span><strong>Renate Weissenb\u00f6ck<\/strong>, Frankfurt University of Applied Sciences, Austria, Germany<\/span><br \/><span><strong>Bastian Wibranek<\/strong>, Darmstadt University of Applied Sciences, Germany<\/span><br \/><span><strong>Albert Wiltsche<\/strong>, Graz University of Technology, Austria<\/span><br \/><span><strong>Thomas Wortmann<\/strong>, University of Stuttgart, Germany<\/span><br \/><span><strong>Gabriel Wurzer<\/strong>, TU Wien, Austria<\/span><br \/><span><strong>Sevil Yazici<\/strong>, Istanbul Technical University, Turkey<\/span><br \/><span><strong>Andrzej Zarzycki<\/strong>, New Jersey Institute of Technology, United States<\/span><br \/><span><strong>Malgorzata Zboinska<\/strong>, Chalmers University of Technology, Sweden<\/span><br \/><span><strong>Jiaxin Zhang<\/strong>, Osaka Univerisity, Japan<\/span><br \/><span><strong>Zhelun Zhu, <\/strong>Xi&#8217;an Jiaotong &#8211; Liverpool University, China<\/span><\/p>\n<p><strong><\/strong><\/p>\n<h3><strong>Conference Coordination<\/strong><\/h3>\n<p><strong>EasyConferences<\/strong><\/p>\n<p><strong>\u00a0<\/strong><\/p>\n<p>[\/et_pb_text][\/et_pb_column][\/et_pb_row][\/et_pb_section]<\/p>\n","protected":false},"excerpt":{"rendered":"<p>CommitteesConference Chairs Dr. Odysseas Kontovourkis, Associate Professor, Department of Architecture, University of Cyprus Dr. Marios C. Phocas, Professor, Department of Architecture, University of Cyprus Conference Team Dr. Stefanos Gkatzogiannis, Post-doctoral Researcher, Department of Architecture, University of CyprusMr. Panayiotis N. Panayiotou, PhD Student, Department of Architecture, University of CyprusMr. Savvas Dimitriou, PhD Student, Department of Architecture, University of CyprusMr. Christos Georgiou, PhD Student, Department of Architecture, University of CyprusMr. Pantelis Hadjigeorgiou, M.Arch, Department of Architecture, University of Cyprus Scientific Review Committee Henri Achten, Czech Technical University in Prague, CzechiaAmin Adelzadeh, Augsburg Technical University of Applied Sciences, GermanyAsli Agirbas, Ozyegin University, TurkeyAsterios Agkathidis, University of Liverpool, United KingdomYenal Akg\u00fcn, Dokuz Eyl\u00fcl University, TurkeyKristis Alexandrou, The Cyprus Institute, CyprusPeiman Amini Behbahani, Czech Technical University in Prague, CzechiaGeorgios Artopoulos, The Cyprus Institute, CyprusPedro Azambuja Varela, DFL, CEAU, FAUP, PortugalG\u00fcnter Barczik, Erfurt University of Applied Sciences, GermanyPeter Bauer, TU Wien, AustriaMirco Becker, Leibniz University Hannover, GermanyMarcelo Bernal, Perkins&amp;Will, United StatesAnand Bhatt, Architexturez Imprints, IndiaVeronika Bolshakova, Centre de Recherche en Architecture et Ing\u00e9nierie MAP CRAI, FranceVassilis Bourdakis, University of Thessaly, GreeceFrederico Braida, Federal University of Juiz de Fora, BrazilJohannes Braumann, Robots in Architecture \/ Creative Robotics, AustriaPeter Bu\u0161, Tsinghua Shenzhen International Graduate School, ChinaGulen Cagdas, Istanbul [&hellip;]<\/p>\n","protected":false},"author":4,"featured_media":0,"parent":0,"menu_order":0,"comment_status":"closed","ping_status":"closed","template":"","meta":{"_et_pb_use_builder":"on","_et_pb_old_content":"","_et_gb_content_width":"","footnotes":""},"_links":{"self":[{"href":"https:\/\/cyprusconferences.org\/ecaade2024\/wp-json\/wp\/v2\/pages\/14"}],"collection":[{"href":"https:\/\/cyprusconferences.org\/ecaade2024\/wp-json\/wp\/v2\/pages"}],"about":[{"href":"https:\/\/cyprusconferences.org\/ecaade2024\/wp-json\/wp\/v2\/types\/page"}],"author":[{"embeddable":true,"href":"https:\/\/cyprusconferences.org\/ecaade2024\/wp-json\/wp\/v2\/users\/4"}],"replies":[{"embeddable":true,"href":"https:\/\/cyprusconferences.org\/ecaade2024\/wp-json\/wp\/v2\/comments?post=14"}],"version-history":[{"count":51,"href":"https:\/\/cyprusconferences.org\/ecaade2024\/wp-json\/wp\/v2\/pages\/14\/revisions"}],"predecessor-version":[{"id":244257,"href":"https:\/\/cyprusconferences.org\/ecaade2024\/wp-json\/wp\/v2\/pages\/14\/revisions\/244257"}],"wp:attachment":[{"href":"https:\/\/cyprusconferences.org\/ecaade2024\/wp-json\/wp\/v2\/media?parent=14"}],"curies":[{"name":"wp","href":"https:\/\/api.w.org\/{rel}","templated":true}]}}