{"id":40,"date":"2021-04-08T09:08:30","date_gmt":"2021-04-08T09:08:30","guid":{"rendered":"https:\/\/cyprusconferences.org\/mpu2022\/?page_id=40"},"modified":"2023-01-13T06:53:08","modified_gmt":"2023-01-13T06:53:08","slug":"committees","status":"publish","type":"page","link":"https:\/\/cyprusconferences.org\/goodit2022\/committees\/","title":{"rendered":"Committees"},"content":{"rendered":"<p>[et_pb_section fb_built=&#8221;1&#8243; _builder_version=&#8221;4.16&#8243; global_colors_info=&#8221;{}&#8221;][et_pb_row _builder_version=&#8221;4.16&#8243; global_colors_info=&#8221;{}&#8221;][et_pb_column type=&#8221;4_4&#8243; _builder_version=&#8221;4.16&#8243; global_colors_info=&#8221;{}&#8221;][et_pb_text _builder_version=&#8221;4.16&#8243; global_colors_info=&#8221;{}&#8221;]<\/p>\n<h1>Committees<\/h1>\n<p>[\/et_pb_text][et_pb_divider _builder_version=&#8221;4.16&#8243; global_colors_info=&#8221;{}&#8221;][\/et_pb_divider][\/et_pb_column][\/et_pb_row][et_pb_row _builder_version=&#8221;4.16&#8243; global_colors_info=&#8221;{}&#8221;][et_pb_column type=&#8221;4_4&#8243; _builder_version=&#8221;4.16&#8243; global_colors_info=&#8221;{}&#8221;][et_pb_text _builder_version=&#8221;4.16&#8243; _module_preset=&#8221;default&#8221; global_colors_info=&#8221;{}&#8221;]<\/p>\n<table width=\"1216\">\n<tbody>\n<tr style=\"height: 24px;\">\n<td width=\"1216\" style=\"height: 24px;\"><b>Steering Committee\u00a0<\/b><\/td>\n<\/tr>\n<tr style=\"height: 29px;\">\n<td width=\"1216\" style=\"height: 29px;\"><em>Ombretta Gaggi, University of Padua, Italy<\/em><\/td>\n<\/tr>\n<tr style=\"height: 10px;\">\n<td width=\"1216\" style=\"height: 10px;\"><em>Pietro Manzoni, Universitat Polit\u00e8cnica de Val\u00e8ncia, Spain<\/em><\/td>\n<\/tr>\n<tr style=\"height: 10px;\">\n<td width=\"1216\" style=\"height: 10px;\"><em>Claudio Palazzi, Universit\u00e0 degli Studi di Padova, Italy<\/em><\/td>\n<\/tr>\n<tr style=\"height: 24px;\">\n<td width=\"1216\" style=\"height: 24px;\"><strong>General Chairs<\/strong><\/td>\n<\/tr>\n<tr style=\"height: 24px;\">\n<td width=\"1216\" style=\"height: 24px;\"><em>Armir Bujari, University of Bologna, Italy<\/em><\/td>\n<\/tr>\n<tr style=\"height: 24px;\">\n<td width=\"1216\" style=\"height: 24px;\"><em>Ronaldo Menezes, University of Exeter, UK<\/em><\/td>\n<\/tr>\n<tr style=\"height: 24px;\">\n<td width=\"1216\" style=\"height: 24px;\"><em>George A. Papadopoulos, University of Cyprus, Cyprus<\/em><\/td>\n<\/tr>\n<tr style=\"height: 24px;\">\n<td width=\"1216\" style=\"height: 24px;\"><b>TPC Chairs<\/b><\/td>\n<\/tr>\n<tr style=\"height: 24px;\">\n<td width=\"1216\" style=\"height: 24px;\"><em>Costas Mourlas, University of Athens, Greece<\/em><\/td>\n<\/tr>\n<tr style=\"height: 24px;\">\n<td width=\"1216\" style=\"height: 24px;\"><em>Diogo Pacheco, University of Exeter, UK<\/em><\/td>\n<\/tr>\n<tr style=\"height: 24px;\">\n<td width=\"1216\" style=\"height: 24px;\"><em>Catia Prandi, University of Bologna, Italy &#8211; ITI\/LARSyS<\/em><\/td>\n<\/tr>\n<tr style=\"height: 24px;\">\n<td width=\"1216\" style=\"height: 24px;\"><b>Special Tracks Chairs<\/b><\/td>\n<\/tr>\n<tr style=\"height: 24px;\">\n<td width=\"1216\" style=\"height: 24px;\"><em>Ombretta Gaggi, University of Padua, Italy<\/em><\/td>\n<\/tr>\n<tr style=\"height: 24px;\">\n<td width=\"1216\" style=\"height: 24px;\"><em>Ondrej Rysavy, Brno University of Technology, Czech Replublic<\/em><\/td>\n<\/tr>\n<tr style=\"height: 24px;\">\n<td width=\"1216\" style=\"height: 24px;\"><em>Valentino Vranic, Slovak University of Technology in Bratislava, Slovakia<\/em><\/td>\n<\/tr>\n<tr style=\"height: 24px;\">\n<td width=\"1216\" style=\"height: 24px;\"><b>Work in Progress and Ph.D. Tracks Chair<\/b><\/td>\n<\/tr>\n<tr style=\"height: 24px;\">\n<td width=\"1216\" style=\"height: 24px;\"><em>Marco Furini, University of Modena e Reggio Emilia, Italy<\/em><\/td>\n<\/tr>\n<tr style=\"height: 24px;\">\n<td width=\"1216\" style=\"height: 24px;\"><em><em>Dimitris Gouscos,\u00a0<\/em>National and Kapodistrian University of Athens, Greece<\/em><\/td>\n<\/tr>\n<tr style=\"height: 24px;\">\n<td width=\"1216\" style=\"height: 24px;\"><em>Barbara Guidi, University of Pisa, Italy<\/em><\/td>\n<\/tr>\n<tr style=\"height: 24px;\">\n<td width=\"1216\" style=\"height: 24px;\"><b>Local Arrangements and Publicity Chairs<\/b><\/td>\n<\/tr>\n<tr style=\"height: 24px;\">\n<td width=\"1216\" style=\"height: 24px;\"><em>Achilleas Achilleos, Frederic University, Cyprus<\/em><\/td>\n<\/tr>\n<tr style=\"height: 24px;\">\n<td width=\"1216\" style=\"height: 24px;\"><em>Georgia Kapitsaki, University of Cyprus, Cyprus<\/em><\/td>\n<\/tr>\n<tr style=\"height: 24px;\">\n<td width=\"1216\" style=\"height: 24px;\"><strong>Publication Chair<\/strong><\/td>\n<\/tr>\n<tr style=\"height: 24px;\">\n<td width=\"1216\" style=\"height: 24px;\"><em>Giovanni Delnevo, University of Bologna Italy.<\/em><\/td>\n<\/tr>\n<tr style=\"height: 24px;\">\n<td width=\"1216\" style=\"height: 24px;\"><b>Finance Chair and Web Master Team<\/b><\/td>\n<\/tr>\n<tr style=\"height: 24px;\">\n<td width=\"1216\" style=\"height: 24px;\"><em>EasyConferences, LTD, Cyprus<\/em><\/td>\n<\/tr>\n<\/tbody>\n<\/table>\n<p>[\/et_pb_text][\/et_pb_column][\/et_pb_row][et_pb_row _builder_version=&#8221;4.16&#8243; custom_margin=&#8221;-17px|auto||auto||&#8221; custom_padding=&#8221;7px|||||&#8221; global_colors_info=&#8221;{}&#8221;][et_pb_column type=&#8221;4_4&#8243; _builder_version=&#8221;4.16&#8243; global_colors_info=&#8221;{}&#8221;][et_pb_text _builder_version=&#8221;4.16&#8243; _module_preset=&#8221;default&#8221; global_colors_info=&#8221;{}&#8221;]<\/p>\n<table style=\"width: 1003.49px;\">\n<tbody>\n<tr>\n<td style=\"width: 974.487px;\"><strong>Program Committee<\/strong><\/td>\n<\/tr>\n<tr>\n<td style=\"width: 170px;\"><strong><em>Carlo\u00a0<\/em><\/strong><em><strong>Alberto Boano<\/strong>,\u00a0<\/em><em>\u00a0Graz University of Technology,<\/em><em>\u00a0Austria<\/em><\/td>\n<\/tr>\n<tr>\n<td style=\"width: 170px;\"><strong><em>Luca\u00a0<\/em><em>Bedogni,<\/em><\/strong><em>\u00a0University of Modena and Reggio Emilia,<\/em><em>\u00a0Italy<\/em><\/td>\n<\/tr>\n<tr>\n<td style=\"width: 170px;\"><strong><em>Kevin\u00a0<\/em><em>Bouchard,\u00a0<\/em><\/strong><em>\u00a0Universit\u00e9 du Qu\u00e9bec \u00e0 Chicoutimi,\u00a0<\/em><em>\u00a0Canada<\/em><\/td>\n<\/tr>\n<tr>\n<td style=\"width: 170px;\"><strong><em>Armir\u00a0<\/em><em>Bujari<\/em><\/strong><em><strong>\u00a0<\/strong>,Universit\u00e0 di Bologna,\u00a0<\/em><em>\u00a0Italy<\/em><\/td>\n<\/tr>\n<tr>\n<td style=\"width: 170px;\"><strong><em>Carlos\u00a0<\/em><\/strong><em><strong>Calafate,<\/strong>\u00a0<\/em><em>\u00a0Technical University of Valencia,<\/em><em>\u00a0Spain<\/em><\/td>\n<\/tr>\n<tr>\n<td style=\"width: 170px;\"><strong><em>Claudia\u00a0<\/em><\/strong><em><strong>Campolo,<\/strong>\u00a0<\/em><em>\u00a0University \u201cMediterranea\u201d of Reggio Calabria,<\/em><em>\u00a0Italy<\/em><\/td>\n<\/tr>\n<tr>\n<td style=\"width: 170px;\"><strong><em>Juan\u00a0<\/em><\/strong><em><strong>Carlos Cano<\/strong>,\u00a0<\/em><em>Universitat Politecnica de Valencia,<\/em><em>\u00a0Spain<\/em><\/td>\n<\/tr>\n<tr>\n<td style=\"width: 170px;\"><strong><em>Giovanni\u00a0<\/em><\/strong><em><strong>Delnevo<\/strong>,<\/em><em>\u00a0University of Bologna,<\/em><em>\u00a0Italy<\/em><\/td>\n<\/tr>\n<tr>\n<td style=\"width: 170px;\"><strong><em>Giuseppe\u00a0<\/em><em>Di Modica,<\/em><\/strong><em>\u00a0Universit\u00e0 di Bologna,<\/em><em>\u00a0Italy<\/em><\/td>\n<\/tr>\n<tr>\n<td style=\"width: 170px;\"><strong><em>Claudio\u00a0<\/em><\/strong><em><strong>Enrico Palazzi<\/strong>,<\/em><em>\u00a0Universit\u00e0 degli Studi di Padova,<\/em><em>\u00a0Italy<\/em><\/td>\n<\/tr>\n<tr>\n<td style=\"width: 170px;\"><strong><em>Anna\u00a0<\/em><em>F\u00f6rster,<\/em><\/strong><em>\u00a0University of Bremen,<\/em><em>\u00a0Germany<\/em><\/td>\n<\/tr>\n<tr>\n<td style=\"width: 170px;\"><strong><em>Marco\u00a0<\/em><\/strong><em><strong>Furini<\/strong>,<\/em><em>\u00a0University of Modena and Reggio Emilia,<\/em><em>\u00a0Italy<\/em><\/td>\n<\/tr>\n<tr>\n<td style=\"width: 170px;\"><strong><em>Roberto\u00a0<\/em><em>Girau,<\/em><\/strong><em><strong>\u00a0<\/strong>Universit\u00e0 di Bologna,<\/em><em>\u00a0Italy<\/em><\/td>\n<\/tr>\n<tr>\n<td style=\"width: 170px;\"><strong><em>Barbara\u00a0<\/em><em>Guidi,<\/em><\/strong><em>\u00a0Universit\u00e0 di Pisa,<\/em><em>\u00a0Italy<\/em><\/td>\n<\/tr>\n<tr>\n<td style=\"width: 170px;\"><strong><em>Enrique\u00a0<\/em><em>Hernandez-Orallo,<\/em><\/strong><em>\u00a0Universidad Politecnica de Valencia,<\/em><em>\u00a0Spain<\/em><\/td>\n<\/tr>\n<tr>\n<td style=\"width: 170px;\"><strong><em>Jos\u00e9\u00a0<\/em><em>Maria Cecilia,<\/em><\/strong><em><strong>\u00a0<\/strong>Universitat Politecnica de Valencia,<\/em><em>\u00a0Spain<\/em><\/td>\n<\/tr>\n<tr>\n<td style=\"width: 170px;\"><strong><em>Anna\u00a0<\/em><\/strong><em><strong>Maria Vegni<\/strong>,<\/em><em>\u00a0University of Roma Tre,<\/em><em>\u00a0Italy<\/em><\/td>\n<\/tr>\n<tr>\n<td style=\"width: 170px;\"><strong><em>Johann\u00a0<\/em><\/strong><em><strong>Marquez-Barja<\/strong>,<\/em><em>\u00a0University of Antwerp \u2013 imec,<\/em><em>\u00a0Belgium<\/em><\/td>\n<\/tr>\n<tr>\n<td style=\"width: 170px;\"><strong><em>Francisco\u00a0<\/em><\/strong><em><strong>Martinez<\/strong>,<\/em><em>\u00a0Universidad de Zaragoza,<\/em><em>\u00a0Spain<\/em><\/td>\n<\/tr>\n<tr>\n<td style=\"width: 170px;\"><strong><em>Manuela\u00a0<\/em><\/strong><em><strong>Montangero<\/strong>,<\/em><em>\u00a0Universit\u00e0 degli Studi di Modena e Reggio Emilia,<\/em><em>\u00a0Italy<\/em><\/td>\n<\/tr>\n<tr>\n<td style=\"width: 170px;\"><strong><em>Mirco\u00a0<\/em><em>Musolesi,<\/em><\/strong><em><strong>\u00a0<\/strong>UCL,<\/em><em>\u00a0United Kingdom<\/em><\/td>\n<\/tr>\n<tr>\n<td style=\"width: 170px;\"><strong><em>Ani\u00a0<\/em><em>Nahapetian,<\/em><\/strong><em>\u00a0California State University,<\/em><em>\u00a0Northridge<\/em><\/td>\n<\/tr>\n<tr>\n<td style=\"width: 170px;\"><strong><em>Lucas\u00a0<\/em><em>Pereira,<\/em><\/strong><em><strong>\u00a0<\/strong>T\u00e9cnico Lisboa,<\/em><em>\u00a0Portugal<\/em><\/td>\n<\/tr>\n<tr>\n<td style=\"width: 170px;\"><strong><em>Angel\u00a0<\/em><\/strong><em><strong>Perles<\/strong>,<\/em><em>\u00a0Universitat Politecnica de Valencia,<\/em><em>\u00a0Spain<\/em><\/td>\n<\/tr>\n<tr>\n<td style=\"width: 170px;\"><strong><em>Marco\u00a0<\/em><em>Picone,<\/em><\/strong><em><strong>\u00a0<\/strong>Universit\u00e0 degli studi di Modena e Reggio Emilia,<\/em><em>\u00a0Italy<\/em><\/td>\n<\/tr>\n<tr>\n<td style=\"width: 170px;\"><strong><em>Catia\u00a0<\/em><\/strong><em><strong>Prandi<\/strong>,<\/em><em>\u00a0University of Bologna,<\/em><em>\u00a0Italy<\/em><\/td>\n<\/tr>\n<tr>\n<td style=\"width: 170px;\"><strong><em>Danda\u00a0<\/em><em>Rawat,<\/em><\/strong><em>\u00a0Howard University,<\/em><em>\u00a0United States of America<\/em><\/td>\n<\/tr>\n<tr>\n<td style=\"width: 170px;\"><strong><em>Alessandro\u00a0<\/em><em>Redondi,<\/em><\/strong><em>\u00a0Polytechnic of Milan,<\/em><em>\u00a0Italy<\/em><\/td>\n<\/tr>\n<tr>\n<td style=\"width: 170px;\"><strong><em>Mamello\u00a0<\/em><\/strong><em><strong>Thinyane<\/strong>,<\/em><em>\u00a0United Nations University Institute in Macau,<\/em><em>\u00a0China<\/em><\/td>\n<\/tr>\n<tr>\n<td style=\"width: 170px;\"><strong><em>Marco\u00a0<\/em><\/strong><em><strong>Viviani<\/strong>,<\/em><em>\u00a0University of Milano-Bicocca<\/em><em>\u00a0Italy<\/em><\/td>\n<\/tr>\n<tr>\n<td style=\"width: 170px;\"><strong><em>Paola\u00a0<\/em><\/strong><em><strong>Vocca<\/strong>,<\/em><em>\u00a0Universit\u00e0 degli Studi della Tuscia<\/em><em>\u00a0Italy<\/em><\/td>\n<\/tr>\n<tr>\n<td style=\"width: 170px;\"><strong><em>Marco\u00a0<\/em><em>Zennaro<\/em><\/strong><em><strong>\u00a0,<\/strong>ICTP,<\/em><em>\u00a0Italy<\/em><\/td>\n<\/tr>\n<\/tbody>\n<\/table>\n<p>[\/et_pb_text][\/et_pb_column][\/et_pb_row][\/et_pb_section]<\/p>\n","protected":false},"excerpt":{"rendered":"<p>Committees Steering Committee\u00a0 Ombretta Gaggi, University of Padua, Italy Pietro Manzoni, Universitat Polit\u00e8cnica de Val\u00e8ncia, Spain Claudio Palazzi, Universit\u00e0 degli Studi di Padova, Italy General Chairs Armir Bujari, University of Bologna, Italy Ronaldo Menezes, University of Exeter, UK George A. Papadopoulos, University of Cyprus, Cyprus TPC Chairs Costas Mourlas, University of Athens, Greece Diogo Pacheco, University of Exeter, UK Catia Prandi, University of Bologna, Italy &#8211; ITI\/LARSyS Special Tracks Chairs Ombretta Gaggi, University of Padua, Italy Ondrej Rysavy, Brno University of Technology, Czech Replublic Valentino Vranic, Slovak University of Technology in Bratislava, Slovakia Work in Progress and Ph.D. Tracks Chair Marco Furini, University of Modena e Reggio Emilia, Italy Dimitris Gouscos,\u00a0National and Kapodistrian University of Athens, Greece Barbara Guidi, University of Pisa, Italy Local Arrangements and Publicity Chairs Achilleas Achilleos, Frederic University, Cyprus Georgia Kapitsaki, University of Cyprus, Cyprus Publication Chair Giovanni Delnevo, University of Bologna Italy. Finance Chair and Web Master Team EasyConferences, LTD, Cyprus Program Committee Carlo\u00a0Alberto Boano,\u00a0\u00a0Graz University of Technology,\u00a0Austria Luca\u00a0Bedogni,\u00a0University of Modena and Reggio Emilia,\u00a0Italy Kevin\u00a0Bouchard,\u00a0\u00a0Universit\u00e9 du Qu\u00e9bec \u00e0 Chicoutimi,\u00a0\u00a0Canada Armir\u00a0Bujari\u00a0,Universit\u00e0 di Bologna,\u00a0\u00a0Italy Carlos\u00a0Calafate,\u00a0\u00a0Technical University of Valencia,\u00a0Spain Claudia\u00a0Campolo,\u00a0\u00a0University \u201cMediterranea\u201d of Reggio Calabria,\u00a0Italy Juan\u00a0Carlos Cano,\u00a0Universitat Politecnica de Valencia,\u00a0Spain Giovanni\u00a0Delnevo,\u00a0University of Bologna,\u00a0Italy Giuseppe\u00a0Di Modica,\u00a0Universit\u00e0 di Bologna,\u00a0Italy Claudio\u00a0Enrico Palazzi,\u00a0Universit\u00e0 [&hellip;]<\/p>\n","protected":false},"author":1,"featured_media":0,"parent":0,"menu_order":0,"comment_status":"closed","ping_status":"closed","template":"","meta":{"_et_pb_use_builder":"on","_et_pb_old_content":"","_et_gb_content_width":""},"_links":{"self":[{"href":"https:\/\/cyprusconferences.org\/goodit2022\/wp-json\/wp\/v2\/pages\/40"}],"collection":[{"href":"https:\/\/cyprusconferences.org\/goodit2022\/wp-json\/wp\/v2\/pages"}],"about":[{"href":"https:\/\/cyprusconferences.org\/goodit2022\/wp-json\/wp\/v2\/types\/page"}],"author":[{"embeddable":true,"href":"https:\/\/cyprusconferences.org\/goodit2022\/wp-json\/wp\/v2\/users\/1"}],"replies":[{"embeddable":true,"href":"https:\/\/cyprusconferences.org\/goodit2022\/wp-json\/wp\/v2\/comments?post=40"}],"version-history":[{"count":15,"href":"https:\/\/cyprusconferences.org\/goodit2022\/wp-json\/wp\/v2\/pages\/40\/revisions"}],"predecessor-version":[{"id":3042,"href":"https:\/\/cyprusconferences.org\/goodit2022\/wp-json\/wp\/v2\/pages\/40\/revisions\/3042"}],"wp:attachment":[{"href":"https:\/\/cyprusconferences.org\/goodit2022\/wp-json\/wp\/v2\/media?parent=40"}],"curies":[{"name":"wp","href":"https:\/\/api.w.org\/{rel}","templated":true}]}}