{"id":243901,"date":"2023-09-22T08:34:35","date_gmt":"2023-09-22T08:34:35","guid":{"rendered":"https:\/\/cyprusconferences.org\/icsr2024\/?page_id=243901"},"modified":"2023-10-14T12:18:42","modified_gmt":"2023-10-14T12:18:42","slug":"program-committee","status":"publish","type":"page","link":"https:\/\/cyprusconferences.org\/icsr2024\/program-committee\/","title":{"rendered":"Program Committee"},"content":{"rendered":"<p>[et_pb_section fb_built=&#8221;1&#8243; _builder_version=&#8221;4.22.2&#8243; background_image=&#8221;https:\/\/cyprusconferences.org\/icsr2024\/wp-content\/uploads\/2023\/05\/24857899916_6d7d641e3e_o-scaled-1.jpg&#8221; background_blend=&#8221;luminosity&#8221; global_colors_info=&#8221;{}&#8221;][et_pb_row _builder_version=&#8221;4.16&#8243; global_colors_info=&#8221;{}&#8221;][et_pb_column type=&#8221;4_4&#8243; _builder_version=&#8221;4.16&#8243; global_colors_info=&#8221;{}&#8221;][et_pb_text _builder_version=&#8221;4.22.2&#8243; header_font=&#8221;|800|||||||&#8221; header_text_color=&#8221;#FFFFFF&#8221; header_font_size=&#8221;35px&#8221; global_colors_info=&#8221;{}&#8221;]<\/p>\n<h1 style=\"text-align: left;\">Program Committee<\/h1>\n<p>[\/et_pb_text][\/et_pb_column][\/et_pb_row][\/et_pb_section][et_pb_section fb_built=&#8221;1&#8243; _builder_version=&#8221;4.22.2&#8243; background_enable_image=&#8221;off&#8221; global_colors_info=&#8221;{}&#8221;][et_pb_row _builder_version=&#8221;4.22.2&#8243; _module_preset=&#8221;default&#8221; global_colors_info=&#8221;{}&#8221;][et_pb_column type=&#8221;4_4&#8243; _builder_version=&#8221;4.22.1&#8243; _module_preset=&#8221;default&#8221; global_colors_info=&#8221;{}&#8221;][et_pb_text disabled_on=&#8221;on|on|on&#8221; _builder_version=&#8221;4.22.2&#8243; _module_preset=&#8221;default&#8221; disabled=&#8221;on&#8221; global_colors_info=&#8221;{}&#8221;]<\/p>\n<p><strong>Manel Abdellatif<\/strong><em><strong>,<\/strong> Polytechnique Montr\u00e9al, Canada<\/em><br \/><strong>Eduardo Almeida<\/strong><em>, University of Bahia, Brazil<\/em><br \/><strong>Apostolos Ampatzoglou,<\/strong><em> University of Macedonia, Greece<\/em><br \/><strong>Francesca Arcelli,<\/strong><em> Fontana University of Milano \u2013 Bicocca, Italy<\/em><br \/><strong>Claudia P. Ayala<\/strong><em>, Universitat Polit\u00e8cnica de Catalunya, Spain<\/em><br \/><strong>Sihem Ben Sassi<\/strong><em>, University of Manouba, Tunisia<\/em><br \/><strong>Djamal Ben<\/strong><em>, Slimane Universit\u00e9 de Lyon 1, France<\/em><br \/><strong>Mireille Blay<\/strong><em>, University C\u00f4te d\u2019Azur, France<\/em><br \/><strong>Jan Bosch<\/strong><em>, University of Gothenburg, Sweden<\/em><br \/><strong>Rafael Capilla Rey<\/strong><em>, Juan Carlos University, Spain<\/em><br \/><strong>St\u00e9phanie Challita<\/strong><em>, University of Rennes, France<\/em><br \/><strong>Alexander Chatzigeorgiou<\/strong><em>, University of Macedonia, Greece<\/em><br \/><strong>Coen De Roover<\/strong><em>, Vrije Universiteit Brussel, Belgium<\/em><br \/><strong>Serge Demeyer<\/strong><em>, Universiteit Antwerpen, Belgium<\/em><br \/><strong>St\u00e9phane Ducasse<\/strong><em>, INRIA Lille, France<\/em><br \/><strong>Laurence Duchien<\/strong><em>, University of Lille, France<\/em><br \/><strong>Ghizlane El Boussaidi<\/strong><em>, \u00c9cole de Technologie Sup\u00e9rieure, Canada<\/em><br \/><strong>John Favaro<\/strong><em>, Trust-IT, Italy<\/em><br \/><strong>Lidia Fuentes<\/strong><em>, University of Malaga, Spain<\/em><br \/><strong>Raula Gaikovina Kula Nara<\/strong><em>, Institute of Science and Technology, Japan<\/em><br \/><strong>Jessie Galasso<\/strong><em>, University of Montr\u00e9al, Canada<\/em><br \/><strong>Barbara Gallina,<\/strong><em> Malarden University, Sweden<\/em><br \/><strong>Stefania Gnesi<\/strong><em>, ISTI-CNR, Italy<\/em><br \/><strong>Iris Groher<\/strong><em>, JKU, Austria<\/em><br \/><strong>Andre Hora Minas<\/strong><em>, Gerais Federal University, Brazil<\/em><br \/><strong>Marouane Kessentini<\/strong><em>, University of Michigan-Dearborn, USA<\/em><br \/><strong>Lamia Labed Jilani<\/strong><em>, University of Tunis, Tunisia<\/em><br \/><strong>Jos\u00e9 Miguel-Horcas<\/strong><em>, University of Seville, Spain<\/em><br \/><strong>Tommi Mikkonen<\/strong><em>, University of Helsinki, Finland<\/em><br \/><strong>Hafedh Mili,<\/strong><em> University of Qu\u00e9bec in Montr\u00e9al, Canada<\/em><br \/><strong>Nan Niu<\/strong><em>, University of Cincinnati, USA<\/em><br \/><strong>Mourad Oussalah<\/strong><em>, University of Nantes, France<\/em><br \/><strong>Gordana Rakic<\/strong><em>, University of Novi Sad, Serbia<\/em><br \/><strong>Iris Reinhartz-Berger<\/strong><em>, University of Haifa, Israel<\/em><br \/><strong>Houari Sahraoui,<\/strong><em> Universit\u00e9 de Montr\u00e9al, Canada<\/em><br \/><strong>Klaus Schmid<\/strong><em>, University of Hildesheim, Germany<\/em><br \/><strong>Paul Temple<\/strong><em>, University of Namur, Belgium<\/em><br \/><strong>Christina Von Flach<\/strong><em>, Chavez University of Salvador de Bahia, Brazil<\/em><br \/><strong>Uwe Zdun<\/strong><em>, University of Vienna, Austria<\/em><br \/><strong>Wei Zhang<\/strong><em>, Peking University, China<\/em><\/p>\n<p>[\/et_pb_text][et_pb_text _builder_version=&#8221;4.22.2&#8243; _module_preset=&#8221;default&#8221; global_colors_info=&#8221;{}&#8221;]<\/p>\n<table width=\"563\">\n<tbody>\n<tr>\n<td><strong>Name<\/strong><\/td>\n<td><strong>Surname<\/strong><\/td>\n<td><strong>Affiliation<\/strong><\/td>\n<\/tr>\n<tr>\n<td width=\"106\">Mercedes<\/td>\n<td width=\"104\">Amor<\/td>\n<td width=\"353\">Universidad de M\u00e5laga<\/td>\n<\/tr>\n<tr>\n<td>Apostolos<\/td>\n<td>Ampatzoglou<\/td>\n<td>University of Macedonia<\/td>\n<\/tr>\n<tr>\n<td>Claudia P.<\/td>\n<td>Ayala<\/td>\n<td>Universitat Polit\u00e9cnica de Catalunya<\/td>\n<\/tr>\n<tr>\n<td>Olivier<\/td>\n<td>Barais<\/td>\n<td>IRISA \/ INRIA \/ Univ Rennesl<\/td>\n<\/tr>\n<tr>\n<td>Sihem<\/td>\n<td>Ben Sassi<\/td>\n<td>Riadi Laboratory \u2014 university of la Manouba<\/td>\n<\/tr>\n<tr>\n<td>Mireille<\/td>\n<td>Blay-Fornarino<\/td>\n<td>Universit\u00e9 Nice Sophia Antipolis, 13S<\/td>\n<\/tr>\n<tr>\n<td>Jan<\/td>\n<td>Bosch<\/td>\n<td>Chalmers University Of Technology<\/td>\n<\/tr>\n<tr>\n<td>Rafael<\/td>\n<td>Capilla<\/td>\n<td>Universidad Rey Juan Carlos, Madrid<\/td>\n<\/tr>\n<tr>\n<td>Stephanie<\/td>\n<td>Challita<\/td>\n<td>INRIA<\/td>\n<\/tr>\n<tr>\n<td>Alexander<\/td>\n<td>Chatzigeorgiou<\/td>\n<td>Dept. Of Applied Informatics, University Of Macedonia<\/td>\n<\/tr>\n<tr>\n<td>Marsha<\/td>\n<td>Chechik<\/td>\n<td>University of Toronto<\/td>\n<\/tr>\n<tr>\n<td>Serge<\/td>\n<td>Demeyer<\/td>\n<td>Universiteit Antwerpen (ANSYMO)<\/td>\n<\/tr>\n<tr>\n<td>Chizlane<\/td>\n<td>El Boussaidi<\/td>\n<td>\u00c9cole de technologie sup\u00e9rieure<\/td>\n<\/tr>\n<tr>\n<td>Alexander<\/td>\n<td>Felfernig<\/td>\n<td>TU Craz<\/td>\n<\/tr>\n<tr>\n<td>Jessie<\/td>\n<td>Galasso<\/td>\n<td>McGill University<\/td>\n<\/tr>\n<tr>\n<td>Jos\u00e9 A.<\/td>\n<td>Galindo<\/td>\n<td>University Of Seville<\/td>\n<\/tr>\n<tr>\n<td>Barbara<\/td>\n<td>Gallina<\/td>\n<td>M\u00e4lardalen University<\/td>\n<\/tr>\n<tr>\n<td>Iris<\/td>\n<td>Groher<\/td>\n<td>Johannes Kepler University Linz<\/td>\n<\/tr>\n<tr>\n<td>Jos\u00e9 Miguel<\/td>\n<td>Horcas Aguilera<\/td>\n<td>Universidad de M\u00e5laga<\/td>\n<\/tr>\n<tr>\n<td>Nan<\/td>\n<td>Niu<\/td>\n<td>University of Cincinnati<\/td>\n<\/tr>\n<tr>\n<td>Mourad<\/td>\n<td>Oussalah<\/td>\n<td>LINA Laboratory, University of Nantes, France<\/td>\n<\/tr>\n<tr>\n<td>Gilles<\/td>\n<td>Perrouin<\/td>\n<td>PReCISE, University of Namur<\/td>\n<\/tr>\n<tr>\n<td>Cordana<\/td>\n<td>Rakic<\/td>\n<td>Faculty of Science, Novi Sad<\/td>\n<\/tr>\n<tr>\n<td>Klaus<\/td>\n<td>Schmid<\/td>\n<td>University of Hildesheim<\/td>\n<\/tr>\n<tr>\n<td>Abdelhak<\/td>\n<td>Seriai<\/td>\n<td>Lirmm\/University of Montpellier<\/td>\n<\/tr>\n<tr>\n<td>Quentin<\/td>\n<td>Sti\u00e9venart<\/td>\n<td>Universit\u00e9 du Qu\u00e9bec \u00e5 Montr\u00e9al<\/td>\n<\/tr>\n<tr>\n<td>Xhevahire<\/td>\n<td>T\u00e9rnava<\/td>\n<td>Universit\u00e9 de Rennes 1<\/td>\n<\/tr>\n<tr>\n<td>Zhipeng<\/td>\n<td>Xue<\/td>\n<td>National University of Defense Technology<\/td>\n<\/tr>\n<tr>\n<td>Wei<\/td>\n<td>Zhang<\/td>\n<td>Peking University<\/td>\n<\/tr>\n<tr>\n<td>Christina<\/td>\n<td>von Flach<\/td>\n<td>UFBA<\/td>\n<\/tr>\n<\/tbody>\n<\/table>\n<p>[\/et_pb_text][\/et_pb_column][\/et_pb_row][et_pb_row disabled_on=&#8221;on|on|on&#8221; _builder_version=&#8221;4.22.1&#8243; _module_preset=&#8221;default&#8221; disabled=&#8221;on&#8221; global_colors_info=&#8221;{}&#8221;][et_pb_column type=&#8221;4_4&#8243; _builder_version=&#8221;4.21.0&#8243; _module_preset=&#8221;default&#8221; global_colors_info=&#8221;{}&#8221;][et_pb_text _builder_version=&#8221;4.21.0&#8243; _module_preset=&#8221;default&#8221; global_colors_info=&#8221;{}&#8221;]<\/p>\n<h3>General Chairs<\/h3>\n<p>[\/et_pb_text][\/et_pb_column][\/et_pb_row][et_pb_row column_structure=&#8221;1_3,2_3&#8243; disabled_on=&#8221;on|on|on&#8221; _builder_version=&#8221;4.22.1&#8243; _module_preset=&#8221;default&#8221; disabled=&#8221;on&#8221; global_colors_info=&#8221;{}&#8221;][et_pb_column type=&#8221;1_3&#8243; _builder_version=&#8221;4.21.0&#8243; _module_preset=&#8221;default&#8221; global_colors_info=&#8221;{}&#8221;][et_pb_image src=&#8221;https:\/\/cyprusconferences.org\/icsr2024\/wp-content\/uploads\/2023\/05\/Haris-Mouratidis.jpg&#8221; title_text=&#8221;Haris Mouratidis&#8221; _builder_version=&#8221;4.21.0&#8243; _module_preset=&#8221;default&#8221; width=&#8221;50%&#8221; global_colors_info=&#8221;{}&#8221;][\/et_pb_image][\/et_pb_column][et_pb_column type=&#8221;2_3&#8243; _builder_version=&#8221;4.21.0&#8243; _module_preset=&#8221;default&#8221; global_colors_info=&#8221;{}&#8221;][et_pb_text _builder_version=&#8221;4.21.0&#8243; _module_preset=&#8221;default&#8221; global_colors_info=&#8221;{}&#8221;]<\/p>\n<h3>Haris Mouratidis<\/h3>\n<p>University of Essex, United Kingdom<o:p><\/o:p><\/p>\n<p>[\/et_pb_text][\/et_pb_column][\/et_pb_row][\/et_pb_section]<\/p>\n","protected":false},"excerpt":{"rendered":"<p>Program CommitteeManel Abdellatif, Polytechnique Montr\u00e9al, CanadaEduardo Almeida, University of Bahia, BrazilApostolos Ampatzoglou, University of Macedonia, GreeceFrancesca Arcelli, Fontana University of Milano \u2013 Bicocca, ItalyClaudia P. Ayala, Universitat Polit\u00e8cnica de Catalunya, SpainSihem Ben Sassi, University of Manouba, TunisiaDjamal Ben, Slimane Universit\u00e9 de Lyon 1, FranceMireille Blay, University C\u00f4te d\u2019Azur, FranceJan Bosch, University of Gothenburg, SwedenRafael Capilla Rey, Juan Carlos University, SpainSt\u00e9phanie Challita, University of Rennes, FranceAlexander Chatzigeorgiou, University of Macedonia, GreeceCoen De Roover, Vrije Universiteit Brussel, BelgiumSerge Demeyer, Universiteit Antwerpen, BelgiumSt\u00e9phane Ducasse, INRIA Lille, FranceLaurence Duchien, University of Lille, FranceGhizlane El Boussaidi, \u00c9cole de Technologie Sup\u00e9rieure, CanadaJohn Favaro, Trust-IT, ItalyLidia Fuentes, University of Malaga, SpainRaula Gaikovina Kula Nara, Institute of Science and Technology, JapanJessie Galasso, University of Montr\u00e9al, CanadaBarbara Gallina, Malarden University, SwedenStefania Gnesi, ISTI-CNR, ItalyIris Groher, JKU, AustriaAndre Hora Minas, Gerais Federal University, BrazilMarouane Kessentini, University of Michigan-Dearborn, USALamia Labed Jilani, University of Tunis, TunisiaJos\u00e9 Miguel-Horcas, University of Seville, SpainTommi Mikkonen, University of Helsinki, FinlandHafedh Mili, University of Qu\u00e9bec in Montr\u00e9al, CanadaNan Niu, University of Cincinnati, USAMourad Oussalah, University of Nantes, FranceGordana Rakic, University of Novi Sad, SerbiaIris Reinhartz-Berger, University of Haifa, IsraelHouari Sahraoui, Universit\u00e9 de Montr\u00e9al, CanadaKlaus Schmid, University of Hildesheim, GermanyPaul Temple, University of Namur, BelgiumChristina Von Flach, [&hellip;]<\/p>\n","protected":false},"author":6,"featured_media":0,"parent":0,"menu_order":0,"comment_status":"closed","ping_status":"closed","template":"","meta":{"_et_pb_use_builder":"on","_et_pb_old_content":"","_et_gb_content_width":"","footnotes":""},"_links":{"self":[{"href":"https:\/\/cyprusconferences.org\/icsr2024\/wp-json\/wp\/v2\/pages\/243901"}],"collection":[{"href":"https:\/\/cyprusconferences.org\/icsr2024\/wp-json\/wp\/v2\/pages"}],"about":[{"href":"https:\/\/cyprusconferences.org\/icsr2024\/wp-json\/wp\/v2\/types\/page"}],"author":[{"embeddable":true,"href":"https:\/\/cyprusconferences.org\/icsr2024\/wp-json\/wp\/v2\/users\/6"}],"replies":[{"embeddable":true,"href":"https:\/\/cyprusconferences.org\/icsr2024\/wp-json\/wp\/v2\/comments?post=243901"}],"version-history":[{"count":7,"href":"https:\/\/cyprusconferences.org\/icsr2024\/wp-json\/wp\/v2\/pages\/243901\/revisions"}],"predecessor-version":[{"id":243965,"href":"https:\/\/cyprusconferences.org\/icsr2024\/wp-json\/wp\/v2\/pages\/243901\/revisions\/243965"}],"wp:attachment":[{"href":"https:\/\/cyprusconferences.org\/icsr2024\/wp-json\/wp\/v2\/media?parent=243901"}],"curies":[{"name":"wp","href":"https:\/\/api.w.org\/{rel}","templated":true}]}}