{"id":124,"date":"2020-08-10T16:16:21","date_gmt":"2020-08-10T16:16:21","guid":{"rendered":"http:\/\/cyprusconferences.org\/ihaw2021\/?page_id=124"},"modified":"2023-10-08T11:10:13","modified_gmt":"2023-10-08T11:10:13","slug":"committees","status":"publish","type":"page","link":"https:\/\/cyprusconferences.org\/ihaw2022\/committees\/","title":{"rendered":"Committees"},"content":{"rendered":"<p>[et_pb_section fb_built=&#8221;1&#8243; fullwidth=&#8221;on&#8221; _builder_version=&#8221;4.16&#8243; _module_preset=&#8221;default&#8221; bottom_divider_style=&#8221;arrow3&#8243; bottom_divider_color=&#8221;#ffffff&#8221; global_colors_info=&#8221;{}&#8221;][et_pb_fullwidth_header title=&#8221;Committees&#8221; text_orientation=&#8221;center&#8221; _builder_version=&#8221;4.16&#8243; _module_preset=&#8221;default&#8221; title_font_size=&#8221;43px&#8221; background_image=&#8221;https:\/\/cyprusconferences.org\/ihaw2022\/wp-content\/uploads\/2020\/08\/Larnaca-old-town-scaled.jpg&#8221; title_text_shadow_style=&#8221;preset1&#8243; global_colors_info=&#8221;{}&#8221;][\/et_pb_fullwidth_header][\/et_pb_section][et_pb_section fb_built=&#8221;1&#8243; _builder_version=&#8221;4.16&#8243; _module_preset=&#8221;default&#8221; global_colors_info=&#8221;{}&#8221;][et_pb_row column_structure=&#8221;1_2,1_2&#8243; use_custom_gutter=&#8221;on&#8221; gutter_width=&#8221;1&#8243; _builder_version=&#8221;4.16&#8243; _module_preset=&#8221;default&#8221; width=&#8221;100%&#8221; global_colors_info=&#8221;{}&#8221;][et_pb_column type=&#8221;1_2&#8243; _builder_version=&#8221;4.16&#8243; _module_preset=&#8221;default&#8221; global_colors_info=&#8221;{}&#8221;][et_pb_text _builder_version=&#8221;4.16&#8243; _module_preset=&#8221;default&#8221; global_colors_info=&#8221;{}&#8221;]<\/p>\n<h2>Steering Committee<\/h2>\n<p>[\/et_pb_text][et_pb_text _builder_version=&#8221;4.16&#8243; _module_preset=&#8221;default&#8221; custom_padding=&#8221;40px|||||&#8221; global_colors_info=&#8221;{}&#8221;]<\/p>\n<ul>\n<li><strong>Michal Bujacz<\/strong>, Technical University of Lodz, Poland<\/li>\n<li><strong>George A. Papadopoulos<\/strong>, University of Cyprus, Cyprus<\/li>\n<li><strong>Edwige Pissaloux<\/strong>, University of Rouen Normandy, France (Chair)<\/li>\n<li><strong>Ramiro Velazquez<\/strong>, Universidad Panamericana, Mexico<\/li>\n<\/ul>\n<p>[\/et_pb_text][\/et_pb_column][et_pb_column type=&#8221;1_2&#8243; _builder_version=&#8221;4.16&#8243; _module_preset=&#8221;default&#8221; global_colors_info=&#8221;{}&#8221;][et_pb_text _builder_version=&#8221;4.16&#8243; _module_preset=&#8221;default&#8221; global_colors_info=&#8221;{}&#8221;]<\/p>\n<h2>Program Committee<\/h2>\n<p>[\/et_pb_text][et_pb_text disabled_on=&#8221;off|off|off&#8221; _builder_version=&#8221;4.16&#8243; _module_preset=&#8221;default&#8221; global_colors_info=&#8221;{}&#8221;]<\/p>\n<p>&nbsp;<\/p>\n<ul>\n<li><strong>Cherkaoui Abdeljabbar<\/strong>, ENSA Tanger, Morocco<\/li>\n<li><strong>Chekry Abderrahman<\/strong>, Cadi Ayyad University, Morocco<\/li>\n<li><strong>Samaher Al-Janabi<\/strong>, University of Babylon, Iraq<\/li>\n<li><strong>Khalid Amechnoue<\/strong>, ENSA de Tanger, Morocco<\/li>\n<li><strong>Serrat Amel Lamosi<\/strong>, Universit\u00e9 des sciences et de la technologie d&#8217;Oran, France<\/li>\n<li><strong>Shahin Amiriparian<\/strong>, University of Augsburg, Germany<\/li>\n<li><strong>Athanasios Anastasiou<\/strong>, National Technical University of Athens, Greece<\/li>\n<li><strong>Peter Anderberg<\/strong>, Blekinge Institute of Technology, Sweden<\/li>\n<li><strong>Jennifer Bassement<\/strong>, Living-Lab Label-\u00c2ge Centre Hospitalier de Valenciennes, France<\/li>\n<li><strong>Chris Beaumont<\/strong>, The University of Tokyo, Japan<\/li>\n<li><strong>Said Bettayeb,<\/strong> University of Houston Clear Lake, USA<\/li>\n<li><strong>Matteo Bianchi,<\/strong> University of Pisa, Italy<\/li>\n<li><strong>Marietjie Botes<\/strong>, University of Luxembourg, Luxembourg<\/li>\n<li><strong>Fatma Bouhlel<\/strong>, MIRACL-FSEG, University of Sfax Faculty, Tunisia<\/li>\n<li><strong>Aoued Boukelif,<\/strong> University of SBA, Algeria<\/li>\n<li><strong>Lydia Bouzar-Benlabiod<\/strong>, Ecole nationale sup\u00e9rieure d&#8217;informatique (ESI), Algeria<\/li>\n<li><strong>Lejdel Brahim<\/strong>, University of EL-Oued, Algeria<\/li>\n<li><strong>Michal Bujacz,<\/strong> Lodz University of Technology, Poland<\/li>\n<li><strong>Miguel Carrasco,<\/strong> Universidad Adolfo Iba\u00f1ez, Chile<\/li>\n<li><strong>Abdelfatteh Cherif<\/strong>, Facult\u00e9 des sciences de Monastir, Tunisia<\/li>\n<li><strong>Fisnik Dalipi,<\/strong> Linnaeus University, Sweden<\/li>\n<li><strong>Javier de la Torre Costa<\/strong>, Psico Smart Apps (Psious), Spain<\/li>\n<li><strong>Abdelhak Djoudi<\/strong>, Centre de D\u00e9veloppement des Energies Renouvelables, Algeria<\/li>\n<li><strong>Abdelkader Doudou<\/strong>, Mohammed First University, Morocco<\/li>\n<li><strong>Elena Doynikova<\/strong>, SPC RAS, Rusia<\/li>\n<li><strong>Mehdi El Arbi,<\/strong> Institut Sup\u00e9rieur de Biotechnologie de Sfax, Tunisia<\/li>\n<li><strong>Said El Beid<\/strong>, Universit\u00e9 Caddi Ayyad, Marrakech, Morocco<\/li>\n<li><strong>Abderrahmane Ezzahout<\/strong>, ENSIAS, Morocco<\/li>\n<li><strong>Yousef Farhaoui<\/strong>, Moulay Ismail University, Morocco<\/li>\n<li><strong>Mexhid Ferati<\/strong>, Linnaeus University, Sweden<\/li>\n<li><strong>Xavier Fonseca<\/strong>, Polytechnic Institute of Porto, Portugal<\/li>\n<li><strong>Bodin Franck<\/strong>, Universit\u00e9 de Lille, France<\/li>\n<li><strong>Claudia Garz\u00f3n<\/strong>, Universidad de La Sabana, Colombia<\/li>\n<li><strong>Simon Gay<\/strong>, LCIS, France<\/li>\n<li><strong>Abdelghani Ghomari<\/strong>, University Oran 1 Ahmed Ben Bella, Algeria<\/li>\n<li><strong>Sophie Grimme<\/strong>, Bauhaus-Universit\u00e4t Weimar, Germany<\/li>\n<li><strong>Ali H.<\/strong> ,University of Babylon, Iraq<\/li>\n<li><strong>Amir Hajjam El Hassani<\/strong>, Universite de Technologie de Belfort Montb\u00e9liard, France<\/li>\n<li><strong>Firkhan Ali Hamid Ali<\/strong>. UTHM, Malaysia<\/li>\n<li><strong>Islam Hassani,<\/strong> University of Blida1, Blida, Algeria<\/li>\n<li><strong>Christiana Ioannou<\/strong>, Frederick University, Cyprus<\/li>\n<li><strong>Dan Istrate<\/strong>, UTC &#8211; Le Laboratoire BMBI, France<\/li>\n<li><strong>Dimitrios Karras<\/strong>, Technological Educational Institute of Chalkida, Greece<\/li>\n<li><strong>Avgi Kollakidou,<\/strong> University of Southern Denmark, Denmark<\/li>\n<li><strong>Christophe Kolski<\/strong>, LAMIH &#8211; Univ. Polytechnique Hauts-de-France, France<\/li>\n<li><strong>Micha\u0142 Kosiedowski<\/strong>, Pozna\u0144 Supercomputing and Networking Center, Poland<\/li>\n<li><strong>Norbert Krueger<\/strong>, The Maersk Mc-Kinney Moller Institute, University of Southern Denmark, Denmark<\/li>\n<li><strong>Arianit Kurti<\/strong>, Linnaeus University, Sweden<\/li>\n<li><strong>Abdelmadjid Larbi<\/strong>, Tahri Mohamed University, Bechar, Algeria<\/li>\n<li><strong>Mohamed Lashab<\/strong>, University of Skikda, Algeria<\/li>\n<li><strong>Marios Lestas,<\/strong> Frederick University, Cyprus<\/li>\n<li><strong>Christos Liambas,<\/strong> Ecole Nationale Sup\u00e9rieure des T\u00e9l\u00e9communications de Bretagne, France<\/li>\n<li><strong>Abdellatif Maamri<\/strong>, UMP, Morocco<\/li>\n<li><strong>Laidebeur Marie-Lavande<\/strong>, Laboratoire TVES (ULR 4477), Universit\u00e9 de Lille et LIR3S (UMR 7366), Universit\u00e9 de Bourgogne, France<\/li>\n<li><strong>Toufik Marir<\/strong>, Universit\u00e9 Oum El Bouaghi, Algeria<\/li>\n<li><strong>Seethu Mariyam<\/strong>, Christopher Maastricht University, The Netherlands<\/li>\n<li><strong>Nida Meddouri,<\/strong> UNICAEN, ENSICAEN, CNRS &#8211; UMR GREYC, Normandy University, France<\/li>\n<li><strong>Brahami Menaouer,<\/strong> National Polytechnic School of Oran &#8211; Maurice Audin, Tunisia<\/li>\n<li><strong>Lyudmila Mihaylova<\/strong>, The University of Sheffield, UK<\/li>\n<li><strong>Anita Mirijamdotter<\/strong>, Linnaeus University, Sweden<\/li>\n<li><strong>Zellagui Mohamed<\/strong>, University of Batna 2, Tunisia<\/li>\n<li><strong>Benabdellah Mohammed,<\/strong> FLESS, Mohammed First University, Oujda., Morocco<\/li>\n<li><strong>Lamia Muhammed<\/strong>, University of Al-qadisiyah, Iraq<\/li>\n<li><strong>Oudani Mustapha<\/strong>, FST F\u00e8s Morocco<\/li>\n<li><strong>Mohan Kumar N Amrita<\/strong>, Vishwa Vidyapeetham, India<\/li>\n<li><strong>Vigouroux Nadine<\/strong>, IRIT, UMR CNRS 5505, France<\/li>\n<li><strong>Hasna Njah<\/strong>, University of Gabes, Tunisia<\/li>\n<li><strong>Nearchos Paspallis,<\/strong> UCLan Cyprus,Cyprus<\/li>\n<li><strong>John Ricketts<\/strong>, Significance Systems, Japan<\/li>\n<li><strong>Katerine Romeo<\/strong>, Universit\u00e9 de Rouen Normandie, France<\/li>\n<li><strong>Arianna Rossi<\/strong>, SnT, University of Luxembourg, Luxembourg<\/li>\n<li><strong>Khaled Rouabah<\/strong>, University of Bordj Bou Arreridj, Algeria<\/li>\n<li><strong>Stefano Rovetta<\/strong>, Universit\u00e0 di Genova, Italy<\/li>\n<li><strong>Houneida Sakly<\/strong>, Campus University of Mannouba Tunisia<\/li>\n<li><strong>Petr Saloun<\/strong>, Palacky University Olomouc, Czech Republic<\/li>\n<li><strong>Khalil Sayidmarie<\/strong>, Ninevah University, Iraq<\/li>\n<li><strong>Dr. Matthieu-P. Schapranow<\/strong>, Hasso Plattner Institute for Digital Engineering Germany<\/li>\n<li><strong>Saeed Sharif,<\/strong> UEL, UK<\/li>\n<li><strong>Haw Su Cheng<\/strong>, Multimedia University, Malaysia<\/li>\n<li><strong>Muhammad Sulaiman<\/strong>, UiT The Arctic University of Norway, Norway<\/li>\n<li><strong>Truong Ngoc Tan<\/strong>, LITIS, University of Rouen Normandy, France<\/li>\n<li><strong>Abida Toumi<\/strong>, University of Biskra, France<\/li>\n<li><strong>Abdelbasset Trad<\/strong>, CTI Riyadh, Saudi Arabia<\/li>\n<li><strong>Jolanda Tromp<\/strong>, State University of New York, USA<\/li>\n<li><strong>Paolo Visconti,<\/strong> University of Salento, Italy<\/li>\n<li><strong>Stefan Wagner<\/strong>, Aarhus University, Denmark<\/li>\n<li><strong>Abbass Zein<\/strong>, Eddine University of Bordeaux, France<\/li>\n<li><strong>Abdellah Zyane,<\/strong> ENSA SAFI, Morocco<\/li>\n<\/ul>\n<p>[\/et_pb_text][\/et_pb_column][\/et_pb_row][\/et_pb_section]<\/p>\n","protected":false},"excerpt":{"rendered":"<p>Steering Committee Michal Bujacz, Technical University of Lodz, Poland George A. Papadopoulos, University of Cyprus, Cyprus Edwige Pissaloux, University of Rouen Normandy, France (Chair) Ramiro Velazquez, Universidad Panamericana, Mexico Program Committee&nbsp; Cherkaoui Abdeljabbar, ENSA Tanger, Morocco Chekry Abderrahman, Cadi Ayyad University, Morocco Samaher Al-Janabi, University of Babylon, Iraq Khalid Amechnoue, ENSA de Tanger, Morocco Serrat [&hellip;]<\/p>\n","protected":false},"author":2,"featured_media":0,"parent":0,"menu_order":0,"comment_status":"closed","ping_status":"closed","template":"","meta":{"_et_pb_use_builder":"on","_et_pb_old_content":"","_et_gb_content_width":""},"_links":{"self":[{"href":"https:\/\/cyprusconferences.org\/ihaw2022\/wp-json\/wp\/v2\/pages\/124"}],"collection":[{"href":"https:\/\/cyprusconferences.org\/ihaw2022\/wp-json\/wp\/v2\/pages"}],"about":[{"href":"https:\/\/cyprusconferences.org\/ihaw2022\/wp-json\/wp\/v2\/types\/page"}],"author":[{"embeddable":true,"href":"https:\/\/cyprusconferences.org\/ihaw2022\/wp-json\/wp\/v2\/users\/2"}],"replies":[{"embeddable":true,"href":"https:\/\/cyprusconferences.org\/ihaw2022\/wp-json\/wp\/v2\/comments?post=124"}],"version-history":[{"count":23,"href":"https:\/\/cyprusconferences.org\/ihaw2022\/wp-json\/wp\/v2\/pages\/124\/revisions"}],"predecessor-version":[{"id":243706,"href":"https:\/\/cyprusconferences.org\/ihaw2022\/wp-json\/wp\/v2\/pages\/124\/revisions\/243706"}],"wp:attachment":[{"href":"https:\/\/cyprusconferences.org\/ihaw2022\/wp-json\/wp\/v2\/media?parent=124"}],"curies":[{"name":"wp","href":"https:\/\/api.w.org\/{rel}","templated":true}]}}