{"id":243674,"date":"2022-11-22T09:43:32","date_gmt":"2022-11-22T09:43:32","guid":{"rendered":"https:\/\/cyprusconferences.org\/ihaw2022\/?page_id=243674"},"modified":"2022-11-22T09:53:20","modified_gmt":"2022-11-22T09:53:20","slug":"accepted-papers","status":"publish","type":"page","link":"https:\/\/cyprusconferences.org\/ihaw2022\/accepted-papers\/","title":{"rendered":"Accepted Papers"},"content":{"rendered":"<p>[et_pb_section fb_built=&#8221;1&#8243; fullwidth=&#8221;on&#8221; _builder_version=&#8221;4.5.3&#8243; _module_preset=&#8221;default&#8221; bottom_divider_style=&#8221;arrow3&#8243; bottom_divider_color=&#8221;#ffffff&#8221; global_colors_info=&#8221;{}&#8221;][et_pb_fullwidth_header title=&#8221;Accepted Papers&#8221; text_orientation=&#8221;center&#8221; _builder_version=&#8221;4.14.5&#8243; _module_preset=&#8221;default&#8221; title_font_size=&#8221;43px&#8221; background_image=&#8221;https:\/\/cyprusconferences.org\/ihaw2022\/wp-content\/uploads\/2020\/08\/Larnaca-old-town-scaled.jpg&#8221; parallax=&#8221;on&#8221; parallax_method=&#8221;on&#8221; title_text_shadow_style=&#8221;preset1&#8243; global_colors_info=&#8221;{}&#8221;][\/et_pb_fullwidth_header][\/et_pb_section][et_pb_section fb_built=&#8221;1&#8243; _builder_version=&#8221;4.5.3&#8243; _module_preset=&#8221;default&#8221; global_colors_info=&#8221;{}&#8221;][et_pb_row disabled_on=&#8221;off|off|off&#8221; _builder_version=&#8221;4.14.5&#8243; _module_preset=&#8221;default&#8221; custom_padding=&#8221;||26px|||&#8221; global_colors_info=&#8221;{}&#8221;][et_pb_column type=&#8221;4_4&#8243; _builder_version=&#8221;4.5.3&#8243; _module_preset=&#8221;default&#8221; global_colors_info=&#8221;{}&#8221;][et_pb_text _builder_version=&#8221;4.14.5&#8243; _module_preset=&#8221;default&#8221; hover_enabled=&#8221;0&#8243; global_colors_info=&#8221;{}&#8221; sticky_enabled=&#8221;0&#8243;]<\/p>\n<table width=\"644\">\n<tbody>\n<tr>\n<td width=\"397\">\n<p>Fall Detection Combining Android Accelerometer and Step Counting Virtual Sensors<\/p>\n<\/td>\n<td width=\"248\">\n<p>Stefan Wagner<\/p>\n<\/td>\n<\/tr>\n<tr>\n<td width=\"397\">\n<p>Impact of Combined Music and Reminiscence Cognitive Stimulation in Dementia: A Longitudinal Pilot Study Using Musiquence<\/p>\n<\/td>\n<td width=\"248\">\n<p>Luis Ferreira, M\u00f3nica Sp\u00ednola, Sofia Cavaco <span style=\"font-size: 14px;\">and Sergi Berm\u00fadez I Badia<\/span><\/p>\n<\/td>\n<\/tr>\n<tr>\n<td width=\"397\">\n<p>Mind Your Step: A diary-based experience of a visually impaired while navigating in an urban city with a smart cane<\/p>\n<\/td>\n<td width=\"248\">\n<p>Bineeth Kuriakose, Irina Cosescu, Raju Shrestha <span style=\"font-size: 14px;\">and Frode Eika Sandnes<\/span><\/p>\n<\/td>\n<\/tr>\n<tr>\n<td width=\"397\">\n<p>Experience of Students in Using Online Mental Health Interventions: A Qualitative Study<\/p>\n<\/td>\n<td width=\"248\">\n<p>Olugbenga Oti, Claudette Pretorius and Ian Pitt<\/p>\n<\/td>\n<\/tr>\n<tr>\n<td width=\"397\">\n<p>Improving Student Mental Health through Health Objectives in a Mobile App<\/p>\n<\/td>\n<td width=\"248\">\n<p>Mikhail Vinogradov, Maiga Chang, Fuhua Lin and Yang Yan<\/p>\n<\/td>\n<\/tr>\n<tr>\n<td width=\"397\">\n<p>Perspectives on Technology Use in Dementia Care &#8211; An Exploratory Study of Nursing Homes in Luxembourg<\/p>\n<\/td>\n<td width=\"248\">\n<p>Mark Monville, Stephan Schl\u00f6gl, Rebecca Weichelt<\/p>\n<p>and Renate Windbichler<\/p>\n<\/td>\n<\/tr>\n<tr>\n<td width=\"397\">\n<p>A bio-Inspired Model for Robust Navigation Assistive Devices: a Proof of Concept<\/p>\n<\/td>\n<td width=\"248\">\n<p>Simon Gay, Edwige Pissaloux and Jean-Paul Jamont<\/p>\n<\/td>\n<\/tr>\n<tr>\n<td width=\"397\">\n<p>Is human mobility an appropriate indicator for covid-19 dynamics? An italian experience<\/p>\n<\/td>\n<td width=\"248\">\n<p>Divya Pragna Mulla, Mario Alessandro Bochicchio<\/p>\n<p>and Antonella Longo<\/p>\n<\/td>\n<\/tr>\n<tr>\n<td width=\"397\">\n<p>Personalized Sports Nutrition Intervention Using Genetic Testing and Wearable Devices<\/p>\n<\/td>\n<td width=\"248\">\n<p>Jitao Yang<\/p>\n<\/td>\n<\/tr>\n<tr>\n<td width=\"397\">\n<p>An Innovative Recommendation System for a Knowledge Transfer Matchmaking Platform<\/p>\n<\/td>\n<td width=\"248\">\n<p>Gabriela Rus, Laurentiu Nae, Bogdan Gherman, Calin Vaida, Michel Deriaz, Eduard Oprea and Doina Pisla<\/p>\n<\/td>\n<\/tr>\n<tr>\n<td width=\"397\">\n<p>An analysis of the potential for the automated stepwise screening program for preeclampsia at week 12 of gestation<\/p>\n<\/td>\n<td width=\"248\">\n<p>Stefan Wagner<\/p>\n<\/td>\n<\/tr>\n<tr>\n<td width=\"397\">\n<p>A Pilot Study to Evaluate the Feasibility of a Science-based Game Called Symphony to Alleviate Depression Symptoms<\/p>\n<\/td>\n<td width=\"248\">\n<p>Diana C. Gon\u00e7alves Mendes, Yuri Almeida, Carla Vale Lucas,<\/p>\n<p>Lu\u00edsa Soares and Sergi Berm\u00fadez I Badia<\/p>\n<\/td>\n<\/tr>\n<tr>\n<td width=\"397\">\n<p>Facilitated Collaborative Group Design of Hypothetical Digital Tools to Understand University Students\u2019 Support Needs &amp; Requirements<\/p>\n<\/td>\n<td width=\"248\">\n<p>Gr\u00e1inne Bannigan, Ciara Duignan and Denise McGrath<\/p>\n<\/td>\n<\/tr>\n<tr>\n<td width=\"397\">\n<p>A Living-Lab methodology for the testing of an immersive capsule in Elderly care home.<\/p>\n<\/td>\n<td width=\"248\">\n<p>Jennifer Bassement, Sophie Brooks, Christine Selvez,<\/p>\n<p>Cyprienne Machu, Fanny Blondiau and Sebastien Leteneur<\/p>\n<\/td>\n<\/tr>\n<\/tbody>\n<\/table>\n<p>[\/et_pb_text][\/et_pb_column][\/et_pb_row][\/et_pb_section]<\/p>\n","protected":false},"excerpt":{"rendered":"<p>Fall Detection Combining Android Accelerometer and Step Counting Virtual Sensors Stefan Wagner Impact of Combined Music and Reminiscence Cognitive Stimulation in Dementia: A Longitudinal Pilot Study Using Musiquence Luis Ferreira, M\u00f3nica Sp\u00ednola, Sofia Cavaco and Sergi Berm\u00fadez I Badia Mind Your Step: A diary-based experience of a visually impaired while navigating in an urban city [&hellip;]<\/p>\n","protected":false},"author":2,"featured_media":0,"parent":0,"menu_order":0,"comment_status":"closed","ping_status":"closed","template":"","meta":{"_et_pb_use_builder":"on","_et_pb_old_content":"","_et_gb_content_width":""},"_links":{"self":[{"href":"https:\/\/cyprusconferences.org\/ihaw2022\/wp-json\/wp\/v2\/pages\/243674"}],"collection":[{"href":"https:\/\/cyprusconferences.org\/ihaw2022\/wp-json\/wp\/v2\/pages"}],"about":[{"href":"https:\/\/cyprusconferences.org\/ihaw2022\/wp-json\/wp\/v2\/types\/page"}],"author":[{"embeddable":true,"href":"https:\/\/cyprusconferences.org\/ihaw2022\/wp-json\/wp\/v2\/users\/2"}],"replies":[{"embeddable":true,"href":"https:\/\/cyprusconferences.org\/ihaw2022\/wp-json\/wp\/v2\/comments?post=243674"}],"version-history":[{"count":2,"href":"https:\/\/cyprusconferences.org\/ihaw2022\/wp-json\/wp\/v2\/pages\/243674\/revisions"}],"predecessor-version":[{"id":243678,"href":"https:\/\/cyprusconferences.org\/ihaw2022\/wp-json\/wp\/v2\/pages\/243674\/revisions\/243678"}],"wp:attachment":[{"href":"https:\/\/cyprusconferences.org\/ihaw2022\/wp-json\/wp\/v2\/media?parent=243674"}],"curies":[{"name":"wp","href":"https:\/\/api.w.org\/{rel}","templated":true}]}}