{"id":52,"date":"2021-04-08T09:10:45","date_gmt":"2021-04-08T09:10:45","guid":{"rendered":"https:\/\/cyprusconferences.org\/mpu2022\/?page_id=52"},"modified":"2025-10-15T07:18:20","modified_gmt":"2025-10-15T07:18:20","slug":"program","status":"publish","type":"page","link":"https:\/\/cyprusconferences.org\/issre2026\/program\/","title":{"rendered":"Program"},"content":{"rendered":"<p>[et_pb_section fb_built=&#8221;1&#8243; _builder_version=&#8221;4.26.0&#8243; background_enable_image=&#8221;off&#8221; background_blend=&#8221;luminosity&#8221; custom_padding=&#8221;32px||10px|||&#8221; global_colors_info=&#8221;{}&#8221;][et_pb_row _builder_version=&#8221;4.16&#8243; global_colors_info=&#8221;{}&#8221;][et_pb_column type=&#8221;4_4&#8243; _builder_version=&#8221;4.16&#8243; global_colors_info=&#8221;{}&#8221;][dsm_text_divider header=&#8221;Program&#8221; _builder_version=&#8221;4.26.0&#8243; _module_preset=&#8221;default&#8221; header_level=&#8221;h1&#8243; global_colors_info=&#8221;{}&#8221;][\/dsm_text_divider][\/et_pb_column][\/et_pb_row][et_pb_row _builder_version=&#8221;4.27.4&#8243; _module_preset=&#8221;default&#8221;][et_pb_column _builder_version=&#8221;4.27.4&#8243; _module_preset=&#8221;default&#8221; type=&#8221;4_4&#8243;][et_pb_text _builder_version=&#8221;4.27.4&#8243; _module_preset=&#8221;default&#8221; hover_enabled=&#8221;0&#8243; sticky_enabled=&#8221;0&#8243;]<\/p>\n<h3 style=\"text-align: center;\"><\/h3>\n<h3 style=\"text-align: center;\">TBA<\/h3>\n<p>[\/et_pb_text][\/et_pb_column][\/et_pb_row][\/et_pb_section][et_pb_section fb_built=&#8221;1&#8243; _builder_version=&#8221;4.16&#8243; custom_padding=&#8221;27px|||||&#8221; global_colors_info=&#8221;{}&#8221;][et_pb_row disabled_on=&#8221;on|on|on&#8221; _builder_version=&#8221;4.27.4&#8243; _module_preset=&#8221;default&#8221; disabled=&#8221;on&#8221; global_colors_info=&#8221;{}&#8221;][et_pb_column type=&#8221;4_4&#8243; _builder_version=&#8221;4.27.4&#8243; _module_preset=&#8221;default&#8221; global_colors_info=&#8221;{}&#8221;][et_pb_tabs _builder_version=&#8221;4.27.4&#8243; _module_preset=&#8221;default&#8221; custom_css_tabs_controls=&#8221;display: flex; ||flex-wrap: wrap;&#8221; custom_css_tab=&#8221;flex: 1; ||display: flex; ||justify-content: center;&#8221; global_colors_info=&#8221;{}&#8221;][et_pb_tab title=&#8221;Tuesday, 09\/09&#8243; _builder_version=&#8221;4.27.4&#8243; _module_preset=&#8221;default&#8221; global_colors_info=&#8221;{}&#8221;]<\/p>\n<p>ROOM: <strong>MEGARON G<\/strong><\/p>\n<table>\n<tbody>\n<tr>\n<td style=\"width: 117px; background-color: #c5bddc;\">09:00 \u2013 09:30<\/td>\n<td style=\"width: 492px; background-color: #c5bddc;\">Opening Session<\/td>\n<\/tr>\n<tr>\n<td style=\"background-color: #e4e4e4; width: 117px;\">09:30 \u2013 10:30<\/td>\n<td style=\"background-color: #e4e4e4; width: 492px;\">\n<p><u>Keynote<\/u>: Technology and Human Behaviour in the Age of AI: Where Psychology Meets Design<br \/>Dr. Raian Ali, Hamad Bin Khalifa University, Qatar<\/p>\n<p><strong>Chair: George A Papadopoulos<\/strong><\/p>\n<\/td>\n<\/tr>\n<tr>\n<td style=\"background-color: #c4e2ed; width: 117px;\">10:30 \u2013 11:00<\/td>\n<td style=\"background-color: #c4e2ed; width: 492px;\">Morning Coffee Break<\/td>\n<\/tr>\n<tr>\n<td style=\"background-color: #e4e4e4; width: 117px;\">11:00 \u2013 12:30<\/td>\n<td style=\"background-color: #e4e4e4; width: 492px;\">\n<p><strong><u>Smart Public Services and Technologies \u2013 1<\/u><\/strong><br \/><strong>Chair: Shang Gao<\/strong><\/p>\n<p>Estimating Accurate Traffic Time by Smart Simulative Route Predictions<br \/><em>Nadav Voloch, Neev Penkar and Guy Tordjman<\/em><\/p>\n<p>Virtual Healthcare Consultations in Developing Countries: A Case for South Africa<br \/><em>Anastasia Petratos, Melissa Makalima and Evelyne Ndome Ndame<\/em><\/p>\n<p>Methods to Incorporate Haptic Feedback in Human-Computer Interfaces for Improved Usability for Individuals with Motor Disabilities<br \/><em>Lieze Louw and Hanlie Smuts<\/em><\/p>\n<p>Towards a Classification of IT Control Areas for Government Digitalization<br \/><em>Maria Haasnoot, Marijn Janssen and Nitesh Bharosa<\/em><\/p>\n<\/td>\n<\/tr>\n<tr>\n<td style=\"background-color: #c4e2ed; width: 117px;\">12:30 \u2013 14:00<\/td>\n<td style=\"background-color: #c4e2ed; width: 492px;\">Lunch Break<\/td>\n<\/tr>\n<tr>\n<td style=\"background-color: #e4e4e4; width: 117px;\">14:00 \u2013 15:30<\/td>\n<td style=\"background-color: #e4e4e4; width: 492px;\">\n<p><strong><u>AI-Driven Services and Business Innovation \u2013 1<\/u><\/strong><br \/><strong>Chair: Sue Petratos<\/strong><\/p>\n<p><strong><u><\/u><\/strong><\/p>\n<p>Digital Innovation with Generative AI: Business Models for Next-Generation Banking<br \/><em>Deepak Ravichandran and Markus Bick<\/em><\/p>\n<p>The Strategic Use of AI in Organizations: A Configurational Approach Based on TOE Framework<br \/><em>Jie Yang, Hongxiu Li and Marko Sepp\u00e4nen<\/em><\/p>\n<p>From Black-Box to Glass-Box: Explainable Plant Disease Segmentation for Early Detection Using SegFormer<br \/><em>Nancy Alarabawy, Sherin Moussa and M. Waleed Fakhr<\/em><\/p>\n<p>Risk Detection in E-Commerce with LLMs: Annotation Challenges and Lessons from Real-World Business News<br \/><em>Laleh Davoodi, Sima Salimi, Filip Ginter and Harri Lorentz<\/em><\/p>\n<\/td>\n<\/tr>\n<tr>\n<td style=\"background-color: #c4e2ed; width: 117px;\">15:30 \u2013 16:00<\/td>\n<td style=\"background-color: #c4e2ed; width: 492px;\">Afternoon Coffee Break<\/td>\n<\/tr>\n<tr>\n<td style=\"width: 117px; background-color: #e4e4e4;\">16:00 \u2013 17:10<\/td>\n<td style=\"width: 492px; background-color: #e4e4e4;\">\n<p><strong><u>Smart Public Services and Technologies \u2013 2<\/u><\/strong><br \/><strong>Chair: Yasmin Rettab<\/strong><span style=\"font-size: 14px;\">\u00a0<\/span><\/p>\n<p>Empirical Reasoning About FOI Request Delays in the European Union<br \/><em>Jukka Ruohonen<\/em><\/p>\n<p>Reliable TV Audience Forecasting with Conformal Prediction<br \/><em>Javier Carreno, Khuong An Nguyen, Zhiyuan Luo and Andrew Fish<\/em><\/p>\n<p>Enhancing Road Safety: A Real-Time Solution for Traffic Accident Reporting and Road Condition Monitoring<br \/><em>Sotiria Georgiou, Thomas Fotiadis and George A. Papadopoulos<\/em><\/p>\n<\/td>\n<\/tr>\n<tr>\n<td style=\"background-color: #f7b244; width: 117px;\">19:00 &#8211; 20:30<\/td>\n<td style=\"background-color: #f7b244; width: 492px;\">Welcome Reception<\/td>\n<\/tr>\n<\/tbody>\n<\/table>\n<p>&nbsp;<\/p>\n<p>[\/et_pb_tab][et_pb_tab title=&#8221;Wednesday, 10\/09&#8243; _builder_version=&#8221;4.27.4&#8243; _module_preset=&#8221;default&#8221; global_colors_info=&#8221;{}&#8221;]<\/p>\n<p>ROOM: <strong>MEGARON G<\/strong><\/p>\n<table>\n<tbody>\n<tr>\n<td style=\"background-color: #e4e4e4; width: 117px;\">09:30 \u2013 10:30<\/td>\n<td style=\"background-color: #e4e4e4; width: 492px;\">\n<p><u>Keynote<\/u>: Digital Innovation and Neo-Entrepreneurship<br \/>Marinos Themistocleous, University of Nicosia<\/p>\n<p><strong>Chair: George A. Papadopoulos<\/strong><\/p>\n<\/td>\n<\/tr>\n<tr>\n<td style=\"background-color: #c4e2ed; width: 117px;\">10:30 \u2013 11:00<\/td>\n<td style=\"background-color: #c4e2ed; width: 492px;\">Morning Coffee Break<\/td>\n<\/tr>\n<tr>\n<td style=\"background-color: #e4e4e4; width: 117px;\">11:00 \u2013 12:30<\/td>\n<td style=\"background-color: #e4e4e4; width: 492px;\">\n<p><strong><u>AI-Driven Services and Business Innovation \u2013 2<\/u><\/strong><br \/><strong>Chair: Nadav Voloch<\/strong><\/p>\n<p>A Method for the Viability Analysis of Value Capture in Collaborative Business Models through System Dynamics<br \/><em>Bauke Wijnands, Yasmin Rettab, Oktay Turetken, Baris Ozkan and Konstantinos Tsilionis<\/em><span style=\"font-size: 14px;\">\u00a0<\/span><\/p>\n<p>Dynamic Capabilities and TOGAF Integration: A Business Process Architecture Method for Strategic Renewal<br \/><em>Frank Grave, Remco Baans and Rogier van de Wetering<\/em><\/p>\n<p>The Influence of Healthcare Chatbots\u2019 Anthropomorphic Design on Use Intention: The Mediating Role of Trust<br \/><em>Meixi He and Yuanyuan Lai<\/em><\/p>\n<p>WORLD+: A Framework for POI Accessibility-Aware Scene Recognition Recommendations<br \/><em>Paraskevas Messios, Ioanna Dionysiou and Harald Gjermundrod<\/em><\/p>\n<\/td>\n<\/tr>\n<tr>\n<td style=\"background-color: #c4e2ed; width: 117px;\">12:30 \u2013 14:00<\/td>\n<td style=\"background-color: #c4e2ed; width: 492px;\">Lunch Break<\/td>\n<\/tr>\n<tr>\n<td style=\"background-color: #e4e4e4; width: 117px;\">14:00 \u2013 15:30<\/td>\n<td style=\"background-color: #e4e4e4; width: 492px;\">\n<p><strong><u>Decision-Making and Digital Risk Management &#8211; 1<\/u><\/strong><br \/><strong>Chair: Laleh Davoodi<\/strong><span style=\"font-size: 14px;\">\u00a0<\/span><\/p>\n<p>AI-Assisted Decision Trees for Emergency Call Classification: The IAppels Project<br \/><em>Soumia Dermouche, Enzo Bellicaud, David Laiymani, Antonio Pacheco, Victor Journ\u00e9, Christophe Guyeux and Christophe Marquaille<\/em><\/p>\n<p>Big Data Analytics-Driven AI Capabilities and Their Influence on Innovation Ambidexterity. A Hospital Service Performance Study<br \/><em>Rogier Van de Wetering and Khoi Nguyen<\/em><\/p>\n<p>Artificial Intelligence and Digital Transformation During a Crisis: A Sense, Shape, Shift Approach<br \/><em>Rogier Van de Wetering<\/em><\/p>\n<p>Retailer Service Point Placement via Customer Geo-Location Clustering<br \/><em>Constantia Malekkou and Demetris Trihinas<\/em><\/p>\n<\/td>\n<\/tr>\n<tr>\n<td style=\"background-color: #c4e2ed; width: 117px;\">15:30 \u2013 16:00<\/td>\n<td style=\"background-color: #c4e2ed; width: 492px;\">Afternoon Coffee Break<\/td>\n<\/tr>\n<tr>\n<td style=\"background-color: #e4e4e4; width: 117px;\">16:00 \u2013 17:10<\/td>\n<td style=\"background-color: #e4e4e4; width: 492px;\">\n<p><strong><u>Decision-Making and Digital Risk Management\u20142<\/u><\/strong><br \/><strong>Chair: Gerui Zhang<\/strong><span style=\"font-size: 14px;\">\u00a0<\/span><\/p>\n<p>AI Governance as a Mediator Between Institutional Pressures and Workplace Use of Generative AI<br \/><em>Helen Pervez, Matti Minkkinen, Henrietta Jylh\u00e4 and Matti M\u00e4ntym\u00e4ki<\/em><\/p>\n<p>Making Data Collection Transparent &amp; Usable: Annotating Web Forms with Processing Purposes<br \/><em>Evangelia Vanezi, Anna Vasileiou and George A. Papadopoulos<\/em><\/p>\n<p>A Next-Gen Agentic AI E-Service with Augmented Reality for Real-Time Timber Properties Assessment<br \/><em>Vasiliki Chrysikou, Anthony Karageorgos, Vassilis C. Gerogiannis and Georgios Ntalos<\/em><\/p>\n<\/td>\n<\/tr>\n<tr>\n<td style=\"background-color: #f7b244; width: 117px;\">17:45<\/td>\n<td style=\"background-color: #f7b244; width: 492px;\">Departure for Tour &amp; Conference Dinner (From Venue Hotel Lobby)<\/td>\n<\/tr>\n<\/tbody>\n<\/table>\n<p>&nbsp;<\/p>\n<p>[\/et_pb_tab][et_pb_tab title=&#8221;Thursday, 11\/09&#8243; _builder_version=&#8221;4.27.4&#8243; _module_preset=&#8221;default&#8221; global_colors_info=&#8221;{}&#8221;]<\/p>\n<p>ROOM: <strong>MEGARON G<\/strong><\/p>\n<table>\n<tbody>\n<tr>\n<td width=\"113\" style=\"background-color: #e4e4e4;\">09:10 \u2013 10:30<\/td>\n<td width=\"488\" style=\"background-color: #e4e4e4;\">\n<p><strong><u>Ethics, Well-being and Sustainability in Digital Society \u2013 1<\/u><\/strong><br \/><strong>Chair: Demetris Trihinas<\/strong><\/p>\n<p>Greener by Design: Leveraging Knowledge Management Strategies for Organizational Sustainability<br \/><em>Hanlie Smuts<\/em><\/p>\n<p>Scaling up Nature Conservation: A Field Study With Crowdsourcing Invasive Species Detection and Removal<br \/><em>Samuli Laato, Bastian Kordyaka, Hironori Yoshida and Timo Nummenmaa<\/em><\/p>\n<p>Personality Traits vs. AI Attitudes, Ethics, and Well-Being: Do Autonomy and Criticality in Design Matter?<br \/><em>Mohammad Mominur Rahman, Sameha Alshakhsi, Areej Babiker, Ala Yankouskaya, Magnus Liebherr and Raian Ali<\/em><\/p>\n<\/td>\n<\/tr>\n<tr>\n<td width=\"113\" style=\"background-color: #c4e2ed;\">10:30 \u2013 11:00<\/td>\n<td width=\"488\" style=\"background-color: #c4e2ed;\">Morning Coffee Break<\/td>\n<\/tr>\n<tr>\n<td width=\"113\" style=\"background-color: #e4e4e4;\">11:00 \u2013 12:30<\/td>\n<td width=\"488\" style=\"background-color: #e4e4e4;\">\n<p><strong><u>Ethics, Well-being and Sustainability in Digital Society \u2013 2<\/u><\/strong><br \/><strong>Chair: Jukka Ruohonen<\/strong><span style=\"font-size: 14px;\">\u00a0<\/span><\/p>\n<p>Rethinking Digital Marketing Ethics in the Metaverse: A Framework for Responsible Engagement<br \/><em>Muhammad Irfan Khalid<\/em><\/p>\n<p>Integrating Privacy into Digital Game Design: Insights from Pri4Gamers<br \/><em>Monica Silva, Jos\u00e9 Viterbo and Luciana C. C. Salgado<\/em><\/p>\n<p>Co-Creating AURA-CARE: Designing Assistive Services for Older Adults through Participatory Design<br \/><em>Achilleas Achilleos, Elena Kyprianou, Sotiria Moza, Joanna Starosta-Sztuczka, Karol Pecyna, Csaba Kostyal and Gyula Vad<\/em><\/p>\n<p>User Correction of Misinformation on Social Media: Exploring Communication Styles and the Influence of Empathy, Altruism, Self-Esteem, and Competency<br \/><em>Muaadh Noman, Firoj Alam and Raian Ali<\/em><\/p>\n<\/td>\n<\/tr>\n<tr>\n<td width=\"113\" style=\"background-color: #c4e2ed;\">12:30 \u2013 14:00<\/td>\n<td width=\"488\" style=\"background-color: #c4e2ed;\">Lunch Break<\/td>\n<\/tr>\n<tr>\n<td width=\"113\" style=\"background-color: #e4e4e4;\">14:00 \u2013 15:50<\/td>\n<td width=\"488\" style=\"background-color: #e4e4e4;\">\n<p><strong><u>Systematic Reviews and Comparative Studies<\/u><\/strong><br \/><strong>Chair: Sherin Moussa<\/strong><\/p>\n<p>The Role of Data-driven Supply Chain Systems in Healthcare \u2013 Systematic Review<br \/><em>George Maramba and Hanlie Smuts<\/em><\/p>\n<p>Towards Conceptual Clarity in Sustainability-Oriented Business Model Research: A Systematic Literature Review<br \/><em>Yasmin Rettab, Konstantinos Tsilionis, Sybren de Kinderen and Oktay Turetken<\/em><\/p>\n<p>Cash to Cashless: A Systematic Review of Factors Shaping Merchant Adoption<br \/><em>Khando Khando, Shang Gao and Johan Petersson<\/em><\/p>\n<p>Pricing Data in Data Marketplaces: A Systematic Literature Review<br \/><em>Gerui Zhang, Samrat Gupta, Polyxeni Vasilakopoulou and Ilias O. Pappas<\/em><\/p>\n<p>Adoption of Cashless Payment Systems Among Retailers in Sweden and South Africa: An Interpretive Comparative Analysis<br \/><em>Khando Khando and Itumeleng Ngowi<\/em><\/p>\n<\/td>\n<\/tr>\n<tr>\n<td width=\"113\" style=\"background-color: #c5bddc;\">15:50 \u2013 16:00<\/td>\n<td width=\"488\" style=\"background-color: #c5bddc;\">Closing Session<\/td>\n<\/tr>\n<\/tbody>\n<\/table>\n<p>[\/et_pb_tab][\/et_pb_tabs][\/et_pb_column][\/et_pb_row][\/et_pb_section]<\/p>\n","protected":false},"excerpt":{"rendered":"<p><div class=\"et_pb_module dsm_text_divider dsm_text_divider_0\">\n\t\t\t\t\n\t\t\t\t\n\t\t\t\t\n\t\t\t\t\n\t\t\t\t\n\t\t\t\t\n\t\t\t\t<div class=\"et_pb_module_inner\">\n\t\t\t\t\t<div class=\"dsm-text-divider-wrapper dsm-text-divider-align-center et_pb_bg_layout_light\">\n\t\t\t\t\n\t\t\t\t\n\t\t\t\t<div class=\"dsm-text-divider-before dsm-divider\"><\/div>\n\t\t\t\t<h1 class=\"dsm-text-divider-header et_pb_module_header\"><span>Program<\/span><\/h1>\n\t\t\t\t<div class=\"dsm-text-divider-after dsm-divider\"><\/div>\n\t\t\t<\/div>\n\t\t\t\t<\/div>\n\t\t\t<\/div> TBAROOM: MEGARON G 09:00 \u2013 09:30 Opening Session 09:30 \u2013 10:30 Keynote: Technology and Human Behaviour in the Age of AI: Where Psychology Meets DesignDr. Raian Ali, Hamad Bin Khalifa University, Qatar Chair: George A Papadopoulos 10:30 \u2013 11:00 Morning Coffee Break 11:00 \u2013 12:30 Smart Public Services and Technologies \u2013 1Chair: Shang Gao Estimating Accurate Traffic Time by Smart Simulative Route PredictionsNadav Voloch, Neev Penkar and Guy Tordjman Virtual Healthcare Consultations in Developing Countries: A Case for South AfricaAnastasia Petratos, Melissa Makalima and Evelyne Ndome Ndame Methods to Incorporate Haptic Feedback in Human-Computer Interfaces for Improved Usability for Individuals with Motor DisabilitiesLieze Louw and Hanlie Smuts Towards a Classification of IT Control Areas for Government DigitalizationMaria Haasnoot, Marijn Janssen and Nitesh Bharosa 12:30 \u2013 14:00 Lunch Break 14:00 \u2013 15:30 AI-Driven Services and Business Innovation \u2013 1Chair: Sue Petratos Digital Innovation with Generative AI: Business Models for Next-Generation BankingDeepak Ravichandran and Markus Bick The Strategic Use of AI in Organizations: A Configurational Approach Based on TOE FrameworkJie Yang, Hongxiu Li and Marko Sepp\u00e4nen From Black-Box to Glass-Box: Explainable Plant Disease Segmentation for Early Detection Using SegFormerNancy Alarabawy, Sherin Moussa and M. Waleed Fakhr [&hellip;]<\/p>\n","protected":false},"author":9,"featured_media":0,"parent":0,"menu_order":0,"comment_status":"closed","ping_status":"closed","template":"","meta":{"_et_pb_use_builder":"on","_et_pb_old_content":"","_et_gb_content_width":"","footnotes":""},"class_list":["post-52","page","type-page","status-publish","hentry"],"_links":{"self":[{"href":"https:\/\/cyprusconferences.org\/issre2026\/wp-json\/wp\/v2\/pages\/52","targetHints":{"allow":["GET"]}}],"collection":[{"href":"https:\/\/cyprusconferences.org\/issre2026\/wp-json\/wp\/v2\/pages"}],"about":[{"href":"https:\/\/cyprusconferences.org\/issre2026\/wp-json\/wp\/v2\/types\/page"}],"author":[{"embeddable":true,"href":"https:\/\/cyprusconferences.org\/issre2026\/wp-json\/wp\/v2\/users\/9"}],"replies":[{"embeddable":true,"href":"https:\/\/cyprusconferences.org\/issre2026\/wp-json\/wp\/v2\/comments?post=52"}],"version-history":[{"count":39,"href":"https:\/\/cyprusconferences.org\/issre2026\/wp-json\/wp\/v2\/pages\/52\/revisions"}],"predecessor-version":[{"id":244356,"href":"https:\/\/cyprusconferences.org\/issre2026\/wp-json\/wp\/v2\/pages\/52\/revisions\/244356"}],"wp:attachment":[{"href":"https:\/\/cyprusconferences.org\/issre2026\/wp-json\/wp\/v2\/media?parent=52"}],"curies":[{"name":"wp","href":"https:\/\/api.w.org\/{rel}","templated":true}]}}