{"id":14,"date":"2020-09-03T11:19:11","date_gmt":"2020-09-03T11:19:11","guid":{"rendered":"http:\/\/2021.aea-europe.net\/\/?page_id=14"},"modified":"2022-12-20T11:17:30","modified_gmt":"2022-12-20T11:17:30","slug":"committees","status":"publish","type":"page","link":"https:\/\/cyprusconferences.org\/kaebup-cynum2023\/committees\/","title":{"rendered":"Committees"},"content":{"rendered":"<p>[et_pb_section fb_built=&#8221;1&#8243; next_background_color=&#8221;#ffffff&#8221; _builder_version=&#8221;4.16&#8243; _module_preset=&#8221;default&#8221; background_image=&#8221;https:\/\/cyprusconferences.org\/kaebup-cynum2023\/wp-content\/uploads\/2022\/11\/urban-city-by-ryoji-iwata-unsplash-roated-1-scaled.jpg&#8221; custom_margin=&#8221;0px||||false|false&#8221; custom_padding=&#8221;55px||55px||true|&#8221; bottom_divider_style=&#8221;arrow3&#8243; global_colors_info=&#8221;{}&#8221;][et_pb_row _builder_version=&#8221;4.16&#8243; _module_preset=&#8221;default&#8221; global_colors_info=&#8221;{}&#8221;][et_pb_column type=&#8221;4_4&#8243; _builder_version=&#8221;4.16&#8243; _module_preset=&#8221;default&#8221; global_colors_info=&#8221;{}&#8221;][et_pb_text _builder_version=&#8221;4.16&#8243; _module_preset=&#8221;default&#8221; header_font_size=&#8221;52px&#8221; custom_margin=&#8221;1px||49px|||&#8221; global_colors_info=&#8221;{}&#8221;]<\/p>\n<h1 style=\"text-align: center;\"><span style=\"color: #ffffff;\"><strong><\/strong><\/span><\/h1>\n<h1 style=\"text-align: left;\"><span style=\"color: #ffffff;\"><strong>Committees<\/strong><\/span><\/h1>\n<p>[\/et_pb_text][\/et_pb_column][\/et_pb_row][\/et_pb_section][et_pb_section fb_built=&#8221;1&#8243; _builder_version=&#8221;4.16&#8243; _module_preset=&#8221;default&#8221; global_colors_info=&#8221;{}&#8221;][et_pb_row _builder_version=&#8221;4.16&#8243; _module_preset=&#8221;default&#8221; global_colors_info=&#8221;{}&#8221;][et_pb_column type=&#8221;4_4&#8243; _builder_version=&#8221;4.16&#8243; _module_preset=&#8221;default&#8221; global_colors_info=&#8221;{}&#8221;][et_pb_text _builder_version=&#8221;4.16&#8243; _module_preset=&#8221;default&#8221; global_colors_info=&#8221;{}&#8221;]<\/p>\n<h3><span style=\"color: #fc5000;\"><strong>Conference Co-Chairs<\/strong><\/span><\/h3>\n<p><strong>Ilaria Geddes, <\/strong>CyNUM Co-president; Special Scientist, University of Cyprus<\/p>\n<p><strong>Nadia Charalambous, <\/strong>KAEBUP Project Coordinator; Associate Professor, University of Cyprus<\/p>\n<p><strong>\u00a0<\/strong><\/p>\n<h3><span style=\"color: #fc5000;\"><strong>Organising Committee<\/strong><\/span><\/h3>\n<p><strong>Chrystala Psathiti, <\/strong>Special Scientist, University of Cyprus<\/p>\n<p><strong>Christina Panayi, <\/strong>Ph.D. Candidate University of Cyprus<\/p>\n<p><strong>Gizem Caner, <\/strong>Lecturer, Cyprus International University<\/p>\n<p><strong>Nevter Zafer C\u00f6mert, <\/strong>Associate Professor, Eastern Mediterranean University<\/p>\n<p><strong>Nezire \u00d6zgece, <\/strong>Instructor, Cyprus International University<\/p>\n<p><strong>Rafaella Christodoulou, <\/strong>Ph.D. Candidate University of Cyprus<\/p>\n<p><strong>\u015eebnem Ho\u015fkara, <\/strong>Professor, Eastern Mediterranean University<\/p>\n<p><strong>\u00a0<\/strong><\/p>\n<h3><span style=\"color: #fc5000;\"><strong>Scientific Committee<\/strong><\/span><\/h3>\n<p><strong>Abdellah Abarkan<\/strong><strong>, <\/strong>Professor, Blekinge Institute of Technology<\/p>\n<p><strong>Alessandro Camiz<\/strong>, Associate Professor, Ozyegin University<\/p>\n<p><strong>Anna Agata Kantarek<\/strong>, Associate Professor, Krakow University of Technology<\/p>\n<p><strong>Ay\u015fe Sema Kubat<\/strong>, Professor, Istanbul Technical University<\/p>\n<p><strong>Chrystala Psathiti<\/strong>, Special Scientist, University of Cyprus<\/p>\n<p><strong>Dafne Berc<\/strong>, Researcher, Social Fringe: interesting untold stories<\/p>\n<p><strong>Giuseppe Strappa<\/strong>, President, ISUF Italy<\/p>\n<p><strong>Gizem Caner<\/strong>, Lecturer, Cyprus International University<\/p>\n<p><strong>Ilaria Geddes<\/strong>, Special Scientist, University of Cyprus<\/p>\n<p><strong>Karl Kropf<\/strong>, Senior Lecturer, Oxford Brookes University<\/p>\n<p><strong>Malgorzata Hanzl<\/strong>, Assistant Professor, Lodz University of Technology<\/p>\n<p><strong>Marco Maretto<\/strong>, Associate Professor, University of Parma<\/p>\n<p><strong>Marco Trisciuoglio<\/strong>, Associate Professor, Polytechnic University of Turin<\/p>\n<p><strong>Mazyar Abaee<\/strong>, Director of Research and Education, Urban Planning and Architecture Research Center of Iran.<\/p>\n<p><strong>Nadia Charalambous<\/strong>, Associate Professor, University of Cyprus<\/p>\n<p><strong>Nevter Zafer C\u00f6mert<\/strong>, Associate Professor, Eastern Mediterranean University<\/p>\n<p><strong>Neziree \u00d6zgece<\/strong>, Instructor, Cyprus International University<\/p>\n<p><strong>Paolo Carlotti,\u00a0<\/strong>Researcher, Sapienza University of Rome<\/p>\n<p><strong>Salah-Eddine Heffaf<\/strong>, Lecturer, Amar Telidji University<\/p>\n<p><strong>\u015eebnem Ho\u015fkara<\/strong>, Professor, Eastern Mediterranean University<\/p>\n<p><strong>Sergio Garcia-Perez<\/strong>, Assistant Professor, Univrsity of Zaragoza<\/p>\n<p><strong>Tolga \u00dcnl\u00fc<\/strong>, Professor, \u00c7ukurova University<\/p>\n<p><strong>Vitor Oliveira<\/strong>, Associate Professor, University of Porto<\/p>\n<p><strong>Vladan Djokic<\/strong>, Professor, University of Belgrade<\/p>\n<p><strong>\u00a0<\/strong><\/p>\n<p>[\/et_pb_text][\/et_pb_column][\/et_pb_row][\/et_pb_section]<\/p>\n","protected":false},"excerpt":{"rendered":"<p>CommitteesConference Co-Chairs Ilaria Geddes, CyNUM Co-president; Special Scientist, University of Cyprus Nadia Charalambous, KAEBUP Project Coordinator; Associate Professor, University of Cyprus \u00a0 Organising Committee Chrystala Psathiti, Special Scientist, University of Cyprus Christina Panayi, Ph.D. Candidate University of Cyprus Gizem Caner, Lecturer, Cyprus International University Nevter Zafer C\u00f6mert, Associate Professor, Eastern Mediterranean University Nezire \u00d6zgece, Instructor, Cyprus International University Rafaella Christodoulou, Ph.D. Candidate University of Cyprus \u015eebnem Ho\u015fkara, Professor, Eastern Mediterranean University \u00a0 Scientific Committee Abdellah Abarkan, Professor, Blekinge Institute of Technology Alessandro Camiz, Associate Professor, Ozyegin University Anna Agata Kantarek, Associate Professor, Krakow University of Technology Ay\u015fe Sema Kubat, Professor, Istanbul Technical University Chrystala Psathiti, Special Scientist, University of Cyprus Dafne Berc, Researcher, Social Fringe: interesting untold stories Giuseppe Strappa, President, ISUF Italy Gizem Caner, Lecturer, Cyprus International University Ilaria Geddes, Special Scientist, University of Cyprus Karl Kropf, Senior Lecturer, Oxford Brookes University Malgorzata Hanzl, Assistant Professor, Lodz University of Technology Marco Maretto, Associate Professor, University of Parma Marco Trisciuoglio, Associate Professor, Polytechnic University of Turin Mazyar Abaee, Director of Research and Education, Urban Planning and Architecture Research Center of Iran. Nadia Charalambous, Associate Professor, University of Cyprus Nevter Zafer C\u00f6mert, Associate Professor, Eastern Mediterranean University Neziree \u00d6zgece, Instructor, Cyprus [&hellip;]<\/p>\n","protected":false},"author":3,"featured_media":0,"parent":0,"menu_order":0,"comment_status":"closed","ping_status":"closed","template":"","meta":{"_et_pb_use_builder":"on","_et_pb_old_content":"","_et_gb_content_width":"","footnotes":""},"_links":{"self":[{"href":"https:\/\/cyprusconferences.org\/kaebup-cynum2023\/wp-json\/wp\/v2\/pages\/14"}],"collection":[{"href":"https:\/\/cyprusconferences.org\/kaebup-cynum2023\/wp-json\/wp\/v2\/pages"}],"about":[{"href":"https:\/\/cyprusconferences.org\/kaebup-cynum2023\/wp-json\/wp\/v2\/types\/page"}],"author":[{"embeddable":true,"href":"https:\/\/cyprusconferences.org\/kaebup-cynum2023\/wp-json\/wp\/v2\/users\/3"}],"replies":[{"embeddable":true,"href":"https:\/\/cyprusconferences.org\/kaebup-cynum2023\/wp-json\/wp\/v2\/comments?post=14"}],"version-history":[{"count":37,"href":"https:\/\/cyprusconferences.org\/kaebup-cynum2023\/wp-json\/wp\/v2\/pages\/14\/revisions"}],"predecessor-version":[{"id":243648,"href":"https:\/\/cyprusconferences.org\/kaebup-cynum2023\/wp-json\/wp\/v2\/pages\/14\/revisions\/243648"}],"wp:attachment":[{"href":"https:\/\/cyprusconferences.org\/kaebup-cynum2023\/wp-json\/wp\/v2\/media?parent=14"}],"curies":[{"name":"wp","href":"https:\/\/api.w.org\/{rel}","templated":true}]}}