{"id":512,"date":"2019-10-24T12:55:45","date_gmt":"2019-10-24T12:55:45","guid":{"rendered":"http:\/\/cyprusconferences.org\/sofsem2020\/?page_id=512"},"modified":"2019-10-24T12:55:46","modified_gmt":"2019-10-24T12:55:46","slug":"accepted","status":"publish","type":"page","link":"https:\/\/cyprusconferences.org\/sofsem2020\/accepted\/","title":{"rendered":"Accepted Papers"},"content":{"rendered":"<p>[et_pb_section fb_built=&#8221;1&#8243; _builder_version=&#8221;3.17.6&#8243;][et_pb_row _builder_version=&#8221;3.17.6&#8243;][et_pb_column type=&#8221;4_4&#8243; _builder_version=&#8221;3.17.6&#8243; parallax=&#8221;off&#8221; parallax_method=&#8221;on&#8221;][et_pb_text _builder_version=&#8221;3.17.6&#8243;]<\/p>\n<h2>Accepted Papers<\/h2>\n<hr \/>\n<p>[\/et_pb_text][\/et_pb_column][\/et_pb_row][et_pb_row _builder_version=&#8221;3.17.6&#8243;][et_pb_column type=&#8221;4_4&#8243; _builder_version=&#8221;3.17.6&#8243; parallax=&#8221;off&#8221; parallax_method=&#8221;on&#8221;][et_pb_code _builder_version=&#8221;3.17.6&#8243;]<\/p>\n<table cellspacing=\"0\" cellpadding=\"0\"><!-- [et_pb_line_break_holder] -->  <\/p>\n<col width=\"614\"><!-- [et_pb_line_break_holder] -->  <\/p>\n<col width=\"559\"><!-- [et_pb_line_break_holder] -->  <\/p>\n<tr><!-- [et_pb_line_break_holder] -->    <\/p>\n<td colspan=\"2\" width=\"1173\">\n<h5><strong>FULL PAPERS<\/strong><\/h5>\n<\/td>\n<p><!-- [et_pb_line_break_holder] -->  <\/tr>\n<p><!-- [et_pb_line_break_holder] -->  <\/p>\n<tr><!-- [et_pb_line_break_holder] -->    <\/p>\n<td width=\"614\"><strong>Title<\/strong><\/td>\n<p><!-- [et_pb_line_break_holder] -->    <\/p>\n<td width=\"559\"><strong>Authors<\/strong><\/td>\n<p><!-- [et_pb_line_break_holder] -->  <\/tr>\n<p><!-- [et_pb_line_break_holder] -->  <\/p>\n<tr><!-- [et_pb_line_break_holder] -->    <\/p>\n<td width=\"614\">The    HyperBagGraph DataEdron: An Enriched Browsing Experience of Datasets<\/td>\n<p><!-- [et_pb_line_break_holder] -->    <\/p>\n<td width=\"559\">Xavier Ouvrard, Jean-Marie Le    Goff and&nbsp;Stephane Marchand-Maillet<\/td>\n<p><!-- [et_pb_line_break_holder] -->  <\/tr>\n<p><!-- [et_pb_line_break_holder] -->  <\/p>\n<tr><!-- [et_pb_line_break_holder] -->    <\/p>\n<td width=\"614\">Explaining    single predictions : a faster method<\/td>\n<p><!-- [et_pb_line_break_holder] -->    <\/p>\n<td width=\"559\">Gabriel Ferrettini, Julien    Aligon and Chantal Soul\u00e9-Dupuy<\/td>\n<p><!-- [et_pb_line_break_holder] -->  <\/tr>\n<p><!-- [et_pb_line_break_holder] -->  <\/p>\n<tr><!-- [et_pb_line_break_holder] -->    <\/p>\n<td width=\"614\">On    Synthesis of Specifications with Arithmetic<\/td>\n<p><!-- [et_pb_line_break_holder] -->    <\/p>\n<td width=\"559\">Rachel Faran and&nbsp;Orna    Kupferman<\/td>\n<p><!-- [et_pb_line_break_holder] -->  <\/tr>\n<p><!-- [et_pb_line_break_holder] -->  <\/p>\n<tr><!-- [et_pb_line_break_holder] -->    <\/p>\n<td width=\"614\">Do    People Use Naming Conventions in SQL Programming?<\/td>\n<p><!-- [et_pb_line_break_holder] -->    <\/p>\n<td width=\"559\">Aggelos    Papamichail,&nbsp;Apostolos Zarras&nbsp;and&nbsp;Panos Vassiliadis<\/td>\n<p><!-- [et_pb_line_break_holder] -->  <\/tr>\n<p><!-- [et_pb_line_break_holder] -->  <\/p>\n<tr><!-- [et_pb_line_break_holder] -->    <\/p>\n<td width=\"614\">Recommending    Trips in the Archipelago of Refactorings<\/td>\n<p><!-- [et_pb_line_break_holder] -->    <\/p>\n<td width=\"559\">Theofanis    Vartziotis,&nbsp;Apostolos Zarras, Anastasios Tsimakis and&nbsp;Panos    Vassiliadis<\/td>\n<p><!-- [et_pb_line_break_holder] -->  <\/tr>\n<p><!-- [et_pb_line_break_holder] -->  <\/p>\n<tr><!-- [et_pb_line_break_holder] -->    <\/p>\n<td width=\"614\">Scanning    Phylogenetic Networks is NP-hard<\/td>\n<p><!-- [et_pb_line_break_holder] -->    <\/p>\n<td width=\"559\">Vincent Berry,&nbsp;Celine    Scornavacca&nbsp;and&nbsp;Mathias Weller<\/td>\n<p><!-- [et_pb_line_break_holder] -->  <\/tr>\n<p><!-- [et_pb_line_break_holder] -->  <\/p>\n<tr><!-- [et_pb_line_break_holder] -->    <\/p>\n<td width=\"614\">POI    Recommendation based on Locality-specific Seasonality and Long-term Trends<\/td>\n<p><!-- [et_pb_line_break_holder] -->    <\/p>\n<td width=\"559\">Elena Stefancova and Ivan Srba<\/td>\n<p><!-- [et_pb_line_break_holder] -->  <\/tr>\n<p><!-- [et_pb_line_break_holder] -->  <\/p>\n<tr><!-- [et_pb_line_break_holder] -->    <\/p>\n<td width=\"614\">On the    Average State Complexity of Partial Derivative Transducers<\/td>\n<p><!-- [et_pb_line_break_holder] -->    <\/p>\n<td width=\"559\">Stavros Konstantinidis, Ant\u00f3nio    Machiavelo,&nbsp;Nelma Moreira&nbsp;and&nbsp;Rog\u00e9rio Reis<\/td>\n<p><!-- [et_pb_line_break_holder] -->  <\/tr>\n<p><!-- [et_pb_line_break_holder] -->  <\/p>\n<tr><!-- [et_pb_line_break_holder] -->    <\/p>\n<td width=\"614\">Minimal    Unique Substrings and Minimal Absent Words in a Sliding Window<\/td>\n<p><!-- [et_pb_line_break_holder] -->    <\/p>\n<td width=\"559\">Takuya Mieno, Yuki Kuhara, Tooru    Akagi, Yuta Fujishige, Yuto Nakashima, Shunsuke Inenaga, Hideo Bannai and    Masayuki Takeda<\/td>\n<p><!-- [et_pb_line_break_holder] -->  <\/tr>\n<p><!-- [et_pb_line_break_holder] -->  <\/p>\n<tr><!-- [et_pb_line_break_holder] -->    <\/p>\n<td width=\"614\">A Game    of Cops and Robbers on Graphs with Periodic Edge-Connectivity<\/td>\n<p><!-- [et_pb_line_break_holder] -->    <\/p>\n<td width=\"559\">Thomas    Erlebach&nbsp;and&nbsp;Jakob Spooner<\/td>\n<p><!-- [et_pb_line_break_holder] -->  <\/tr>\n<p><!-- [et_pb_line_break_holder] -->  <\/p>\n<tr><!-- [et_pb_line_break_holder] -->    <\/p>\n<td width=\"614\">An    Extension of Linear-size Suffix Tries for Parameterized Strings<\/td>\n<p><!-- [et_pb_line_break_holder] -->    <\/p>\n<td width=\"559\">Katsuhito    Nakashima,&nbsp;Diptarama Hendrian, Ryo Yoshinaka and Ayumi Shinohara<\/td>\n<p><!-- [et_pb_line_break_holder] -->  <\/tr>\n<p><!-- [et_pb_line_break_holder] -->  <\/p>\n<tr><!-- [et_pb_line_break_holder] -->    <\/p>\n<td width=\"614\">The    order type of scattered context-free orderings of rank one is computable<\/td>\n<p><!-- [et_pb_line_break_holder] -->    <\/p>\n<td width=\"559\">Kitti    Gelle&nbsp;and&nbsp;Szabolcs Ivan<\/td>\n<p><!-- [et_pb_line_break_holder] -->  <\/tr>\n<p><!-- [et_pb_line_break_holder] -->  <\/p>\n<tr><!-- [et_pb_line_break_holder] -->    <\/p>\n<td width=\"614\">Approximating    Weighted Completion Time for Order Scheduling with Setup Times<\/td>\n<p><!-- [et_pb_line_break_holder] -->    <\/p>\n<td width=\"559\">Simon Pukrop, Alexander M\u00e4cker    and Friedhelm Meyer Auf der Heide<\/td>\n<p><!-- [et_pb_line_break_holder] -->  <\/tr>\n<p><!-- [et_pb_line_break_holder] -->  <\/p>\n<tr><!-- [et_pb_line_break_holder] -->    <\/p>\n<td width=\"614\">AOBA: An    Online Benchmark tool for Algorithms in stringology<\/td>\n<p><!-- [et_pb_line_break_holder] -->    <\/p>\n<td width=\"559\">Ryu Wakimoto, Satoshi    Kobayashi,&nbsp;Yuki Igarashi, Davaajav Jargalsaikhan,&nbsp;Diptarama    Hendrian, Ryo Yoshinaka and Ayumi Shinohara<\/td>\n<p><!-- [et_pb_line_break_holder] -->  <\/tr>\n<p><!-- [et_pb_line_break_holder] -->  <\/p>\n<tr><!-- [et_pb_line_break_holder] -->    <\/p>\n<td width=\"614\">A    Light-weight Tool for the Self-Assessment of Security Compliance in Software    Development \u2013 An Industry Case<\/td>\n<p><!-- [et_pb_line_break_holder] -->    <\/p>\n<td width=\"559\">Fabiola Moy\u00f3n, Christoph    Bayr,&nbsp;Daniel Mendez,&nbsp;Sebastian D\u00e4nnart&nbsp;and Kristian Beckers<\/td>\n<p><!-- [et_pb_line_break_holder] -->  <\/tr>\n<p><!-- [et_pb_line_break_holder] -->  <\/p>\n<tr><!-- [et_pb_line_break_holder] -->    <\/p>\n<td width=\"614\">Online    scheduling with machine cost and a quadratic objective function<\/td>\n<p><!-- [et_pb_line_break_holder] -->    <\/p>\n<td width=\"559\">Janos Csirik, Gyorgy Dosa and    David Koszo<\/td>\n<p><!-- [et_pb_line_break_holder] -->  <\/tr>\n<p><!-- [et_pb_line_break_holder] -->  <\/p>\n<tr><!-- [et_pb_line_break_holder] -->    <\/p>\n<td width=\"614\">A    Characterization of The Context-Free Languages by Stateless Ordered    Restart-Delete Automata<\/td>\n<p><!-- [et_pb_line_break_holder] -->    <\/p>\n<td width=\"559\">Friedrich Otto<\/td>\n<p><!-- [et_pb_line_break_holder] -->  <\/tr>\n<p><!-- [et_pb_line_break_holder] -->  <\/p>\n<tr><!-- [et_pb_line_break_holder] -->    <\/p>\n<td width=\"614\">PointNet    with Spin Images<\/td>\n<p><!-- [et_pb_line_break_holder] -->    <\/p>\n<td width=\"559\">Jakub St\u0159elsk\u00fd<\/td>\n<p><!-- [et_pb_line_break_holder] -->  <\/tr>\n<p><!-- [et_pb_line_break_holder] -->  <\/p>\n<tr><!-- [et_pb_line_break_holder] -->    <\/p>\n<td width=\"614\">Simple    Distributed Spanners in Dense Congest Networks<\/td>\n<p><!-- [et_pb_line_break_holder] -->    <\/p>\n<td width=\"559\">Leonid Barenboim and Tzalik    Maimon<\/td>\n<p><!-- [et_pb_line_break_holder] -->  <\/tr>\n<p><!-- [et_pb_line_break_holder] -->  <\/p>\n<tr><!-- [et_pb_line_break_holder] -->    <\/p>\n<td width=\"614\">Linearizing    Genomes: Exact Methods and Local Search<\/td>\n<p><!-- [et_pb_line_break_holder] -->    <\/p>\n<td width=\"559\">Tom Davot, Annie Chateau,    Rodolphe Giroudeau and&nbsp;Mathias Weller<\/td>\n<p><!-- [et_pb_line_break_holder] -->  <\/tr>\n<p><!-- [et_pb_line_break_holder] -->  <\/p>\n<tr><!-- [et_pb_line_break_holder] -->    <\/p>\n<td width=\"614\">Fast    Indexes for Gapped Pattern Matching<\/td>\n<p><!-- [et_pb_line_break_holder] -->    <\/p>\n<td width=\"559\">Manuel Caceres, Simon Puglisi    and Bella Zhukova<\/td>\n<p><!-- [et_pb_line_break_holder] -->  <\/tr>\n<p><!-- [et_pb_line_break_holder] -->  <\/p>\n<tr><!-- [et_pb_line_break_holder] -->    <\/p>\n<td width=\"614\">Parallel    duel-and-sweep algorithm for the order-preserving pattern matching<\/td>\n<p><!-- [et_pb_line_break_holder] -->    <\/p>\n<td width=\"559\">Davaajav Jargalsaikhan,    Diptarama Hendrian, Ryo Yoshinaka and Ayumi Shinohara<\/td>\n<p><!-- [et_pb_line_break_holder] -->  <\/tr>\n<p><!-- [et_pb_line_break_holder] -->  <\/p>\n<tr><!-- [et_pb_line_break_holder] -->    <\/p>\n<td width=\"614\">Faster    STR-EC-LCS Computation<\/td>\n<p><!-- [et_pb_line_break_holder] -->    <\/p>\n<td width=\"559\">Kohei Yamada, Yuto Nakashima,    Shunsuke Inenaga, Hideo Bannai and Masayuki Takeda<\/td>\n<p><!-- [et_pb_line_break_holder] -->  <\/tr>\n<p><!-- [et_pb_line_break_holder] -->  <\/p>\n<tr><!-- [et_pb_line_break_holder] -->    <\/p>\n<td width=\"614\">Vietnamese    Punctuation Prediction Using Deep Neural Networks<\/td>\n<p><!-- [et_pb_line_break_holder] -->    <\/p>\n<td width=\"559\">Thuy Pham, Thao Nhu Nguyen,    Quang Pham, Ky Han Cao and Binh Thanh Nguyen<\/td>\n<p><!-- [et_pb_line_break_holder] -->  <\/tr>\n<p><!-- [et_pb_line_break_holder] -->  <\/p>\n<tr><!-- [et_pb_line_break_holder] -->    <\/p>\n<td width=\"614\">Bounds    for the Number of Tests in Non-Adaptive Randomized Algorithms for Group    Testing<\/td>\n<p><!-- [et_pb_line_break_holder] -->    <\/p>\n<td width=\"559\">Nader Bshouty, Catherine    Haddad-Zaknoon and George Haddad<\/td>\n<p><!-- [et_pb_line_break_holder] -->  <\/tr>\n<p><!-- [et_pb_line_break_holder] -->  <\/p>\n<tr><!-- [et_pb_line_break_holder] -->    <\/p>\n<td width=\"614\">A novel    hybrid genetic algorithm for the two-stage transportation problem with fixed    charges associated to the routes<\/td>\n<p><!-- [et_pb_line_break_holder] -->    <\/p>\n<td width=\"559\">Ovidiu Cosma, Petrica Pop and    Cosmin Sabo<\/td>\n<p><!-- [et_pb_line_break_holder] -->  <\/tr>\n<p><!-- [et_pb_line_break_holder] -->  <\/p>\n<tr><!-- [et_pb_line_break_holder] -->    <\/p>\n<td width=\"614\">The    Maximum Equality-Free String Factorization Problem: Gaps vs. No Gaps<\/td>\n<p><!-- [et_pb_line_break_holder] -->    <\/p>\n<td width=\"559\">Radu-Stefan Mincu    and&nbsp;Alexandru Popa<\/td>\n<p><!-- [et_pb_line_break_holder] -->  <\/tr>\n<p><!-- [et_pb_line_break_holder] -->  <\/p>\n<tr><!-- [et_pb_line_break_holder] -->    <\/p>\n<td width=\"614\">Crowd    Detection for Drone Safe Landing through Fully-Convolutional Neural Networks<\/td>\n<p><!-- [et_pb_line_break_holder] -->    <\/p>\n<td width=\"559\">Giovanna Castellano, Ciro    Castiello, Corrado Mencar and Gennaro Vessio<\/td>\n<p><!-- [et_pb_line_break_holder] -->  <\/tr>\n<p><!-- [et_pb_line_break_holder] -->  <\/p>\n<tr><!-- [et_pb_line_break_holder] -->    <\/p>\n<td width=\"614\">On the    Difference Between Finite-State and Pushdown Depth<\/td>\n<p><!-- [et_pb_line_break_holder] -->    <\/p>\n<td width=\"559\">Liam Jordon and Philippe Moser<\/td>\n<p><!-- [et_pb_line_break_holder] -->  <\/tr>\n<p><!-- [et_pb_line_break_holder] -->  <\/p>\n<tr><!-- [et_pb_line_break_holder] -->    <\/p>\n<td width=\"614\">A    Constructive Arboricity Approximation Scheme<\/td>\n<p><!-- [et_pb_line_break_holder] -->    <\/p>\n<td width=\"559\">Markus Blumenstock&nbsp;and    Frank Fischer<\/td>\n<p><!-- [et_pb_line_break_holder] -->  <\/tr>\n<p><!-- [et_pb_line_break_holder] -->  <\/p>\n<tr><!-- [et_pb_line_break_holder] -->    <\/p>\n<td width=\"614\">Refined    Parameterizations for Computing Colored Cuts in Edge-Colored Graphs<\/td>\n<p><!-- [et_pb_line_break_holder] -->    <\/p>\n<td width=\"559\">Nils Morawietz,&nbsp;Niels    Gr\u00fcttemeier,&nbsp;Christian Komusiewicz&nbsp;and Frank Sommer<\/td>\n<p><!-- [et_pb_line_break_holder] -->  <\/tr>\n<p><!-- [et_pb_line_break_holder] -->  <\/p>\n<tr><!-- [et_pb_line_break_holder] -->    <\/p>\n<td width=\"614\">Approximating    Sorting by Reversals for Trees<\/td>\n<p><!-- [et_pb_line_break_holder] -->    <\/p>\n<td width=\"559\">Nicolas Bousquet&nbsp;and Alice    Joffard<\/td>\n<p><!-- [et_pb_line_break_holder] -->  <\/tr>\n<p><!-- [et_pb_line_break_holder] -->  <\/p>\n<tr><!-- [et_pb_line_break_holder] -->    <\/p>\n<td width=\"614\">Kernels    of Sub-Classes of Context-Free Languages<\/td>\n<p><!-- [et_pb_line_break_holder] -->    <\/p>\n<td width=\"559\">Martin Kutrib<\/td>\n<p><!-- [et_pb_line_break_holder] -->  <\/tr>\n<p><!-- [et_pb_line_break_holder] -->  <\/p>\n<tr><!-- [et_pb_line_break_holder] -->    <\/p>\n<td width=\"614\">String    Representations of Java Objects: An Empirical Study<\/td>\n<p><!-- [et_pb_line_break_holder] -->    <\/p>\n<td width=\"559\">Mat\u00fa\u0161 Sul\u00edr<\/td>\n<p><!-- [et_pb_line_break_holder] -->  <\/tr>\n<p><!-- [et_pb_line_break_holder] -->  <\/p>\n<tr><!-- [et_pb_line_break_holder] -->    <\/p>\n<td width=\"614\">Up-to    Techniques for Branching Bisimilarity<\/td>\n<p><!-- [et_pb_line_break_holder] -->    <\/p>\n<td width=\"559\">Rick Erkens, Jurriaan Rot and    Bas Luttik<\/td>\n<p><!-- [et_pb_line_break_holder] -->  <\/tr>\n<p><!-- [et_pb_line_break_holder] -->  <\/p>\n<tr><!-- [et_pb_line_break_holder] -->    <\/p>\n<td width=\"614\">Parameterized    Dynamic Variants of Red-Blue Dominating Set<\/td>\n<p><!-- [et_pb_line_break_holder] -->    <\/p>\n<td width=\"559\">Faisal Abu-Khzam,&nbsp;Cristina    Bazgan&nbsp;and&nbsp;Henning Fernau<\/td>\n<p><!-- [et_pb_line_break_holder] -->  <\/tr>\n<p><!-- [et_pb_line_break_holder] -->  <\/p>\n<tr><!-- [et_pb_line_break_holder] -->    <\/p>\n<td width=\"614\">Burning    Two Worlds: Algorithms for Burning Dense and Tree-like Graphs<\/td>\n<p><!-- [et_pb_line_break_holder] -->    <\/p>\n<td width=\"559\">Shahin Kamali,&nbsp;Avery    Miller&nbsp;and Kenny Zhang<\/td>\n<p><!-- [et_pb_line_break_holder] -->  <\/tr>\n<p><!-- [et_pb_line_break_holder] -->  <\/p>\n<tr><!-- [et_pb_line_break_holder] -->    <\/p>\n<td width=\"614\">Maintainability    of automatic acceptance tests for web applications &#8211; A case study comparing    two approaches to organizing code of test cases<\/td>\n<p><!-- [et_pb_line_break_holder] -->    <\/p>\n<td width=\"559\">Aleksander Sadaj, Sylwia    Kopczy\u0144ska,&nbsp;Jerzy Nawrocki&nbsp;and&nbsp;Miros\u0142aw Ochodek<\/td>\n<p><!-- [et_pb_line_break_holder] -->  <\/tr>\n<p><!-- [et_pb_line_break_holder] -->  <\/p>\n<tr><!-- [et_pb_line_break_holder] -->    <\/p>\n<td width=\"614\">Parameterized    complexity of synthesizing b-bounded (m,n)-T-systems<\/td>\n<p><!-- [et_pb_line_break_holder] -->    <\/p>\n<td width=\"559\">Ronny Tredup<\/td>\n<p><!-- [et_pb_line_break_holder] -->  <\/tr>\n<p><!-- [et_pb_line_break_holder] -->  <\/p>\n<tr><!-- [et_pb_line_break_holder] -->    <\/p>\n<td width=\"614\">Employing    Costs in Multiagent Systems with Timed Migration and Timed Communication<\/td>\n<p><!-- [et_pb_line_break_holder] -->    <\/p>\n<td width=\"559\">Bogdan    Aman&nbsp;and&nbsp;Gabriel Ciobanu<\/td>\n<p><!-- [et_pb_line_break_holder] -->  <\/tr>\n<p><!-- [et_pb_line_break_holder] -->  <\/p>\n<tr><!-- [et_pb_line_break_holder] -->    <\/p>\n<td width=\"614\">Selection    of Green Logical Data Warehouse Schema by Anti-Monotonicity Constraint<\/td>\n<p><!-- [et_pb_line_break_holder] -->    <\/p>\n<td width=\"559\">Issam Ghabri, Ladjel Bellatreche    and Sadok Ben Yahia<\/td>\n<p><!-- [et_pb_line_break_holder] -->  <\/tr>\n<p><!-- [et_pb_line_break_holder] -->  <\/p>\n<tr><!-- [et_pb_line_break_holder] -->    <\/p>\n<td width=\"614\">Towards    the named Entity Recognition Methods in biomedical field<\/td>\n<p><!-- [et_pb_line_break_holder] -->    <\/p>\n<td width=\"559\">Anna \u015aniegula, Aneta    Poniszewska-Maranda and \u0141ukasz Chom\u0105tek<\/td>\n<p><!-- [et_pb_line_break_holder] -->  <\/tr>\n<p><!-- [et_pb_line_break_holder] -->  <\/p>\n<tr><!-- [et_pb_line_break_holder] -->    <\/p>\n<td width=\"614\">Inferring    Deterministic Regular Expression with Unorder<\/td>\n<p><!-- [et_pb_line_break_holder] -->    <\/p>\n<td width=\"559\">Xiaofan Wang<\/td>\n<p><!-- [et_pb_line_break_holder] -->  <\/tr>\n<p><!-- [et_pb_line_break_holder] -->  <\/p>\n<tr><!-- [et_pb_line_break_holder] -->    <\/p>\n<td width=\"614\"><\/td>\n<p><!-- [et_pb_line_break_holder] -->    <\/p>\n<td width=\"559\"><\/td>\n<p><!-- [et_pb_line_break_holder] -->  <\/tr>\n<p><!-- [et_pb_line_break_holder] -->  <\/p>\n<tr><!-- [et_pb_line_break_holder] -->    <\/p>\n<td colspan=\"2\">&nbsp;<\/td>\n<p><!-- [et_pb_line_break_holder] -->  <\/tr>\n<p><!-- [et_pb_line_break_holder] -->  <\/p>\n<tr><!-- [et_pb_line_break_holder] -->    <\/p>\n<td colspan=\"2\" width=\"1173\">\n<h5><strong>SHORT PAPERS<\/strong><\/h5>\n<\/td>\n<p><!-- [et_pb_line_break_holder] -->  <\/tr>\n<p><!-- [et_pb_line_break_holder] -->  <\/p>\n<tr><!-- [et_pb_line_break_holder] -->    <\/p>\n<td width=\"614\"><strong>Title<\/strong><\/td>\n<p><!-- [et_pb_line_break_holder] -->    <\/p>\n<td width=\"559\"><strong>Authors<\/strong><\/td>\n<p><!-- [et_pb_line_break_holder] -->  <\/tr>\n<p><!-- [et_pb_line_break_holder] -->  <\/p>\n<tr><!-- [et_pb_line_break_holder] -->    <\/p>\n<td width=\"614\">Practical    Implementation of a Quantum Backtracking Algorithm<\/td>\n<p><!-- [et_pb_line_break_holder] -->    <\/p>\n<td width=\"559\">Maxime Remaud and Simon Martiel<\/td>\n<p><!-- [et_pb_line_break_holder] -->  <\/tr>\n<p><!-- [et_pb_line_break_holder] -->  <\/p>\n<tr><!-- [et_pb_line_break_holder] -->    <\/p>\n<td width=\"614\">GRaCe: a    Relaxed Approach for Graph Query Caching<\/td>\n<p><!-- [et_pb_line_break_holder] -->    <\/p>\n<td width=\"559\">Francesco De Fino, Barbara    Catania and&nbsp;Giovanna Guerrini<\/td>\n<p><!-- [et_pb_line_break_holder] -->  <\/tr>\n<p><!-- [et_pb_line_break_holder] -->  <\/p>\n<tr><!-- [et_pb_line_break_holder] -->    <\/p>\n<td width=\"614\">Connecting    Galaxies: Bridging the Gap between Databases and Applications<\/td>\n<p><!-- [et_pb_line_break_holder] -->    <\/p>\n<td width=\"559\">Henrietta    Dombrovskaya,&nbsp;Boris Novikov&nbsp;and Jeff Czaplewski<\/td>\n<p><!-- [et_pb_line_break_holder] -->  <\/tr>\n<p><!-- [et_pb_line_break_holder] -->  <\/p>\n<tr><!-- [et_pb_line_break_holder] -->    <\/p>\n<td width=\"614\">Simplified    Emanation Graphs: A Sparse Plane Spanner with Steiner Points<\/td>\n<p><!-- [et_pb_line_break_holder] -->    <\/p>\n<td width=\"559\">Bardia Hamedmohseni,&nbsp;Zahed    Rahmati&nbsp;and&nbsp;Debajyoti Mondal<\/td>\n<p><!-- [et_pb_line_break_holder] -->  <\/tr>\n<p><!-- [et_pb_line_break_holder] -->  <\/p>\n<tr><!-- [et_pb_line_break_holder] -->    <\/p>\n<td width=\"614\">Counting    infinitely by oritatami co-transcriptional folding<\/td>\n<p><!-- [et_pb_line_break_holder] -->    <\/p>\n<td width=\"559\">Kohei Maruyama    and&nbsp;Shinnosuke Seki<\/td>\n<p><!-- [et_pb_line_break_holder] -->  <\/tr>\n<p><!-- [et_pb_line_break_holder] -->  <\/p>\n<tr><!-- [et_pb_line_break_holder] -->    <\/p>\n<td width=\"614\">Does    live regression testing help?<\/td>\n<p><!-- [et_pb_line_break_holder] -->    <\/p>\n<td width=\"559\">Karol R\u00e1sto\u010dn\u00fd and Marek    Bruchat\u00fd<\/td>\n<p><!-- [et_pb_line_break_holder] -->  <\/tr>\n<p><!-- [et_pb_line_break_holder] -->  <\/p>\n<tr><!-- [et_pb_line_break_holder] -->    <\/p>\n<td width=\"614\">Simultaneous    FPQ-Ordering and Hybrid Planarity Testing<\/td>\n<p><!-- [et_pb_line_break_holder] -->    <\/p>\n<td width=\"559\">Giuseppe Liotta,&nbsp;Ignaz    Rutter&nbsp;and Alessandra Tappini<\/td>\n<p><!-- [et_pb_line_break_holder] -->  <\/tr>\n<p><!-- [et_pb_line_break_holder] -->  <\/p>\n<tr><!-- [et_pb_line_break_holder] -->    <\/p>\n<td width=\"614\">Modelling    of the Fake Posting Recognition in On-line Media using Machine Learning<\/td>\n<p><!-- [et_pb_line_break_holder] -->    <\/p>\n<td width=\"559\">Kristina Machova, Gabriela    Demkova and Marian Mach<\/td>\n<p><!-- [et_pb_line_break_holder] -->  <\/tr>\n<p><!-- [et_pb_line_break_holder] -->  <\/p>\n<tr><!-- [et_pb_line_break_holder] -->    <\/p>\n<td width=\"614\">Computing    Directed Steiner Path Covers for Directed Co-Graphs<\/td>\n<p><!-- [et_pb_line_break_holder] -->    <\/p>\n<td width=\"559\">Frank Gurski, Stefan Hoffmann,    Dominique Komander, Carolin Rehs, Jochen Rethmann and Egon Wanke<\/td>\n<p><!-- [et_pb_line_break_holder] -->  <\/tr>\n<p><!-- [et_pb_line_break_holder] -->  <\/p>\n<tr><!-- [et_pb_line_break_holder] -->    <\/p>\n<td width=\"614\">On    Synchronizing Tree Automata and Their Work-Optimal Parallel Run, Usable for    Parallel Tree Pattern Matching<\/td>\n<p><!-- [et_pb_line_break_holder] -->    <\/p>\n<td width=\"559\">\u0160t\u011bp\u00e1n Plach\u00fd and&nbsp;Jan    Janousek<\/td>\n<p><!-- [et_pb_line_break_holder] -->  <\/tr>\n<p><!-- [et_pb_line_break_holder] -->  <\/p>\n<tr><!-- [et_pb_line_break_holder] -->    <\/p>\n<td width=\"614\">A New    Heuristic to Find Overlapping Dense Subgraphs in Biological Networks<\/td>\n<p><!-- [et_pb_line_break_holder] -->    <\/p>\n<td width=\"559\">Mohammad Mehdi Hosseinzadeh<\/td>\n<p><!-- [et_pb_line_break_holder] -->  <\/tr>\n<p><!-- [et_pb_line_break_holder] -->  <\/p>\n<tr><!-- [et_pb_line_break_holder] -->    <\/p>\n<td width=\"614\">A    Calculus for Language Transformations<\/td>\n<p><!-- [et_pb_line_break_holder] -->    <\/p>\n<td width=\"559\">Benjamin Mourad and&nbsp;Matteo    Cimini<\/td>\n<p><!-- [et_pb_line_break_holder] -->  <\/tr>\n<p><!-- [et_pb_line_break_holder] -->  <\/p>\n<tr> <!-- [et_pb_line_break_holder] -->    <\/p>\n<td width=\"614\">Two-step    Memory Networks for Deep Semantic Parsing of Geometry Word Problems<\/td>\n<p><!-- [et_pb_line_break_holder] -->    <\/p>\n<td width=\"559\">Ishadi Jayasinghe and Surangika    Ranathunga<\/td>\n<p><!-- [et_pb_line_break_holder] -->  <\/tr>\n<p><!-- [et_pb_line_break_holder] -->  <\/p>\n<tr><!-- [et_pb_line_break_holder] -->    <\/p>\n<td width=\"614\">Two-player    Competitive Diffusion Game: Graph Classes and the Existence of a Nash    Equilibrium<\/td>\n<p><!-- [et_pb_line_break_holder] -->    <\/p>\n<td width=\"559\">Naoka Fukuzono,&nbsp;Tesshu    Hanaka,&nbsp;Hironori Kiya,&nbsp;Hirotaka Ono&nbsp;and Ryogo Yamaguchi<\/td>\n<p><!-- [et_pb_line_break_holder] -->  <\/tr>\n<p><!-- [et_pb_line_break_holder] -->  <\/p>\n<tr><!-- [et_pb_line_break_holder] -->    <\/p>\n<td width=\"614\">A case    study on a hybrid approach to assessing the maturity of Requirements    Engineering practices in agile projects (REMMA)<\/td>\n<p><!-- [et_pb_line_break_holder] -->    <\/p>\n<td width=\"559\">Miros\u0142aw Ochodek, Sylwia    Kopczy\u0144ska and&nbsp;Jerzy Nawrocki<\/td>\n<p><!-- [et_pb_line_break_holder] -->  <\/tr>\n<p><!-- [et_pb_line_break_holder] -->  <\/p>\n<tr><!-- [et_pb_line_break_holder] -->    <\/p>\n<td width=\"614\">Automatic    Text Generation in Slovak Language<\/td>\n<p><!-- [et_pb_line_break_holder] -->    <\/p>\n<td width=\"559\">Dominik Vasko, Samuel Pec\u00e1r    and&nbsp;Mari\u00e1n \u0160imko<\/td>\n<p><!-- [et_pb_line_break_holder] -->  <\/tr>\n<p><!-- [et_pb_line_break_holder] -->  <\/p>\n<tr><!-- [et_pb_line_break_holder] -->    <\/p>\n<td width=\"614\">On the    Hardness of Energy Minimisation for Crystal Structure Prediction<\/td>\n<p><!-- [et_pb_line_break_holder] -->    <\/p>\n<td width=\"559\">Duncan Adamson, Argyrios    Deligkas, Vladimir V. Gusev and&nbsp;Igor Potapov<\/td>\n<p><!-- [et_pb_line_break_holder] -->  <\/tr>\n<p><!-- [et_pb_line_break_holder] --><\/table>\n<p><!-- [et_pb_line_break_holder] -->[\/et_pb_code][\/et_pb_column][\/et_pb_row][\/et_pb_section]<\/p>\n","protected":false},"excerpt":{"rendered":"<p>Accepted Papers<\/p>\n","protected":false},"author":1,"featured_media":0,"parent":0,"menu_order":0,"comment_status":"closed","ping_status":"closed","template":"","meta":{"_et_pb_use_builder":"on","_et_pb_old_content":"","_et_gb_content_width":""},"_links":{"self":[{"href":"https:\/\/cyprusconferences.org\/sofsem2020\/wp-json\/wp\/v2\/pages\/512"}],"collection":[{"href":"https:\/\/cyprusconferences.org\/sofsem2020\/wp-json\/wp\/v2\/pages"}],"about":[{"href":"https:\/\/cyprusconferences.org\/sofsem2020\/wp-json\/wp\/v2\/types\/page"}],"author":[{"embeddable":true,"href":"https:\/\/cyprusconferences.org\/sofsem2020\/wp-json\/wp\/v2\/users\/1"}],"replies":[{"embeddable":true,"href":"https:\/\/cyprusconferences.org\/sofsem2020\/wp-json\/wp\/v2\/comments?post=512"}],"version-history":[{"count":2,"href":"https:\/\/cyprusconferences.org\/sofsem2020\/wp-json\/wp\/v2\/pages\/512\/revisions"}],"predecessor-version":[{"id":515,"href":"https:\/\/cyprusconferences.org\/sofsem2020\/wp-json\/wp\/v2\/pages\/512\/revisions\/515"}],"wp:attachment":[{"href":"https:\/\/cyprusconferences.org\/sofsem2020\/wp-json\/wp\/v2\/media?parent=512"}],"curies":[{"name":"wp","href":"https:\/\/api.w.org\/{rel}","templated":true}]}}