{"id":243901,"date":"2023-09-22T08:34:35","date_gmt":"2023-09-22T08:34:35","guid":{"rendered":"https:\/\/cyprusconferences.org\/icsr2024\/?page_id=243901"},"modified":"2025-06-23T09:32:17","modified_gmt":"2025-06-23T09:32:17","slug":"committees","status":"publish","type":"page","link":"https:\/\/cyprusconferences.org\/tase2025\/committees\/","title":{"rendered":"Committees"},"content":{"rendered":"<p>[et_pb_section fb_built=&#8221;1&#8243; _builder_version=&#8221;4.22.2&#8243; background_image=&#8221;https:\/\/cyprusconferences.org\/tase2025\/wp-content\/uploads\/2023\/05\/24857899916_6d7d641e3e_o-scaled-1.jpg&#8221; background_blend=&#8221;luminosity&#8221; global_colors_info=&#8221;{}&#8221;][et_pb_row _builder_version=&#8221;4.16&#8243; global_colors_info=&#8221;{}&#8221;][et_pb_column type=&#8221;4_4&#8243; _builder_version=&#8221;4.16&#8243; global_colors_info=&#8221;{}&#8221;][et_pb_text _builder_version=&#8221;4.22.2&#8243; header_font=&#8221;|800|||||||&#8221; header_text_color=&#8221;#FFFFFF&#8221; header_font_size=&#8221;35px&#8221; global_colors_info=&#8221;{}&#8221;]<\/p>\n<h1 style=\"text-align: left;\">Committees<\/h1>\n<p>[\/et_pb_text][\/et_pb_column][\/et_pb_row][\/et_pb_section][et_pb_section fb_built=&#8221;1&#8243; _builder_version=&#8221;4.22.2&#8243; background_enable_image=&#8221;off&#8221; global_colors_info=&#8221;{}&#8221;][et_pb_row _builder_version=&#8221;4.27.0&#8243; _module_preset=&#8221;default&#8221; global_colors_info=&#8221;{}&#8221;][et_pb_column type=&#8221;4_4&#8243; _builder_version=&#8221;4.27.0&#8243; _module_preset=&#8221;default&#8221; global_colors_info=&#8221;{}&#8221;][et_pb_text _builder_version=&#8221;4.27.0&#8243; _module_preset=&#8221;default&#8221; global_colors_info=&#8221;{}&#8221;]<\/p>\n<h3>General Chair<\/h3>\n<p><strong>George A. Papadopoulos,<\/strong> University of Cyprus, Cyprus<\/p>\n<p>&nbsp;<\/p>\n<h3>Program Chairs\u00a0<\/h3>\n<p><strong>Philipp R\u00fcmmer, <\/strong>University of Regensburg, Germany<\/p>\n<p><strong>Zhilin Wu<\/strong>, Institute of Software, Chinese Academy of Sciences, China<\/p>\n<p><strong><\/strong><\/p>\n<p>[\/et_pb_text][et_pb_text _builder_version=&#8221;4.27.3&#8243; _module_preset=&#8221;default&#8221; global_colors_info=&#8221;{}&#8221;]<\/p>\n<h3>Publicity Chair<\/h3>\n<p><strong>QinXiang Cao<\/strong>, Shanghai Jiaotong University, China<\/p>\n<p>[\/et_pb_text][et_pb_text _builder_version=&#8221;4.27.3&#8243; _module_preset=&#8221;default&#8221; global_colors_info=&#8221;{}&#8221;]<\/p>\n<h3>Program Committee<\/h3>\n<p><strong>Jie An,<\/strong> Institute of Software, Chinese Academy of Sciences, China<br \/><strong>Peter Backeman<\/strong>, M\u00e4lardalen University, Sweden<br \/><strong>Guangdong Bai<\/strong>, The University of Queensland, Australia<br \/><strong>Nikolaj Bj\u00f8rner<\/strong>, Microsoft, USA<br \/><strong>Marcello Bonsangue<\/strong>, Leiden University, Neitherlands<br \/><strong>Julie Cailler<\/strong>, Loria University of Lorraine, France<br \/><strong>Mingshuai Chen<\/strong>, Zhejiang University, China<br \/><strong>Lucas Cordeiro<\/strong>, The University of Manchester, UK<br \/><strong>Mohammed Erradi<\/strong>, ENSIAS Rabat, Morocco<br \/><strong>Grigory Fedyukovich<\/strong>, Florida State University, USA<br \/><strong>Marc Frappier,<\/strong> Universit\u00e9 de Sherbrooke, Canada<br \/><strong>Hongfei Fu<\/strong>, Shanghai Jiao Tong University, China<br \/><strong>Zolt\u00e1n Horv\u00e1th<\/strong>, Eotvos Lorand University, Budapest, Hungary<br \/><strong>Zhe Hou<\/strong>, School of Information and Communication Technology (ICT), Griffith Univerity, Australia<br \/><strong>Andreas Katis<\/strong>, KBR Inc. at NASA Ames Research Center, USA<br \/><strong>Jyun-Ao Lin<\/strong>, National Taipei University of Technology, Taiwan, China<br \/><strong>Wanwei Liu<\/strong>, School of Computer Science, National University of Defense Technology, China<br \/><strong>Shaoying Liu<\/strong>, Hiroshima University, Japan<br \/><strong>Eric Mercer<\/strong>, Brigham Young University, USA<br \/><strong>Dominique Mery,<\/strong> Loria Universit\u00e9 de Lorraine, France<br \/><strong>Mizuhito Ogawa<\/strong>, NPO &#8220;Old Teachers Network&#8221;, Japan<br \/><strong>Jun Pang,<\/strong> University of Luxembourg, Luxembourg<br \/><strong>Andrei Paskevich<\/strong>, Universit\u00e9 Paris-Sud, LRI, France<br \/><strong>Anna Philippou<\/strong>, University of Cyprus, Cyprus<br \/><strong>Kristin Yvonne Rozier<\/strong>, Iowa State University, USA<br \/><strong>Daniel Stan<\/strong>, LRDE, Epita Paris, France<br \/><strong>Jun Sun<\/strong>, Singapore Management University, Singapore<br \/><strong>Ramanathan Thinniyam Srinivasan<\/strong>, Uppsala University, Sweden<br \/><strong>Aaron Tomb<\/strong>, Amazon Web Services, USA<br \/><strong>Zhiwu Xu<\/strong>, Shenzhen University, China<br \/><strong>Zhenya Zhang<\/strong>, Kyushu University, Japan<br \/><strong>Yedi Zhang,<\/strong> National University of Singapore, Singapore<\/p>\n<p><strong><\/strong><\/p>\n<p>[\/et_pb_text][\/et_pb_column][\/et_pb_row][\/et_pb_section]<\/p>\n","protected":false},"excerpt":{"rendered":"<p>CommitteesGeneral Chair George A. Papadopoulos, University of Cyprus, Cyprus &nbsp; Program Chairs\u00a0 Philipp R\u00fcmmer, University of Regensburg, Germany Zhilin Wu, Institute of Software, Chinese Academy of Sciences, China Publicity Chair QinXiang Cao, Shanghai Jiaotong University, ChinaProgram Committee Jie An, Institute of Software, Chinese Academy of Sciences, ChinaPeter Backeman, M\u00e4lardalen University, SwedenGuangdong Bai, The University of Queensland, AustraliaNikolaj Bj\u00f8rner, Microsoft, USAMarcello Bonsangue, Leiden University, NeitherlandsJulie Cailler, Loria University of Lorraine, FranceMingshuai Chen, Zhejiang University, ChinaLucas Cordeiro, The University of Manchester, UKMohammed Erradi, ENSIAS Rabat, MoroccoGrigory Fedyukovich, Florida State University, USAMarc Frappier, Universit\u00e9 de Sherbrooke, CanadaHongfei Fu, Shanghai Jiao Tong University, ChinaZolt\u00e1n Horv\u00e1th, Eotvos Lorand University, Budapest, HungaryZhe Hou, School of Information and Communication Technology (ICT), Griffith Univerity, AustraliaAndreas Katis, KBR Inc. at NASA Ames Research Center, USAJyun-Ao Lin, National Taipei University of Technology, Taiwan, ChinaWanwei Liu, School of Computer Science, National University of Defense Technology, ChinaShaoying Liu, Hiroshima University, JapanEric Mercer, Brigham Young University, USADominique Mery, Loria Universit\u00e9 de Lorraine, FranceMizuhito Ogawa, NPO &#8220;Old Teachers Network&#8221;, JapanJun Pang, University of Luxembourg, LuxembourgAndrei Paskevich, Universit\u00e9 Paris-Sud, LRI, FranceAnna Philippou, University of Cyprus, CyprusKristin Yvonne Rozier, Iowa State University, USADaniel Stan, LRDE, Epita Paris, FranceJun Sun, Singapore Management University, SingaporeRamanathan Thinniyam Srinivasan, Uppsala [&hellip;]<\/p>\n","protected":false},"author":8,"featured_media":0,"parent":0,"menu_order":0,"comment_status":"closed","ping_status":"closed","template":"","meta":{"_et_pb_use_builder":"on","_et_pb_old_content":"","_et_gb_content_width":"","footnotes":""},"_links":{"self":[{"href":"https:\/\/cyprusconferences.org\/tase2025\/wp-json\/wp\/v2\/pages\/243901"}],"collection":[{"href":"https:\/\/cyprusconferences.org\/tase2025\/wp-json\/wp\/v2\/pages"}],"about":[{"href":"https:\/\/cyprusconferences.org\/tase2025\/wp-json\/wp\/v2\/types\/page"}],"author":[{"embeddable":true,"href":"https:\/\/cyprusconferences.org\/tase2025\/wp-json\/wp\/v2\/users\/8"}],"replies":[{"embeddable":true,"href":"https:\/\/cyprusconferences.org\/tase2025\/wp-json\/wp\/v2\/comments?post=243901"}],"version-history":[{"count":16,"href":"https:\/\/cyprusconferences.org\/tase2025\/wp-json\/wp\/v2\/pages\/243901\/revisions"}],"predecessor-version":[{"id":244261,"href":"https:\/\/cyprusconferences.org\/tase2025\/wp-json\/wp\/v2\/pages\/243901\/revisions\/244261"}],"wp:attachment":[{"href":"https:\/\/cyprusconferences.org\/tase2025\/wp-json\/wp\/v2\/media?parent=243901"}],"curies":[{"name":"wp","href":"https:\/\/api.w.org\/{rel}","templated":true}]}}