{"id":1027,"date":"2022-05-31T06:37:44","date_gmt":"2022-05-31T06:37:44","guid":{"rendered":"http:\/\/cyprusconferences.org\/thalassa2022\/?page_id=1027"},"modified":"2022-05-31T14:07:41","modified_gmt":"2022-05-31T14:07:41","slug":"accepted-papers","status":"publish","type":"page","link":"https:\/\/cyprusconferences.org\/thalassa2022\/accepted-papers\/","title":{"rendered":"Accepted Papers"},"content":{"rendered":"<p>[et_pb_section fb_built=&#8221;1&#8243; fullwidth=&#8221;on&#8221; _builder_version=&#8221;4.14.5&#8243; _module_preset=&#8221;default&#8221; bottom_divider_style=&#8221;waves2&#8243; bottom_divider_color=&#8221;#ffffff&#8221; global_colors_info=&#8221;{}&#8221;][et_pb_fullwidth_header title=&#8221;Accepted Papers&#8221; text_orientation=&#8221;center&#8221; _builder_version=&#8221;4.14.5&#8243; _module_preset=&#8221;default&#8221; title_font_size=&#8221;43px&#8221; background_image=&#8221;https:\/\/cyprusconferences.org\/thalassa2022\/wp-content\/uploads\/2022\/01\/IMG_1827_1-2.jpg&#8221; min_height=&#8221;341px&#8221; custom_margin=&#8221;||47px|||&#8221; custom_padding=&#8221;||31px|||&#8221; title_text_shadow_style=&#8221;preset1&#8243; global_colors_info=&#8221;{}&#8221;][\/et_pb_fullwidth_header][\/et_pb_section][et_pb_section fb_built=&#8221;1&#8243; _builder_version=&#8221;4.5.3&#8243; _module_preset=&#8221;default&#8221; min_height=&#8221;400px&#8221; custom_margin=&#8221;-21px|||||&#8221; global_colors_info=&#8221;{}&#8221;][et_pb_row use_custom_gutter=&#8221;on&#8221; gutter_width=&#8221;1&#8243; _builder_version=&#8221;4.14.5&#8243; _module_preset=&#8221;default&#8221; width=&#8221;100%&#8221; custom_margin=&#8221;-40px|auto||auto||&#8221; global_colors_info=&#8221;{}&#8221;][et_pb_column type=&#8221;4_4&#8243; _builder_version=&#8221;4.5.3&#8243; _module_preset=&#8221;default&#8221; global_colors_info=&#8221;{}&#8221;][et_pb_text _builder_version=&#8221;4.14.5&#8243; _module_preset=&#8221;default&#8221; hover_enabled=&#8221;0&#8243; global_colors_info=&#8221;{}&#8221; sticky_enabled=&#8221;0&#8243;]<\/p>\n<table width=\"2816\">\n<tbody>\n<tr>\n<td width=\"24\">#<\/td>\n<td width=\"1254\"><strong>TITLE<\/strong><\/td>\n<td width=\"154\"><strong>PRESENTERS<\/strong><\/td>\n<td width=\"1384\"><strong>AUTHORS<\/strong><\/td>\n<\/tr>\n<tr>\n<td width=\"24\">1<\/td>\n<td width=\"1254\">Cyprus Database of Alien Species (CyDAS) as a portal for raising awareness and information for Citizen Scientists<\/td>\n<td>Paraskevi Karachle<\/td>\n<td width=\"1384\">Paraskevi Karachle, Louis Hadjioannou, Niki Chartosia, Angeliki Martinou<\/td>\n<\/tr>\n<tr>\n<td width=\"24\">2<\/td>\n<td width=\"1254\">Accounting for functional connectivity in cross-realm conservation planning in a data poor context: the Cyprus case<\/td>\n<td>Stalo Leontiou<\/td>\n<td width=\"1384\">Stalo Leontiou, Ioannis Vogiatzakis, Stelios Katsanevakis<\/td>\n<\/tr>\n<tr>\n<td width=\"24\">3<\/td>\n<td width=\"1254\">Development of a Fish Cage System for Offshore Installation in the Aegean Sea<\/td>\n<td>Dimitrios Konispoliatis<\/td>\n<td width=\"1384\">Dimitrios Konispoliatis, Ioannis Chatjigeorgiou<\/td>\n<\/tr>\n<tr>\n<td width=\"24\">4<\/td>\n<td width=\"1254\">Sea of Experience Establishment of Eastern Mediterranean Regional Network: pooling, sharing, development of innovative face-to-face and digital training\/mentoring tools for the maritime sector<\/td>\n<td>Nikolaos Ventikos<\/td>\n<td width=\"1384\">Georgios Nikolaidis, Georgios Georgiou, Alexandros Rammos, Nikolaos Ventikos, Zacharias Siokouros, Andri Theodorou<\/td>\n<\/tr>\n<tr>\n<td width=\"24\">5<\/td>\n<td width=\"1254\">Seasonal and geographic variations of marine litter: a comprehensive study from the island of Cyprus<\/td>\n<td>Demetra Orthodoxou<\/td>\n<td width=\"1384\">Demetra Orthodoxou, Xenia Loizidou, Christina Baldwin, Cemile Kocareis, Anastasis Karonias, Maria Ay\u00e7a Ate\u015f<\/td>\n<\/tr>\n<tr>\n<td width=\"24\">6<\/td>\n<td width=\"1254\">A review of fish studies using underwater video techniques in the Mediterranean Sea<\/td>\n<td>Melina Nalmpanti<\/td>\n<td width=\"1384\">Melina Nalmpanti, Athanassios Tsikliras<\/td>\n<\/tr>\n<tr>\n<td width=\"24\">7<\/td>\n<td width=\"1254\">The first MPA established in Montenegro (southeast Adriatic Sea): challenges and threats<\/td>\n<td>Slavica Petovi\u0107<\/td>\n<td width=\"1384\">Slavica Petovi\u0107, Nikola Djordjevi\u0107, Aleksandra Huter<\/td>\n<\/tr>\n<tr>\n<td width=\"24\">9<\/td>\n<td width=\"1254\">Integrating Cultural Heritage to Marine Protected Areas in the MENA Region<\/td>\n<td>Julia Nikolaus<\/td>\n<td width=\"1384\">Julia Nikolaus, Nick Ray, Sophie Tews, Georgia Andreou<\/td>\n<\/tr>\n<tr>\n<td width=\"24\">10<\/td>\n<td>Ecocentric fisheries management in the Mediterranean Sea (EcoScope project)<\/td>\n<td>Athanassios Tsikliras<\/td>\n<td>Athanassios Tsikliras, Anna Chrysafi, Evangelia Daskalaki, Ioannis Keramidas, Evangelos Koufalis, Danai Mantopoulou-Palouka, Konstantinos Michailidis, Melina Nalmpanti, Sophie Manousi, Donna Dimarchopoulou<\/td>\n<\/tr>\n<tr>\n<td width=\"24\">11<\/td>\n<td>DISTRIBUTION OF PHYTOPLANKTON SPECIES ALONG THE MONTENEGRIN COAST<\/td>\n<td>Dragana Drakulovi\u0107<\/td>\n<td>Dragana Drakulovi\u0107, Aleksandra Huter<\/td>\n<\/tr>\n<tr>\n<td width=\"24\">12<\/td>\n<td>LifeWatch ERIC: mission, recent developments and what is offered to to the community for the study of climate change impacts on biodiversity and ecosystems research<\/td>\n<td>Christos Arvanitidis<\/td>\n<td>Christos Arvanitidis, Juan Miguel Gonz\u00e1lez-Aranda, Alberto Basset, Peter Van Tienderen, Lucas de Moncuit<\/td>\n<\/tr>\n<tr>\n<td width=\"24\">13<\/td>\n<td>Sea Level Rise due to Climate Change: The case of the Greek Coast<\/td>\n<td>Serafeim Poulos<\/td>\n<td>Serafeim Poulos<\/td>\n<\/tr>\n<tr>\n<td width=\"24\">14<\/td>\n<td>Marine seafloor debris in Cyprus: Composition, distribution and trends<\/td>\n<td>Nikolaos Kamidis<\/td>\n<td>Nikolaos Kamidis, Dona Englezaki, Stelios Triantafillidis, Ioannis Thasitis, Antonios Petrou<\/td>\n<\/tr>\n<tr>\n<td width=\"24\">15<\/td>\n<td>Water quality assessment of the marine environment at the outlets of two wastewater treatment plants in Kavala Gulf, Greece<\/td>\n<td>Nikolaos Kamidis<\/td>\n<td>Eleni Flora, Panagiota Litsa, Stelios Triantafillidis, Dimitrios Karampetsis, Nikolaos Stamatis, Nikolaos Kamidis<\/td>\n<\/tr>\n<tr>\n<td width=\"24\">16<\/td>\n<td>Biology, reproduction, bathymetrical and longitudinal patterns of sharks and rays in Cypriot waters.<\/td>\n<td>Nikolaos Kamidis<\/td>\n<td>Dimitrios Karampetsis, Chrysoula Gubili, Kostas Efthimiadis, Pavlos Vidoris, Ioannis Thasitis, Antonios Petrou, Nikolaos Kamidis<\/td>\n<\/tr>\n<tr>\n<td width=\"24\">17<\/td>\n<td>An invasive seagrass drives its own success in two invaded seas by both negatively affecting native seagrasses and benefiting from those costs<\/td>\n<td>Kelcie Chiquillo<\/td>\n<td>Kelcie Chiquillo, Paul Barber, Marlen Vasquez, Edwin Cruz-Rivera, Demian Willette, Gidon Winters, Peggy Fong<\/td>\n<\/tr>\n<tr>\n<td width=\"24\">18<\/td>\n<td>Responses of Invasive and Native Populations of the Seagrass Halophila stipulacea to Simulated Climate Change<\/td>\n<td>Gidon Winters<\/td>\n<td>Hung Manh Nguyen, Narendra Singh Yadav, Simon Barak, Fernando P. Lima, Yuval Sapir, Gidon Winters<\/td>\n<\/tr>\n<tr>\n<td width=\"24\">19<\/td>\n<td>Projecting the impact of climate and management actions on the future fisheries of the Eastern Mediterranean<\/td>\n<td>Gideon Gal<\/td>\n<td>Gideon Gal, Eyal Ofir<\/td>\n<\/tr>\n<tr>\n<td width=\"24\">20<\/td>\n<td>Reproductive biology and growth of the alien Red Sea goatfish Parupeneus forsskali (Fourmanoir &amp; Gu\u00e9z\u00e9, 1976) off the coast of Cyprus<\/td>\n<td>Niki Chartosia<\/td>\n<td>Sigurdur Saemundsson, Athanasios Tsikliras, Niki Chartosia<\/td>\n<\/tr>\n<tr>\n<td width=\"24\">21<\/td>\n<td>Assisted recruitment of the Critically Endangered fan mussel Pinna nobilis in Cyprus (eastern Mediterranean)<\/td>\n<td>Valentina Fossati<\/td>\n<td>Valentina Fossati, Carlos Jim\u00e9nez, Marios Papageorgiou<\/td>\n<\/tr>\n<tr>\n<td width=\"24\">22<\/td>\n<td>Sea cave mapping around the coastline of Cyprus<\/td>\n<td>Leda L. Cai<\/td>\n<td>Leda L. Cai, Vasilis Trygonis, Maria Sini, Ioannis Savva, Periklis Kleitou, Vasilis Gerovasileiou, Markos Digenis, Demetris Kletou, Stella Alexandrou, Yiannis Ioannou, Haris Nicolaou, Melina Marcou, DROSOS KOUTSOUBAS<\/td>\n<\/tr>\n<tr>\n<td width=\"24\">23<\/td>\n<td>Examining water quality parameters\u2019 interactions related to Cyprus coastal eutrophication based on the Kohonen Self-Organizing Map.<\/td>\n<td>Ekaterini Hadjisolomou<\/td>\n<td>Ekaterini Hadjisolomou, Konstantinos Antoniadis, Ioannis Thasitis, Maria Rousou, Lavrentios Vasiliades, Rana Abu-Alhaija, Ioannis Kyriakides, Herodotos Herodotou, Michalis Michaelides<\/td>\n<\/tr>\n<tr>\n<td width=\"24\">24<\/td>\n<td>The MARI-Sense Project: Employing Artificial Neural Networks for Sustainable Coastal Environmental Management<\/td>\n<td>Ekaterini Hadjisolomou<\/td>\n<td>Ekaterini Hadjisolomou, Konstantinos Antoniadis, Ioannis Thasitis, Maria Rousou, Lavrentios Vasiliades, Rana Abu-Alhaija, Herodotos Herodotou, Michalis Michaelides, Ioannis Kyriakides<\/td>\n<\/tr>\n<tr>\n<td width=\"24\">25<\/td>\n<td>OS -AQUA :Open Sea Aquaculture in Eastern Mediterranean &#8211;\u00a0 &#8220;Enabling the development of\u00a0 an Open Sea Aquaculture in Eastern Mediterranean&#8221;<\/td>\n<td>Georgios Nikolaidis<\/td>\n<td>Georgios Nikolaidis, Monica Demetriou, Rana Abu Alhaija, Daniel Hayes, ioannis kyriakides, George Triantaphyllidis, vassilis papadopoulos, Stephanos charalampous, Michalis Menikou<\/td>\n<\/tr>\n<tr>\n<td width=\"24\">26<\/td>\n<td>Understanding the interactions between cetaceans and other megafauna with the albacore tuna fishery: A case study from the Cyprus\u2019 pelagic longline fishery<\/td>\n<td>Marios Papageorgiou<\/td>\n<td>Marios Papageorgiou, Louis Hadjioannou, Carlos Jimenez, Andreas Georgiou, Antonis Petrou<\/td>\n<\/tr>\n<tr>\n<td width=\"24\">27<\/td>\n<td>Increased knowledge affects public attitude and perception towards elasmobranchs and support for conservation<\/td>\n<td>Marios Papageorgiou<\/td>\n<td>Marios Papageorgiou, Elizabeth G. T. Bengil, Robin Snape, Louis Hadjioannou<\/td>\n<\/tr>\n<tr>\n<td width=\"24\">28<\/td>\n<td>Fistularia petimba (Lacep\u00e8de, 1803) successful establishment in Cyprus (Eastern Mediterranean): Historical and new data with biological notes<\/td>\n<td>Marios Papageorgiou<\/td>\n<td>Marios Papageorgiou, Vasilis Resaikos, Antonis Petrou<\/td>\n<\/tr>\n<tr>\n<td width=\"24\">29<\/td>\n<td>The seasonal diet composition of the non-indigenous Parupeneus forsskali (Fourmanoir &amp; Gu\u00e9z\u00e9, 1976) (Actinopterygii, Mullidae)<\/td>\n<td>Christina Michail<\/td>\n<td>Christina Michail, Anneta Pyle, Niki Chartosia<\/td>\n<\/tr>\n<tr>\n<td width=\"24\">30<\/td>\n<td>Ghost gear removal<\/td>\n<td>Monica Demetriou<\/td>\n<td>Stavros Stylianou, Georgios Fyttis, Gregory Konnaris, Yiannos Mylonas, Monica Demetriou, Georgios Nikolaidis, Yianna Samuel<\/td>\n<\/tr>\n<tr>\n<td width=\"24\">31<\/td>\n<td>Play-based Learning: The creation of an educational program on sea turtles to promote awareness and conservation<\/td>\n<td>Yianna Samuel<\/td>\n<td>Yianna Samuel, Elena Ambiza, Monica Demetriou, Gregory Konnaris, Stavros Stylianou, Georgios Nikolaidis<\/td>\n<\/tr>\n<tr>\n<td width=\"24\">32<\/td>\n<td>What do Cypriots know and think about elasmobranchs? Is there space for conservation?<\/td>\n<td>Licia Finotto<\/td>\n<td>Licia Finotto, Valettini Bruna, Ioannis Giovos, Periklis Kleitou, Carlotta Mazzoldi, Massimiliano Bottaro<\/td>\n<\/tr>\n<tr>\n<td width=\"24\">33<\/td>\n<td>Quantifying the unquantable elasmobranch bycatch and discards in the North Aegean Sea<\/td>\n<td>Ioannis Giovos<\/td>\n<td>Roxani Naasan Aga Spyridopoulou, Ioannis Giovos, Vasileios Minasidis, Dimitrios K Moutopoulos<\/td>\n<\/tr>\n<tr>\n<td width=\"24\">34<\/td>\n<td>Integrated Multi-Trophic Aquaculture trials in Cyprus<\/td>\n<td>Demetris Kletou<\/td>\n<td>Demetris Kletou<\/td>\n<\/tr>\n<tr>\n<td width=\"24\">35<\/td>\n<td>Experiences with the invasive lionfish highlight the threats and challenges of invasive species management in the Marine Protected Areas of the Mediterranean Sea<\/td>\n<td>Periklis Kleitou<\/td>\n<td>Periklis Kleitou, Sian Rees, Ioannis Savva, Leda L. Cai, Jason M. Hall-Spencer, Louis Hadjioannou, Niki Chartosia, Ioannis Giovos, Carlos Jimenez, Demetris Kletou<\/td>\n<\/tr>\n<tr>\n<td width=\"24\">36<\/td>\n<td>Diet composition of the invasive lionfish Pterois miles (J. W. Bennett, 1828) (Scorpaeniformes: Scorpaenidae) in the sea of Cyprus.<\/td>\n<td>Niki Chartosia<\/td>\n<td>Niki Chartosia, Christina Michail, Anneta Pyle, Periklis Kleitou, Demetris Kletou<\/td>\n<\/tr>\n<tr>\n<td width=\"24\">37<\/td>\n<td>Resilience of Posidonia oceanica populations to thermal stress in a Mediterranean-scale translocation experiment<\/td>\n<td>Demetris Kletou<\/td>\n<td>Demetris Kletou, Scott Bennett, Teresa Alcoverro, Jordi Boada, Xavier Bu\u00f1uel Moreno, Lidia Cucala, Gabriel Jorda, Periklis Kleitou, Ioannis Savva, Guillem Roca, Julia Santana-Garcon, Adriana Verg\u00e9s, N\u00faria Marb\u00e0<\/td>\n<\/tr>\n<tr>\n<td width=\"24\">38<\/td>\n<td>Association of scientists and fishermen network<\/td>\n<td>Monica Demetriou<\/td>\n<td>Georgios Nikolaidis, Monica Demetriou, Stavros Stylianou, Marios Papageorgiou<\/td>\n<\/tr>\n<tr>\n<td width=\"24\">39<\/td>\n<td>Establishing baseline assessment levels for monitoring coastal heavy metals using foraminiferal shells: A case study from the Southeastern Mediterranean<\/td>\n<td>Sigal Abramovich<\/td>\n<td>Lin Hoober, Danna Titelboim, Sigal Abramovich, Barak Herut, Nadya Teutsch, Tal Benaltabet, Adi Torfstein<\/td>\n<\/tr>\n<\/tbody>\n<\/table>\n<p>[\/et_pb_text][\/et_pb_column][\/et_pb_row][\/et_pb_section]<\/p>\n","protected":false},"excerpt":{"rendered":"<p># TITLE PRESENTERS AUTHORS 1 Cyprus Database of Alien Species (CyDAS) as a portal for raising awareness and information for Citizen Scientists Paraskevi Karachle Paraskevi Karachle, Louis Hadjioannou, Niki Chartosia, Angeliki Martinou 2 Accounting for functional connectivity in cross-realm conservation planning in a data poor context: the Cyprus case Stalo Leontiou Stalo Leontiou, Ioannis Vogiatzakis, [&hellip;]<\/p>\n","protected":false},"author":3,"featured_media":0,"parent":0,"menu_order":0,"comment_status":"closed","ping_status":"closed","template":"","meta":{"_et_pb_use_builder":"on","_et_pb_old_content":"","_et_gb_content_width":""},"_links":{"self":[{"href":"https:\/\/cyprusconferences.org\/thalassa2022\/wp-json\/wp\/v2\/pages\/1027"}],"collection":[{"href":"https:\/\/cyprusconferences.org\/thalassa2022\/wp-json\/wp\/v2\/pages"}],"about":[{"href":"https:\/\/cyprusconferences.org\/thalassa2022\/wp-json\/wp\/v2\/types\/page"}],"author":[{"embeddable":true,"href":"https:\/\/cyprusconferences.org\/thalassa2022\/wp-json\/wp\/v2\/users\/3"}],"replies":[{"embeddable":true,"href":"https:\/\/cyprusconferences.org\/thalassa2022\/wp-json\/wp\/v2\/comments?post=1027"}],"version-history":[{"count":5,"href":"https:\/\/cyprusconferences.org\/thalassa2022\/wp-json\/wp\/v2\/pages\/1027\/revisions"}],"predecessor-version":[{"id":1041,"href":"https:\/\/cyprusconferences.org\/thalassa2022\/wp-json\/wp\/v2\/pages\/1027\/revisions\/1041"}],"wp:attachment":[{"href":"https:\/\/cyprusconferences.org\/thalassa2022\/wp-json\/wp\/v2\/media?parent=1027"}],"curies":[{"name":"wp","href":"https:\/\/api.w.org\/{rel}","templated":true}]}}